{"id":156,"date":"2018-01-23T10:53:20","date_gmt":"2018-01-23T09:53:20","guid":{"rendered":"http:\/\/castingtalents.tv\/?page_id=156"},"modified":"2018-10-10T11:22:41","modified_gmt":"2018-10-10T09:22:41","slug":"m-eletronics","status":"publish","type":"page","link":"https:\/\/castingtalents.tv\/de\/m-eletronics\/","title":{"rendered":"M-Eletronics"},"content":{"rendered":"<p id=\"yui_3_17_2_6_1414869901267_47205\"><strong>M-ELECTRONICS TV-Spot<\/strong><\/p>\n<p>Director: Bj\u00f6rn R\u00fchrmann<br \/>\nCasting Director: Aur\u00e9lia Marine (Casting in London und in der Schweiz)<\/p>\n<p><a href=\"https:\/\/www.youtube.com\/watch?v=r52IMsliAvU\" target=\"_blank\" rel=\"noopener\">Link to commercial<\/a><\/p>\n<div class=\"embed-iframe\"><iframe loading=\"lazy\" width=\"840\" height=\"473\" src=\"https:\/\/www.youtube.com\/embed\/r52IMsliAvU?feature=oembed\" frameborder=\"0\" allow=\"autoplay; encrypted-media\" allowfullscreen><\/iframe><\/div>\n","protected":false},"excerpt":{"rendered":"<p>M-ELECTRONICS TV-Spot Director: Bj\u00f6rn R\u00fchrmann Casting Director: Aur\u00e9lia Marine (Casting in London und in der Schweiz) Link to commercial<\/p>\n","protected":false},"author":1,"featured_media":2728,"parent":0,"menu_order":0,"comment_status":"closed","ping_status":"closed","template":"","meta":{"_acf_changed":false,"footnotes":""},"class_list":["post-156","page","type-page","status-publish","has-post-thumbnail","hentry"],"acf":[],"_links":{"self":[{"href":"https:\/\/castingtalents.tv\/de\/wp-json\/wp\/v2\/pages\/156\/"}],"collection":[{"href":"https:\/\/castingtalents.tv\/de\/wp-json\/wp\/v2\/pages\/"}],"about":[{"href":"https:\/\/castingtalents.tv\/de\/wp-json\/wp\/v2\/types\/page\/"}],"author":[{"embeddable":true,"href":"https:\/\/castingtalents.tv\/de\/wp-json\/wp\/v2\/users\/1\/"}],"replies":[{"embeddable":true,"href":"https:\/\/castingtalents.tv\/de\/wp-json\/wp\/v2\/comments\/?post=156"}],"version-history":[{"count":6,"href":"https:\/\/castingtalents.tv\/de\/wp-json\/wp\/v2\/pages\/156\/revisions\/"}],"predecessor-version":[{"id":942,"href":"https:\/\/castingtalents.tv\/de\/wp-json\/wp\/v2\/pages\/156\/revisions\/942\/"}],"wp:featuredmedia":[{"embeddable":true,"href":"https:\/\/castingtalents.tv\/de\/wp-json\/wp\/v2\/media\/2728\/"}],"wp:attachment":[{"href":"https:\/\/castingtalents.tv\/de\/wp-json\/wp\/v2\/media\/?parent=156"}],"curies":[{"name":"wp","href":"https:\/\/api.w.org\/{rel}","templated":true}]}}