{"id":15729,"date":"2022-03-24T13:14:43","date_gmt":"2022-03-24T12:14:43","guid":{"rendered":"https:\/\/castingtalents.tv\/?page_id=15729"},"modified":"2023-01-25T13:16:37","modified_gmt":"2023-01-25T12:16:37","slug":"coaching-workshops","status":"publish","type":"page","link":"https:\/\/castingtalents.tv\/de\/coaching-workshops\/","title":{"rendered":"Coaching &#038; Workshops"},"content":{"rendered":"<div><strong>Kurs 1<\/strong><\/div>\n<div>Falls Du denCasting-Prozess verstehen und Deine Chancen erh\u00f6hen m\u00f6chtest, neue Inputs und Wissen \u00fcber die Industrie, den Markt und neuen Elan gewinnen m\u00f6chtest, ist der Kurs 1 ideal.<\/div>\n<div><\/div>\n<div>Wir werden vertieft die Prozesse anschauen und erkl\u00e4ren und mehrere Casting-Szenarien anschauen um Dir mehr Klarheit und Selbstvertrauen zu geben wie man ein Casting angeht, auf was man achten soll, was erwartet wird und wie man sich vorbereit.<\/div>\n<div><\/div>\n<div><\/div>\n<div><strong>Kurs 2<\/strong><\/div>\n<div>Falls Du Tipps und Tricks zu Themen wie Minimal Acting, Casting, Self-Tapes, Networking, Do&#8217;s and Don&#8217;ts \u00a0beim Casting und am Set \u00fcben m\u00f6chtest mit der Einzelarbeit an einer Szene Deiner Wahl oder des Casting Directors, ist der Kurs 2 ideal.<\/div>\n<div>Der Kurs 2 eignet sich, wenn Du Fortschritte machen m\u00f6chtest und spezifisch an deiner Performance-Qualit\u00e4t weiterarbeiten m\u00f6chtest w\u00e4hrend des Casting-Prozesses, sowie an Dreh, sei es in der Schweiz oder international.<\/div>\n<div>Wir arbeiten w\u00e4hrend dem Workshop Teil 2 im Austausch um Dich weiter zu bringen!<\/div>\n<div><\/div>\n<div>Die Pl\u00e4tze sind limitiert!<\/div>\n<p>&nbsp;<\/p>\n<div><strong>Warum machen wir das?<\/strong><\/div>\n<div>Erfolg als Schauspieler ist nicht eine Frage des Talents, sondern auch ein grosser Test des Ausdauers und Selbstvertrauen. Wir sind der Meinung, dass es keinen besseren Weg gibt, diese Dinge zu entwickeln, als in einem gemeinschaftlichen, unterst\u00fctzenden Umfeld.<\/div>\n<p>&nbsp;<\/p>\n<div>________________________________________________________________________________________________________<\/div>\n<div>\n<h2><strong>CASTING \/ ACTING KURS 1<br \/>\n<\/strong><\/h2>\n<p>&nbsp;<\/p>\n<div><strong>Inhalt Kurs 1:<\/strong><\/div>\n<div>\n<ul>\n<li>\n<div>Samstag, 11. Februar 2023 von 10.00 Uhr \u2013 13.15 Uhr (Deutsch)<\/div>\n<\/li>\n<li>\n<div>Samstag, 25. Februar 2023 von 10.00 Uhr \u2013 13.15 Uhr (Deutsch)<\/div>\n<\/li>\n<li>\n<div>Wednesday, 8th February 2023 from 18.00 &#8211; 21.15 PM (English)<\/div>\n<\/li>\n<\/ul>\n<\/div>\n<div>Sprache: Deutsch.<\/div>\n<ul type=\"disc\">\n<li>\n<div>Intro \/ Begr\u00fcssung.<\/div>\n<\/li>\n<li>\n<div>Deine Visitenkarte: Wie pr\u00e4sentiere ich mich optimal? Was sind die wichtigen Tools und Kriterien?<\/div>\n<\/li>\n<li>\n<div>Der Schweizer- und internationale Casting-Markt und das Potenzial.\u00a0(Erkl\u00e4rung)<\/div>\n<\/li>\n<li>\n<div>Wo und wie kann ich mich positionieren? (Erkl\u00e4rung).<\/div>\n<\/li>\n<li>\n<div>Deine Chancen an Castings erh\u00f6hen \/ Briefing oder Script verstehen<\/div>\n<\/li>\n<li>\n<div>was wird an einem Casting erwartet?<\/div>\n<\/li>\n<li>\n<div>Wie bereite ich mich optimal f\u00fcr ein Casting vor?<\/div>\n<\/li>\n<li>\n<div>Wie f\u00fchre ich das E-Castings richtig aus. Do\u2019s &amp; Dont\u2019s.<\/div>\n<\/li>\n<li>\n<div>Wie nimmt man ein E-Casting richtig auf \/ Wie mit und vor der Kamera interagieren \/ Was soll beim Casting genau eingereicht werden?<\/div>\n<\/li>\n<li>\n<div>Insights in die Casting-Prozesse f\u00fcr mehr Verst\u00e4ndnis und Vorbereitung!<\/div>\n<\/li>\n<li>\n<div>Entmystifizierung des Casting-Prozesses<\/div>\n<\/li>\n<li>\n<div>Offenes Forum mit Fragen und Antworten Q &amp; A<\/div>\n<\/li>\n<\/ul>\n<div><\/div>\n<div><strong>KEY WORDS:\u00a0<\/strong> \u00a0 <strong>Motivation, Inspiration, Wissen, neuer Tatendrang, Film, Erwartung, Acting &amp; Casting, Austausch.<\/strong><\/div>\n<\/div>\n<div><\/div>\n<pre><\/pre>\n<div>\n<div><strong>WO:\u00a0 \u00a0 \u00a0 \u00a0 \u00a0 \u00a0 \u00a0 \u00a0 \u00a0 \u00a0 \u00a0 \u00a0 \u00a0 \u00a0 \u00a0 \u00a0 \u00a0 \u00a0 \u00a0 \u00a0 \u00a0 \u00a0 \u00a0 \u00a0 \u00a0 \u00a0 \u00a0 \u00a0\u00a0<\/strong> \u00a0 Via Zoom.<\/div>\n<div><\/div>\n<div><strong>KOSTEN:\u00a0\u00a0\u00a0\u00a0<\/strong> \u00a0\u00a0\u00a0\u00a0\u00a0\u00a0\u00a0\u00a0\u00a0\u00a0\u00a0\u00a0\u00a0\u00a0\u00a0\u00a0\u00a0\u00a0\u00a0\u00a0\u00a0\u00a0\u00a0\u00a0\u00a0\u00a0\u00a0\u00a0\u00a0\u00a0\u00a0\u00a0\u00a0\u00a0\u00a0\u00a0\u00a0\u00a0\u00a0\u00a0\u00a0\u00a0\u00a0\u00a0\u00a0 \u00a0 \u00a0 Kurs 1: CHF 95.00<\/div>\n<div>\u00a0\u00a0\u00a0\u00a0\u00a0\u00a0\u00a0\u00a0\u00a0\u00a0\u00a0\u00a0\u00a0\u00a0\u00a0\u00a0\u00a0\u00a0\u00a0\u00a0\u00a0\u00a0\u00a0\u00a0\u00a0\u00a0\u00a0\u00a0\u00a0\u00a0\u00a0\u00a0\u00a0\u00a0\u00a0\u00a0\u00a0\u00a0\u00a0\u00a0\u00a0\u00a0\u00a0\u00a0\u00a0\u00a0\u00a0\u00a0\u00a0\u00a0\u00a0\u00a0\u00a0\u00a0\u00a0\u00a0\u00a0\u00a0\u00a0\u00a0\u00a0\u00a0\u00a0\u00a0\u00a0\u00a0\u00a0\u00a0\u00a0\u00a0\u00a0 Early Birds \/ Anmeldung bis 30. Januar 2023: CHF 80.00<\/div>\n<div><\/div>\n<p><strong>LEVEL:\u00a0 \u00a0 \u00a0 \u00a0 \u00a0 \u00a0 \u00a0 \u00a0 \u00a0 \u00a0 \u00a0 \u00a0 \u00a0 \u00a0 \u00a0 \u00a0 \u00a0 \u00a0 \u00a0 \u00a0 \u00a0 \u00a0 \u00a0 \u00a0 \u00a0 \u00a0\u00a0 Anf\u00e4nger &#8211; Alle<\/strong><\/p>\n<\/div>\n<div>\n<div><strong>Bitte melde Dich mit folgendem Formular an:\u00a0<\/strong><a href=\"https:\/\/castingtalents.tv\/de\/workshop-teilnahme\/\">https:\/\/castingtalents.tv\/de\/workshop-teilnahme\/<\/a><\/div>\n<\/div>\n<div>________________________________________________________________________________________________________<\/div>\n<div><\/div>\n<div>\n<h2><strong>CASTING \/ ACTING WORKSHOP 2<br \/>\n<\/strong><\/h2>\n<\/div>\n<div><\/div>\n<div>\n<div><strong>Inhalt Workshop 2:<\/strong><\/div>\n<div>Samstag, 18. Februar 2023 von 9.00 Uhr \u2013 14.30 Uhr (5 Stunden Workshop, 30 Min Pause)<\/div>\n<ul>\n<li>\n<div>Sichtung von Headshots und Showreels. Feedback.<\/div>\n<\/li>\n<li>\n<div>Viertiefung: Wie man Casting Self-Tapes optimal aufnimmt \/ Wie mit und vor der Kamera interagieren \/ Was soll beim Casting genau eingereicht werden?<\/div>\n<\/li>\n<li>\n<div>Tipps &amp; Tricks mit\/ohne Regieanweisungen<\/div>\n<\/li>\n<li>\n<div>Coaching\/Workshop; Situationsanalyse, Deine Positionierung, Image und die n\u00e4chsten Schritte in der Schauspielerei \/ Karriere<\/div>\n<\/li>\n<li>\n<div>Sichtung der Szene, die zur Vorbereitung aufgenommen wurde.<\/div>\n<\/li>\n<li>\n<div>Wie nimmt man ein E-Casting richtig auf \/ Wie mit und vor der Kamera interagieren \/ Was soll beim Casting genau eingereicht werden? (vertieft)<\/div>\n<div><\/div>\n<\/li>\n<li>\n<div>Wie f\u00fchre ich das E-Castings richtig aus. Do\u2019s &amp; Dont\u2019s.\u00a0(vertieft)<\/div>\n<\/li>\n<li>\n<div>Entmystifizierung des Casting-Prozesses<\/div>\n<\/li>\n<li>\n<div>Individuelles Feedback vom Casting Director<\/div>\n<\/li>\n<li>\n<div>Tipps f\u00fcr Vorsprechen und Selbstaufnahmen<\/div>\n<\/li>\n<li>\n<div>Offenes Forum mit Fragen und Antworten<\/div>\n<\/li>\n<li>\n<div>Some extra secret inputs to unleash your creativity!<\/div>\n<\/li>\n<\/ul>\n<\/div>\n<div><\/div>\n<div>In dieser Sitzung wird Aur\u00e9lia Marine einige Tage zuvor zwei Briefings\/Szenen schicken, die wir dann zusammen im Workshop sichten werden. Die Schauspieler m\u00fcssen dann ihre Szene selbst aufnehmen und vor dem Workshop zur\u00fcckschicken.Wir werden die Entscheidungen untersuchen, die Sie bei einem Fernseh- oder Filmcasting getroffen werden. Aur\u00e9lia Marine wird Dir anhand deiner Aufnahmen direkt Feedback und Ratschl\u00e4ge geben sowie erkl\u00e4ren wie man am besten an das Vorsprechmaterial herangeht. Am Ende des Workshops, werden wir eine informelle Frage- und Antwortrunde durchf\u00fchren.<\/div>\n<div><\/div>\n<div><\/div>\n<div>\n<div>________________________________________________________________________________________________________<\/div>\n<div><\/div>\n<div>\n<h2><strong>CASTING \/ ACTING COACHING<br \/>\n<\/strong><\/h2>\n<\/div>\n<\/div>\n<div>\n<div>One-to-one oder in max. 4er Gruppe.<\/div>\n<div><\/div>\n<div>Wenn Du eine Karriereberatung suchst, werden wir versuchen Dir dabei zu helfen Deine Ziele zu erreichen und Dich pers\u00f6nlich schauspielerisch weiterzubringen. In diesem Workshops geht es um Dich, deshalb bitten wir dich, uns Deine W\u00fcnsche mitzuteilen.<\/div>\n<\/div>\n<div>\n<ul>\n<li>Pers\u00f6nliche Entwicklung: Singularit\u00e4t\/Authentizit\u00e4t ausarbeiten,=&gt; Wie kann ich mich von der Masse abheben?<\/li>\n<li>Potenzial und Image ausarbeiten<\/li>\n<li>Intensive Vorbereitung auf Casting und Rollen<\/li>\n<li>Die n\u00e4chsten Schritte in deiner Schauspiel-Karriere<\/li>\n<li>Individuelles und intensives Acting Workshop auf deine Bed\u00fcrfnisse und deinem Level angepasst.<\/li>\n<\/ul>\n<p>Falls Du daran interessiert bist, melde Dich direkt hier mit deinem Anliegen: aurelia@castingtalents.tv<\/p>\n<\/div>\n<div><\/div>\n<div>________________________________________________________________________________________________________<\/div>\n<div>________________________________________________________________________________________________________<\/div>\n<div><\/div>\n<div>\n<h2><strong>Zur Kursleiterin \/\/ Kurz-Biografie:<\/strong><\/h2>\n<div><\/div>\n<div><em>Aur\u00e9lia Marine wurde in Paris geboren und wuchs in der Schweiz auf. Als Tochter eines franz\u00f6sischen Regisseurs und einer Kunstmalerin begann Aur\u00e9lia Marine fr\u00fch ihre Karriere in der visuellen Welt, was sie 2012 nach London f\u00fchrte.<\/em><\/div>\n<div><em>Dort arbeitete sie mit namhaften Schauspiel-Professoren, Award &amp; Oscar-winning Regissseure &amp; Produzenten und nahm an mehreren Schauspiel-Workshops teil, wie zum Beispiel bei Giles Foreman, Centre of Acting, London.<\/em><\/div>\n<div><em>Weiter castete Aur\u00e9lia Marine f\u00fcr Paolo Sorrentino\u2019s Spielfilm \u00abYouth\u00bb (Featured Extras), bei Pinewood Studios f\u00fcr eine der gr\u00f6ssten Castingagenturen in England\/Ireland, f\u00fcr welche sie erfolgreich Schauspieler und Schauspielerinnen f\u00fcr Spielfilme und TV-Kampagnen buchte, sowie f\u00fcr Jean-Pierre Jeunet\u2019s\u00a0\u00a0(bekannt f\u00fcr den Film \u00abAm\u00e9lie\u00bb) MARRIOTT TV-Spot als eine der Casting Direktorinnen \u2013 dies um nur einige ihrer Kollaborationen zu nennen.<\/em><\/div>\n<div><em>Mit zwei Kurzfilm Castings hat Aur\u00e9lia Marine auch bereits zwei Preise geschrieben (Pardini d\u2019oro 2020, Locarno, Best Short Film, Casting Director: Aur\u00e9lia Marine \/\/ MARGAM, Short Film, Won Best Actor @ Sunlight International Film Festival, 2016, Casting Director: Aur\u00e9lia Marine).<\/em><\/div>\n<\/div>\n<div><\/div>\n<pre><\/pre>\n<div>Hier findest Du einen Artikel-Ausschnitt \u00fcber uns im letzten CASTMag Deutschland: <a href=\"https:\/\/castingtalents.tv\/press\/\">https:\/\/castingtalents.tv\/press\/<\/a><\/div>\n<div><\/div>\n","protected":false},"excerpt":{"rendered":"<p>Kurs 1 Falls Du denCasting-Prozess verstehen und Deine Chancen erh\u00f6hen m\u00f6chtest, neue Inputs und Wissen \u00fcber die Industrie, den Markt und neuen Elan gewinnen m\u00f6chtest, ist der Kurs 1 ideal. Wir werden vertieft die Prozesse anschauen und erkl\u00e4ren und mehrere Casting-Szenarien anschauen um Dir mehr Klarheit und Selbstvertrauen zu geben wie man ein Casting angeht,<a href=\"https:\/\/castingtalents.tv\/de\/coaching-workshops\/\" class=\"btn btn-primary btn-sm more-link\">Continue reading<span class=\"screen-reader-text\"> &#8222;Coaching &#038; Workshops&#8220;<\/span><\/a><\/p>\n","protected":false},"author":2,"featured_media":0,"parent":0,"menu_order":0,"comment_status":"closed","ping_status":"closed","template":"","meta":{"_acf_changed":false,"footnotes":""},"class_list":["post-15729","page","type-page","status-publish","hentry"],"acf":[],"_links":{"self":[{"href":"https:\/\/castingtalents.tv\/de\/wp-json\/wp\/v2\/pages\/15729\/"}],"collection":[{"href":"https:\/\/castingtalents.tv\/de\/wp-json\/wp\/v2\/pages\/"}],"about":[{"href":"https:\/\/castingtalents.tv\/de\/wp-json\/wp\/v2\/types\/page\/"}],"author":[{"embeddable":true,"href":"https:\/\/castingtalents.tv\/de\/wp-json\/wp\/v2\/users\/2\/"}],"replies":[{"embeddable":true,"href":"https:\/\/castingtalents.tv\/de\/wp-json\/wp\/v2\/comments\/?post=15729"}],"version-history":[{"count":31,"href":"https:\/\/castingtalents.tv\/de\/wp-json\/wp\/v2\/pages\/15729\/revisions\/"}],"predecessor-version":[{"id":24151,"href":"https:\/\/castingtalents.tv\/de\/wp-json\/wp\/v2\/pages\/15729\/revisions\/24151\/"}],"wp:attachment":[{"href":"https:\/\/castingtalents.tv\/de\/wp-json\/wp\/v2\/media\/?parent=15729"}],"curies":[{"name":"wp","href":"https:\/\/api.w.org\/{rel}","templated":true}]}}