{"id":20103,"date":"2022-07-12T16:31:09","date_gmt":"2022-07-12T14:31:09","guid":{"rendered":"https:\/\/castingtalents.tv\/?page_id=20103"},"modified":"2022-07-15T13:15:12","modified_gmt":"2022-07-15T11:15:12","slug":"e-casting-anleitung-natur-tv-spot-schweizer-lebensmittelhandel","status":"publish","type":"page","link":"https:\/\/castingtalents.tv\/de\/e-casting-anleitung-natur-tv-spot-schweizer-lebensmittelhandel\/","title":{"rendered":"E-Casting Anleitung Natur-Kinder | TV-Spot Schweizer Lebensmittelhandel"},"content":{"rendered":"<p><strong>Willkommen beim Casting Natur-Kinder | TV-Spot Schweizer Lebensmittelhandel.<\/strong><\/p>\n<p>Du findest hier alle Informationen zur Einreichung. Bitte beachte, dass wir aufgrund von hohem R\u00fccklauf nur vollst\u00e4ndige Bewerbungen ber\u00fccksichtigen k\u00f6nnen.<\/p>\n<p>Falls die Einreichung vollst\u00e4ndig bet\u00e4tigt wurde, erh\u00e4lst du dementsprechend beim Entscheid eine Zu- oder Absage.<\/p>\n<p><strong>Dein E-Casting brauchen wir bis sp\u00e4testens Donnerstag, 21. Juli 2022. Jedoch ist eine fr\u00fchzeitige Einreichung von Vorteil, da wir fortlaufend selektieren!<\/strong><\/p>\n<p>Bitte lese alles sorgf\u00e4ltig durch bevor Du beginnst.<\/p>\n<p>________________________________________________________________________________________________________________________________<\/p>\n<p><strong>E-Casting Anleitung\u00a0in 3 Schritten:<\/strong><\/p>\n<ol>\n<li><strong><u>FOTOS<\/u><\/strong><\/li>\n<\/ol>\n<p>Bitte stelle Dich vor einer<strong> weissen Wand, in gutem Tageslicht<\/strong>. Die Bilder k\u00f6nnen mit einem Handy fotografiert sein. Bitte darauf achten, dass die Bilder scharf sind (bitte keine Selfies oder Filter!) <strong>Wir k\u00f6nnen nur aktuelle und sauber fotografierte Bilder ber\u00fccksichtigen.<\/strong><\/p>\n<p><strong>Folgende Bilder ben\u00f6tigen wir:<\/strong> 1 Portraitbild lachend (frontal fotografiert), 2 Profilbilder (beide Profile), 1 Ganzk\u00f6rperbild.<\/p>\n<p>Gerne auch 2-3 Bilder wie Du in der Natur spielst \/ Auf B\u00e4ume kletterst \/ mit Tieren spielst, etc.<\/p>\n<p>________________________________________________________________________________________________________________________________<\/p>\n<p>2. <strong><u>ANLEITUNG ZUR VIDEO-AUFNAHME:<\/u><\/strong><\/p>\n<p><strong>Kamera-Einstellung\/Vorbereitung:<\/strong><\/p>\n<p>Die Kamera oder das Handy sollte von einer ruhigen Hand gehalten werden, im Cinema\/Landscape-Format (<strong>Bitte NICHT im Hochformat\/Selfie-Format!)<\/strong> Einmal in einer <strong>Halbnahen-Einstellung (Die Gesichtsausdr\u00fccke sollen klar erkennbar sein in der Aufnahme)<\/strong> und einmal in einder weiten Einstellung, in der man mehr vom Umfeld sieht.<\/p>\n<p><em>Bitte nimm die Aufnahmen so gut wie m\u00f6glich in einem Mal ohne Aufnahmestop auf .<\/em><\/p>\n<p><em>Das Video darf auch zusammen geschnitten werden. Es ist wichtig, dass deine Einreichung am Schluss nur aus\u00a0 max. 2-3 Videos besteht und nicht aus vielen Videos (das w\u00fcrde uns sehr helfen !).<\/em><\/p>\n<p>________________________________________________________________________________________________________________________________<\/p>\n<p><strong>Outfit: <\/strong>Trage kurze Hosen &amp; ein T-shirt \/ oder ein Sommerkleid. Am besten Barfuss.<\/p>\n<p><strong>2a. Bitte starte die Videoaufnahme mit einer kurzen Vorstellung von Dir.<br \/>\n<\/strong><\/p>\n<p>=&gt; Bitte Vorname, Nachname, Gr\u00f6sse, Alter, Wohnort.<\/p>\n<p>=&gt; Bitte zeige kurze deine H\u00e4nde; Vor- und R\u00fcckh\u00e4nde (am besten kurz vor dem Gesicht halten) und dann dein Profil.<\/p>\n<p>&nbsp;<\/p>\n<p><strong>2b. Zeig uns was du drauf hast!<br \/>\n<\/strong><\/p>\n<p><strong>Aufnahmen: Gerne m\u00f6chten wir Dich sehen wie Du in der Natur spielst und was Du alles kannst\/erlebst.<br \/>\n<\/strong><\/p>\n<p><strong>Hier einige Ideen:<\/strong> Klettere auf einen Baum, beobachte Insekten, plantsche im Wasser oder einer Pf\u00fctze, Spritze deine Eltern mit dem Gartenschlauch an, Heule wie ein Wolf, strecke die Zunge in die Kamera, spiel mit deinem Freund oder Geschwister Fangen, schiesse mit einer Steinschleuder in den See, renne durch eine hohe Blumenwiese, oder erfinde was eigenes &#8211; es muss aber draussen in der Natur sein! Das sind nur ein paar Ideen, bitte mach das was am meisten zu dir passt und wo du dich wohl f\u00fchlst.<\/p>\n<p><strong>Wichtig:<\/strong> Alles was Du machst soll authentisch und nat\u00fcrlich sein. K\u00fcmmere dich nicht darum, dass Du gefilmt wirst. Mach das was Dir Spass macht! Wir m\u00f6chten sehen, dass Du ein naturverbundenes Kind bist und keine Ber\u00fchrungs\u00e4ngste hast mit der Natur und Abenteuer. Das Video sollte nicht l\u00e4nger als 5 Minuten sein.<\/p>\n<p><strong>Es ist keine Sprechrolle.<\/strong><\/p>\n<p>________________________________________________________________________________________________________________________________<\/p>\n<p><strong>2c. Bitte lade Deine 2-3 Video(s) und Deine Bilder in unseren Dropbox Ordner (Link unten) hoch und f\u00fclle das Casting Sheet aus!<\/strong><\/p>\n<p>Bitte klicke hier auf <a href=\"https:\/\/www.dropbox.com\/request\/UfvPIEArkJqIlKtGTXSf?oref=e\"><strong>Dropbox Ordner<\/strong><\/a> und lade das\/die Video(s) und die oben erw\u00e4hnten Bilder hoch.<\/p>\n<p>________________________________________________________________________________________________________________________________<\/p>\n<ol start=\"3\">\n<li><strong><u> CASTING SHEET: Bitte\u00a0f\u00fclle Dein E-Casting Sheet mit folgendem online Formular aus:<\/u><\/strong><\/li>\n<\/ol>\n<p>Casting Sheet: <a href=\"https:\/\/castingtalents.tv\/de\/casting-sheet-natur-kinder-cast\/\">https:\/\/castingtalents.tv\/de\/casting-sheet-natur-kinder-cast\/<\/a><\/p>\n<p><strong>Wichtig:<\/strong> Deine Einreichung kann nur ber\u00fccksichtigt werden, wenn du das Casting Sheet vollst\u00e4ndig ausgef\u00fcllt hast.<\/p>\n<p>________________________________________________________________________________________________________________________________<\/p>\n<p><strong>Geschafft!<\/strong><\/p>\n<p><strong>Wir freuen uns auf Deine Bewerbung! <\/strong><\/p>\n<p>Vielen Dank !<\/p>\n<p>Aur\u00e9lia &amp; Team | CastingTalents.tv<\/p>\n<p><strong>\u00a0<\/strong><\/p>\n","protected":false},"excerpt":{"rendered":"<p>Willkommen beim Casting Natur-Kinder | TV-Spot Schweizer Lebensmittelhandel. Du findest hier alle Informationen zur Einreichung. Bitte beachte, dass wir aufgrund von hohem R\u00fccklauf nur vollst\u00e4ndige Bewerbungen ber\u00fccksichtigen k\u00f6nnen. Falls die Einreichung vollst\u00e4ndig bet\u00e4tigt wurde, erh\u00e4lst du dementsprechend beim Entscheid eine Zu- oder Absage. Dein E-Casting brauchen wir bis sp\u00e4testens Donnerstag, 21. Juli 2022. Jedoch ist<a href=\"https:\/\/castingtalents.tv\/de\/e-casting-anleitung-natur-tv-spot-schweizer-lebensmittelhandel\/\" class=\"btn btn-primary btn-sm more-link\">Continue reading<span class=\"screen-reader-text\"> &#8222;E-Casting Anleitung Natur-Kinder | TV-Spot Schweizer Lebensmittelhandel&#8220;<\/span><\/a><\/p>\n","protected":false},"author":2,"featured_media":0,"parent":0,"menu_order":0,"comment_status":"closed","ping_status":"closed","template":"","meta":{"_acf_changed":false,"footnotes":""},"class_list":["post-20103","page","type-page","status-publish","hentry"],"acf":[],"_links":{"self":[{"href":"https:\/\/castingtalents.tv\/de\/wp-json\/wp\/v2\/pages\/20103\/"}],"collection":[{"href":"https:\/\/castingtalents.tv\/de\/wp-json\/wp\/v2\/pages\/"}],"about":[{"href":"https:\/\/castingtalents.tv\/de\/wp-json\/wp\/v2\/types\/page\/"}],"author":[{"embeddable":true,"href":"https:\/\/castingtalents.tv\/de\/wp-json\/wp\/v2\/users\/2\/"}],"replies":[{"embeddable":true,"href":"https:\/\/castingtalents.tv\/de\/wp-json\/wp\/v2\/comments\/?post=20103"}],"version-history":[{"count":41,"href":"https:\/\/castingtalents.tv\/de\/wp-json\/wp\/v2\/pages\/20103\/revisions\/"}],"predecessor-version":[{"id":20264,"href":"https:\/\/castingtalents.tv\/de\/wp-json\/wp\/v2\/pages\/20103\/revisions\/20264\/"}],"wp:attachment":[{"href":"https:\/\/castingtalents.tv\/de\/wp-json\/wp\/v2\/media\/?parent=20103"}],"curies":[{"name":"wp","href":"https:\/\/api.w.org\/{rel}","templated":true}]}}