{"id":24155,"date":"2023-01-25T14:42:02","date_gmt":"2023-01-25T13:42:02","guid":{"rendered":"https:\/\/castingtalents.tv\/?page_id=24155"},"modified":"2026-02-17T13:08:31","modified_gmt":"2026-02-17T12:08:31","slug":"coaching-workshops-2","status":"publish","type":"page","link":"https:\/\/castingtalents.tv\/de\/coaching-workshops-2\/","title":{"rendered":"Coaching &#038; Workshops"},"content":{"rendered":"<p><strong>KURSE, WORKSHOPS &amp; COACHING.<\/strong><\/p>\n<p><a href=\"https:\/\/castingtalents.tv\/coaching-workshops\/\">For English, please click here<\/a><\/p>\n<p>HIER FINDEST DU UNSERE BRANDNEUEN, WORKSHOPS UND COACHINGS.<\/p>\n<p>Bist Du an einem unserer Workshops interessiert aber die Daten passen nicht? Dann kannst Du dich unverbindlich auf die Warteliste setzen. Schreibe uns eine Mail an oder buche ein Privat-Coaching: coaching@castingtalents.tv<\/p>\n<div>\n<div>\n<div>\n<div><\/div>\n<\/div>\n<\/div>\n<\/div>\n<div>___________________________________________________________________________________________________________________________<\/div>\n<p>&nbsp;<\/p>\n<h2><strong>ACTING &amp; CAREER COACHINGS<\/strong><\/h2>\n<div>\n<hr \/>\n<h3><\/h3>\n<h3><strong>Deep Dive 30-Minuten Talent Review | Spotlight-Session<\/strong><\/h3>\n<p>F\u00fcr aufstrebende Schauspieler:innen, die ihre Pr\u00e4senz pr\u00e4zise verfeinern m\u00f6chten.<\/p>\n<p><strong>Diese fokussierte 30-min\u00fctige Coaching-Session dient der gezielten Analyse<\/strong> deines bestehenden Materials \u2013 von Casting-Selftapes und Showreels bis hin zu Monologen. Du erh\u00e4ltst <strong>pers\u00f6nliches Feedback von Casting Direktorin Aur\u00e9lia Marine, nuancierte Spielanweisungen und \u00e4sthetische Impulse<\/strong>, um deine Ausdruckskraft vor der Kamera gezielt zu sch\u00e4rfen. Gemeinsam erkunden wir, was bereits wirkt, was sich entfalten m\u00f6chte und was durch einfache Tipps verbessern l\u00e4sst sowie durch feine Justierung an Tiefe und Klarheit gewinnen kann.<\/p>\n<p>Eine Session, die dich dabei unterst\u00fctzt, deine n\u00e4chsten Schritte bewusst zu gestalten \u2013 und dein Talent mit mehr <strong>Sichtbarkeit und authentischer Wirkung<\/strong> in Szene zu setzen.<\/p>\n<p><strong>CHF 80\u2013 \/\/ 30-Minuten Privat-Session<\/strong><\/p>\n<h3><!-- notionvc: 912a2f73-3e36-43db-85db-df0936e3139e --><\/h3>\n<h3>Schreibe uns hier: <a href=\"mailto:coaching@castingtalents.tv\" target=\"_blank\" rel=\"noopener\">Anfrage Spotlight-Session<\/a><\/h3>\n<div>___________________________________________________________________________________________________________________________<\/div>\n<p>&nbsp;<\/p>\n<h2><strong>1:1 &#8211; Coachings<\/strong><\/h2>\n<p><strong>Generell<\/strong>: Wir erstellen ein individuelles Coaching, massgeschneidert auf Deine Ziele und den gew\u00fcnschten Zeitrahmen in welchem Du Deine Ziele erreichen m\u00f6chtest.<\/p>\n<p><strong>Vorgang<\/strong>: Zun\u00e4chst evaluieren wir Deinen aktuellen Stand und Dein schauspielerisches Talent anhand von bestehendem Sichtungsmaterial. Alternativ kannst Du f\u00fcr eine pr\u00e4zise Einsch\u00e4tzung auch etwas Neues vorbereiten \u2013 etwa eine selbst gew\u00e4hlte Rolle oder einen Monolog.<\/p>\n<p>Vor unserem Coaching-Meeting erh\u00e4ltst Du einen kurzen Fragebogen. Deine Antworten geben mir einen guten Einblick in Deinen Stand und Deine Ziele, sowie wer Du bist und was Deine Schw\u00e4chen und St\u00e4rken sind auf denen wir aufbauen k\u00f6nnen.<\/p>\n<p>Basierend auf diesen Informationen und dem Sichtungsmaterial, das ich vorab analysiere, besprechen wir im ersten Meeting Deinen aktuellen Stand (technisch\/k\u00fcnstlerisch). Wir erarbeiten, was Du f\u00fcr eine optimale Pr\u00e4sentation (Stand out) ben\u00f6tigst und definieren die n\u00e4chsten Schritte zur Erreichung Deiner Ziele.<\/p>\n<p>Wir betrachten Deine Entwicklung sowohl k\u00fcnstlerisch als auch strategisch. Dabei evaluieren wir Dein Potenzial im Kontext des Marktes. Ich zeige Dir auf, in welchen M\u00e4rkten sich welche Chancen bieten und welche Wege m\u00f6glich sind.<\/p>\n<p>Es sind mehrere Coaching-Etappen und Packages verf\u00fcgbar.<\/p>\n<p><strong>Das Basis-Coaching<\/strong> umfasst die oben erw\u00e4hnte Evaluation sowie Einblicke in den Schweizer und internationalen Markt. Du erh\u00e4ltst zahlreiche Impulse und Antworten auf Deine Fragen.<\/p>\n<p><strong>Im intensiven Coaching<\/strong> lernst du nicht nur, wo Du stehst und wie Du dein Potenzial aussch\u00f6pfen kannst, sowie was Deine n\u00e4chsten Schritte sind, sondern auch wie du Emotionen in dir suchst, wie du diese gezielt einsetzt, und welche Du gezielt wegl\u00e4sst, um deinem Spiel Kraft zu geben. Ich begleite ich Dich zus\u00e4tzlich vertiefter k\u00fcnstlerisch und strategisch. Du kannst ein Package buchen oder jederzeit zus\u00e4tzliche Coaching-Stunden dazu buchen, wenn es Dir sinnvoll erscheint.<\/p>\n<p><strong>Ziel des Coachings:<\/strong><\/p>\n<p>Das Ziel des Coachings ist es, Dir eine klare Vision und neue M\u00f6glichkeiten zu vermitteln \u2013 mit dem geschulten Blick einer professionellen Casting-Direktorin, die in London und der Schweiz gearbeitet hat, sowie auch mit dem Feingef\u00fchl einer K\u00fcnstlerin. Dieses Coaching soll Dich konstruktiv weiterbringen, damit Du weisst Wo du stehst und was Deine n\u00e4chsten Schritte und M\u00f6glichkeiten sind.<\/p>\n<p>Durch eine pr\u00e4zise Einsch\u00e4tzung deines aktuellen Leistungsstands erkennen wir gemeinsam deine St\u00e4rken und Bereiche mit Entwicklungspotenzial. Diese professionelle Analyse bildet die Basis, um gezielt an deiner schauspielerischen Pr\u00e4senz und Authentizit\u00e4t zu arbeiten.<\/p>\n<p>Hier ein paar Eckpunkte.<\/p>\n<ul>\n<li>Ehrliche Selbsteinsch\u00e4tzung \/ Talent-Standortbestimmung<\/li>\n<li>strategische und k\u00fcnstlerische n\u00e4chste Schritte festlegen<\/li>\n<li>Solide Grundlage<\/li>\n<li>Ausrichten auf die eigenen Ziele<\/li>\n<li>Den authentischen Ausdruck finden, statt zu \u201eperformen\u201c<\/li>\n<li>Wie Grossz\u00fcgigkeit dein bestes Spiel herauskristallisiert.<\/li>\n<\/ul>\n<p>Schreib uns an: <a href=\"mailto:coaching@castingtalents.tv\">coaching@castingtalents.tv<\/a> um mehr Infos \u00fcber die M\u00f6glichkeiten und Coaching-Packages zu erfahren.<\/p>\n<p><!-- notionvc: d0663efd-4a12-45fd-b143-5d275d07df83 --><\/p>\n<\/div>\n<div><\/div>\n<div>_________________________________________________________________________________________________________________________________<\/div>\n<div>\n<p><strong>WICHTIG!<\/strong><\/p>\n<p>Aur\u00e9lia Marine&#8217;s Workshop f\u00fchrt Workshops mit ausschlie\u00dflich p\u00e4dagogischer Absicht durch. Unsere Workshops sind keine Vorstellungsgespr\u00e4che, und die Anwesenheit eines Branchenprofis, einschlie\u00dflich, aber nicht beschr\u00e4nkt auf: einen Produzenten, einen Regisseur oder einen Casting-Direktor, einen Mitarbeiter oder Vertreter, ist weder ein Versprechen noch eine Garantie f\u00fcr einen Job oder ein Vorsprechen.<\/p>\n<\/div>\n","protected":false},"excerpt":{"rendered":"<p>KURSE, WORKSHOPS &amp; COACHING. For English, please click here HIER FINDEST DU UNSERE BRANDNEUEN, WORKSHOPS UND COACHINGS. Bist Du an einem unserer Workshops interessiert aber die Daten passen nicht? Dann kannst Du dich unverbindlich auf die Warteliste setzen. Schreibe uns eine Mail an oder buche ein Privat-Coaching: coaching@castingtalents.tv ___________________________________________________________________________________________________________________________ &nbsp; ACTING &amp; CAREER COACHINGS Deep<a href=\"https:\/\/castingtalents.tv\/de\/coaching-workshops-2\/\" class=\"btn btn-primary btn-sm more-link\">Continue reading<span class=\"screen-reader-text\"> &#8222;Coaching &#038; Workshops&#8220;<\/span><\/a><\/p>\n","protected":false},"author":2,"featured_media":0,"parent":0,"menu_order":0,"comment_status":"closed","ping_status":"closed","template":"","meta":{"_acf_changed":false,"footnotes":""},"class_list":["post-24155","page","type-page","status-publish","hentry"],"acf":[],"_links":{"self":[{"href":"https:\/\/castingtalents.tv\/de\/wp-json\/wp\/v2\/pages\/24155\/"}],"collection":[{"href":"https:\/\/castingtalents.tv\/de\/wp-json\/wp\/v2\/pages\/"}],"about":[{"href":"https:\/\/castingtalents.tv\/de\/wp-json\/wp\/v2\/types\/page\/"}],"author":[{"embeddable":true,"href":"https:\/\/castingtalents.tv\/de\/wp-json\/wp\/v2\/users\/2\/"}],"replies":[{"embeddable":true,"href":"https:\/\/castingtalents.tv\/de\/wp-json\/wp\/v2\/comments\/?post=24155"}],"version-history":[{"count":181,"href":"https:\/\/castingtalents.tv\/de\/wp-json\/wp\/v2\/pages\/24155\/revisions\/"}],"predecessor-version":[{"id":38849,"href":"https:\/\/castingtalents.tv\/de\/wp-json\/wp\/v2\/pages\/24155\/revisions\/38849\/"}],"wp:attachment":[{"href":"https:\/\/castingtalents.tv\/de\/wp-json\/wp\/v2\/media\/?parent=24155"}],"curies":[{"name":"wp","href":"https:\/\/api.w.org\/{rel}","templated":true}]}}