{"id":29252,"date":"2023-12-28T10:43:07","date_gmt":"2023-12-28T09:43:07","guid":{"rendered":"https:\/\/castingtalents.tv\/?page_id=29252"},"modified":"2023-12-28T13:35:24","modified_gmt":"2023-12-28T12:35:24","slug":"casting-anleitung-axpo-kissing-couple","status":"publish","type":"page","link":"https:\/\/castingtalents.tv\/de\/casting-anleitung-axpo-kissing-couple\/","title":{"rendered":"Casting Anleitung &#8222;Kissing Couple&#8220;"},"content":{"rendered":"<h2><strong>E-Casting f\u00fcr den AXPO TV-Spot!<\/strong><\/h2>\n<p><strong>\u00a0<\/strong><\/p>\n<p>Du bist unter den Favoriten! Gratulation!<\/p>\n<p>Gerne m\u00f6chten wir Dich in die zweite Runde zum E-Casting f\u00fcr den AXPO TV-Spot einladen!<\/p>\n<p>Dein E-Casting brauchen wir\u00a0<strong>bis sp\u00e4testens:\u00a0<\/strong><strong><u>Montag, 1. Januar 2024!<br \/>\n<\/u><\/strong><\/p>\n<ul>\n<li><strong><u>Bitte best\u00e4tige uns kurz den Erhalt dieser Mail und dass Du uns dein E-Casting bis Montag schicken kannst.<\/u><\/strong><\/li>\n<\/ul>\n<p>&nbsp;<\/p>\n<p><strong>E-Casting Anleitung:<\/strong><\/p>\n<p>Bitte alles sorgf\u00e4ltig durchlesen bevor Du beginnst.<\/p>\n<p>&nbsp;<\/p>\n<ol>\n<li><strong><u> VIDEO-AUFNAHME:<\/u><\/strong><\/li>\n<\/ol>\n<p><strong>Kamera-Einstellung\/Vorbereitung:<\/strong><\/p>\n<p><strong>Wir k\u00f6nnen nur qualitativ gute Self-Tapes dem Regisseuren pr\u00e4sentieren. Qualit\u00e4t der Performance und in audiovisueller Hinsicht.<\/strong><\/p>\n<p><strong>Deshalb stelle sicher, dass man Dich gut h\u00f6rt (Audio-Qualit\u00e4t) und man Dich gut sieht (Gutes Framing und gutes Licht)! Bevor Du mit deiner Szene beginnst, mach doch schnell einen Test um zu kontrollieren, dass alles passt.<br \/>\n<\/strong><\/p>\n<p>Die Kamera oder das Handy sollte auf einem Stativ platziert sein oder von einer ruhigen Hand gehalten werden, im Cinema\/Landscape-Format\u00a0(<strong>Bitte NICHT im Hochformat\/Selfie-Format!)<\/strong>\u00a0in einer\u00a0<strong>Halbnahen-<\/strong><strong>Einstellung<\/strong><strong>, sprich von Brust bis Kopf <\/strong><strong>\u00a0(Deine Gesichtsausdr\u00fccke sollen klar erkennbar sein in der Aufnahme)<\/strong>.<\/p>\n<p><strong>Falls Du abends filmst, stelle sicher, dass Du in einem gut beleuchteten Raum filmst.<\/strong><\/p>\n<p>________________________________________________________________________________________________________________________________________<\/p>\n<p><strong>1<\/strong><strong>a<\/strong><strong>. Beginne wie folgt:\u00a0<\/strong><\/p>\n<p>F\u00fcr die Vorstellung kannst Du gerne Hochdeutsch oder Englisch sprechen. Der Regisseur ist aus Deutschland.<\/p>\n<p><strong>Sag Deinen Namen und Vornamen in die Kamera. Stelle Dich kurz (!) vor, wo Du wohnst , dein Beruf und beantworte folgende Fragen:<\/strong><\/p>\n<ol>\n<li><strong>Wieviel Dreh-Erfahrung hast Du \/ Hast Du schon mal in einem Werbespot oder film mitgespielt. Falls ja in welchem?<br \/>\n<\/strong><\/li>\n<li><strong>Was ist typisch Schweizerisch f\u00fcr Dich? <\/strong>(Der TV-Spot wird die sch\u00f6ne Schweiz zeigen in all ihren Facetten).<\/li>\n<li><strong>Erw\u00e4hne, ob Du in den letzten 3 Jahren in einer Werbung zu sehen warst, die mit AXPO konkurrenzieren k\u00f6nnte.<\/strong><\/li>\n<\/ol>\n<p>=&gt; Falls ja, erw\u00e4hne was deine Rolle war und bis wann die Werbung on Air war\/ist.<\/p>\n<p>=&gt; Falls nein, erw\u00e4hne, dass Du noch nie f\u00fcr eine Konkurrenz Werbung gemacht hast.<\/p>\n<p><strong>Bitte zeige dann:\u00a0<\/strong><\/p>\n<ol>\n<li>jeweils Dein Profil auf beiden Seiten, ca. 2-3 Sekunden.<\/li>\n<li>Bitte zeige Deine H\u00e4nde in die Kamera (vor deinem Gesicht halten), jeweils Handfl\u00e4che und R\u00fcckfl\u00e4che, ca. 2-3 Sekunden.<\/li>\n<li>Gehe ein bisschen zur\u00fcck, damit wir deinen ganzen K\u00f6rper sehen<\/li>\n<\/ol>\n<p>&nbsp;<\/p>\n<p>Bitte starte mit der folgenden Szene:<\/p>\n<p>________________________________________________________________________________________________________________________________________<\/p>\n<p><strong>ACHTUNG:<\/strong><strong> Alle Informationen in diesem Casting sind <\/strong><strong>h\u00f6chst <\/strong><strong>vertraulich zu behandeln und gilt einzig zur Vorbereitung zum Casting.\u00a0<\/strong><strong>Weitere Nutzung oder Weiterversenden an Drittpersonen ist verboten<\/strong><strong>! <\/strong><\/p>\n<p>________________________________________________________________________________________________________________________________________<\/p>\n<p><strong>Du spielst \u00abDas k\u00fcssende Paar\u00bb.<\/strong><\/p>\n<p><strong>Bitte suche Dir wenn m\u00f6glich eine Partnerin um die Szene zu spielen<\/strong> (Falls Du nicht mit Deiner Partnerin ausgew\u00e4hlt wurdest). Falls Du absolut keine M\u00f6glichkeit hast eine Partnerin zu finden, ist der Kreativit\u00e4t freien Lauf gelassen, oder Du kannst Du sonst alles andere aus dem eCasting beantworten und halt die Kussszenen auslassen.<\/p>\n<p><strong><u>Szene:<br \/>\n<\/u><\/strong><\/p>\n<ol type=\"1\">\n<li>Bitte zeig uns wie du zu dieser Musik mit deiner Partnerin knutschen w\u00fcrdest:\u00a0<a href=\"https:\/\/www.youtube.com\/watch?v=bWXazVhlyxQ\" target=\"_blank\" rel=\"noopener\">https:\/\/www.youtube.com\/watch?v=bWXazVhlyxQ<\/a><\/li>\n<li>Und wie du zu dieser Musik mit deiner Partnerin knutschen w\u00fcrdest:\u00a0<a href=\"https:\/\/www.youtube.com\/watch?v=uxpDa-c-4Mc\" target=\"_blank\" rel=\"noopener\">https:\/\/www.youtube.com\/watch?v=uxpDa-c-4Mc<\/a><\/li>\n<\/ol>\n<p>________________________________________________________________________________________________________________________________________<\/p>\n<p><strong><em>In diesem Falle haben wir hier 3 Videos. 1 Video f\u00fcr Intro, 1 Video f\u00fcr die 1. Kussszene und 1 Video f\u00fcr die 2. Kussszene mit dem zweiten Song. Bitte Videos ohne langen Pausen zwischendurch. Es reicht wenn die Kussszene ca. 10 -15 Sekunden dauert. Bitte stelle sicher, dass man Dich\/Euch in einer Halbtotalen sieht, sprich von Brust bis Kopf .<\/em><\/strong><\/p>\n<p><strong>________________________________________________________________________________________________________________________________<\/strong><\/p>\n<ol start=\"2\">\n<li><strong> Bitte lade Dein Video <\/strong><strong>auf unsere Dropbox wie folgt:<\/strong><\/li>\n<\/ol>\n<p>Bitte lade das\/die Video(s) korrekt mit deinem Vor- und Nachnamen angeschrieben auf unsere Dropbox:<\/p>\n<p><a href=\"https:\/\/www.dropbox.com\/request\/EtwBUu4BGNsIpM0bKpNL\">https:\/\/www.dropbox.com\/request\/EtwBUu4BGNsIpM0bKpNL<\/a><\/p>\n<p><strong>________________________________________________________________________________________________________________________________<\/strong><\/p>\n<p><strong>Bitte lade Deine 3 Videos <\/strong><strong>bis sp\u00e4testens\u00a0: <\/strong><strong><u>Montag, 1. Januar 2024 hoch.<br \/>\n<\/u><\/strong><\/p>\n<p><strong><u>Wir geben das Casting am Dienstag ab! Bis 5. Januar sollten wir eine Entscheidung haben ob Du zum Recall eingeladen bist!<br \/>\n<\/u><\/strong><\/p>\n<p><strong>Wichtig! Bitte behalte Dir alle Daten wie angegeben nach wie vor verf\u00fcgbar! <\/strong><\/p>\n<p>Vielen Dank ! Wir freuen uns auf Deine Performance!<\/p>\n<p>Das <a href=\"http:\/\/castingtalents.tv\/\">CastingTalents.tv<\/a> \u2013 Team | <a href=\"http:\/\/www.castingtalents.tv\/\">www.castingtalents.tv<\/a><\/p>\n","protected":false},"excerpt":{"rendered":"<p>E-Casting f\u00fcr den AXPO TV-Spot! \u00a0 Du bist unter den Favoriten! Gratulation! Gerne m\u00f6chten wir Dich in die zweite Runde zum E-Casting f\u00fcr den AXPO TV-Spot einladen! Dein E-Casting brauchen wir\u00a0bis sp\u00e4testens:\u00a0Montag, 1. Januar 2024! Bitte best\u00e4tige uns kurz den Erhalt dieser Mail und dass Du uns dein E-Casting bis Montag schicken kannst. &nbsp; E-Casting<a href=\"https:\/\/castingtalents.tv\/de\/casting-anleitung-axpo-kissing-couple\/\" class=\"btn btn-primary btn-sm more-link\">Continue reading<span class=\"screen-reader-text\"> &#8222;Casting Anleitung &#8222;Kissing Couple&#8220;&#8220;<\/span><\/a><\/p>\n","protected":false},"author":2,"featured_media":0,"parent":0,"menu_order":0,"comment_status":"closed","ping_status":"closed","template":"","meta":{"_acf_changed":false,"footnotes":""},"class_list":["post-29252","page","type-page","status-publish","hentry"],"acf":[],"_links":{"self":[{"href":"https:\/\/castingtalents.tv\/de\/wp-json\/wp\/v2\/pages\/29252\/"}],"collection":[{"href":"https:\/\/castingtalents.tv\/de\/wp-json\/wp\/v2\/pages\/"}],"about":[{"href":"https:\/\/castingtalents.tv\/de\/wp-json\/wp\/v2\/types\/page\/"}],"author":[{"embeddable":true,"href":"https:\/\/castingtalents.tv\/de\/wp-json\/wp\/v2\/users\/2\/"}],"replies":[{"embeddable":true,"href":"https:\/\/castingtalents.tv\/de\/wp-json\/wp\/v2\/comments\/?post=29252"}],"version-history":[{"count":12,"href":"https:\/\/castingtalents.tv\/de\/wp-json\/wp\/v2\/pages\/29252\/revisions\/"}],"predecessor-version":[{"id":29277,"href":"https:\/\/castingtalents.tv\/de\/wp-json\/wp\/v2\/pages\/29252\/revisions\/29277\/"}],"wp:attachment":[{"href":"https:\/\/castingtalents.tv\/de\/wp-json\/wp\/v2\/media\/?parent=29252"}],"curies":[{"name":"wp","href":"https:\/\/api.w.org\/{rel}","templated":true}]}}