{"id":30413,"date":"2024-04-24T12:56:28","date_gmt":"2024-04-24T10:56:28","guid":{"rendered":"https:\/\/castingtalents.tv\/?page_id=30413"},"modified":"2026-03-11T13:28:47","modified_gmt":"2026-03-11T12:28:47","slug":"casting-anleitung-detailhandel-ip-suisse-felix","status":"publish","type":"page","link":"https:\/\/castingtalents.tv\/de\/casting-anleitung-detailhandel-ip-suisse-felix\/","title":{"rendered":"eCasting f\u00fcr IP SUISSE x Denner TV-Kampagne | Rolle FELIX"},"content":{"rendered":"<h2><strong>eCasting f\u00fcr IP SUISSE x Denner TV-Kampagne!<\/strong><\/h2>\n<p><strong>\u00a0<\/strong><\/p>\n<p>Gerne m\u00f6chten wir Dich zum eCasting f\u00fcr die IP Suisse x Denner TV-Kampagne einladen! In diesen Spots geht es um Biodiversit\u00e4t und Habitat.<\/p>\n<p>________________________________________________________________________________________________________________________________________<\/p>\n<p>Dein eCasting brauchen wir <strong>bis sp\u00e4testens 12:00 Uhr (Mittag) <\/strong><strong>Montag, 20. Mai 2024 <\/strong>(f\u00fcr Recall Kandidaten Sonntag, 19. Mai 2024). Bitte best\u00e4tige uns Deine Einreichung wie folgt:<strong><u><br \/>\n<\/u><\/strong><\/p>\n<script type=\"text\/javascript\">var gform;gform||(document.addEventListener(\"gform_main_scripts_loaded\",function(){gform.scriptsLoaded=!0}),window.addEventListener(\"DOMContentLoaded\",function(){gform.domLoaded=!0}),gform={domLoaded:!1,scriptsLoaded:!1,initializeOnLoaded:function(o){gform.domLoaded&&gform.scriptsLoaded?o():!gform.domLoaded&&gform.scriptsLoaded?window.addEventListener(\"DOMContentLoaded\",o):document.addEventListener(\"gform_main_scripts_loaded\",o)},hooks:{action:{},filter:{}},addAction:function(o,n,r,t){gform.addHook(\"action\",o,n,r,t)},addFilter:function(o,n,r,t){gform.addHook(\"filter\",o,n,r,t)},doAction:function(o){gform.doHook(\"action\",o,arguments)},applyFilters:function(o){return gform.doHook(\"filter\",o,arguments)},removeAction:function(o,n){gform.removeHook(\"action\",o,n)},removeFilter:function(o,n,r){gform.removeHook(\"filter\",o,n,r)},addHook:function(o,n,r,t,i){null==gform.hooks[o][n]&&(gform.hooks[o][n]=[]);var e=gform.hooks[o][n];null==i&&(i=n+\"_\"+e.length),gform.hooks[o][n].push({tag:i,callable:r,priority:t=null==t?10:t})},doHook:function(n,o,r){var t;if(r=Array.prototype.slice.call(r,1),null!=gform.hooks[n][o]&&((o=gform.hooks[n][o]).sort(function(o,n){return o.priority-n.priority}),o.forEach(function(o){\"function\"!=typeof(t=o.callable)&&(t=window[t]),\"action\"==n?t.apply(null,r):r[0]=t.apply(null,r)})),\"filter\"==n)return r[0]},removeHook:function(o,n,t,i){var r;null!=gform.hooks[o][n]&&(r=(r=gform.hooks[o][n]).filter(function(o,n,r){return!!(null!=i&&i!=o.tag||null!=t&&t!=o.priority)}),gform.hooks[o][n]=r)}});<\/script>\n                <div class='gf_browser_gecko gform_wrapper gravity-theme gform-theme--no-framework' data-form-theme='gravity-theme' data-form-index='0' id='gform_wrapper_55' ><form method='post' enctype='multipart\/form-data'  id='gform_55'  action='\/de\/wp-json\/wp\/v2\/pages\/30413' data-formid='55' novalidate>\n                        <div class='gform-body gform_body'><div id='gform_fields_55' class='gform_fields top_label form_sublabel_below description_below validation_below'><div id=\"field_55_3\" class=\"gfield gfield--type-section gsection field_sublabel_below gfield--no-description field_description_below field_validation_below gfield_visibility_visible\"  data-js-reload=\"field_55_3\" ><h3 class=\"gsection_title\">eCasting Best\u00e4tigung | eCasting Confirmation<\/h3><\/div><div id=\"field_55_5\" class=\"gfield gfield--type-text gfield--width-full gfield_contains_required field_sublabel_below gfield--no-description field_description_below field_validation_below gfield_visibility_visible\"  data-js-reload=\"field_55_5\" ><label class='gfield_label gform-field-label' for='input_55_5'>Vor- und Nachname | First and Last Name<span class=\"gfield_required\"><span class=\"gfield_required gfield_required_text\">(erforderlich)<\/span><\/span><\/label><div class='ginput_container ginput_container_text'><input name='input_5' id='input_55_5' type='text' value='' class='large'     aria-required=\"true\" aria-invalid=\"false\"   \/> <\/div><\/div><div id=\"field_55_4\" class=\"gfield gfield--type-select gfield--width-full gfield_contains_required field_sublabel_below gfield--no-description field_description_below field_validation_below gfield_visibility_visible\"  data-js-reload=\"field_55_4\" ><label class='gfield_label gform-field-label' for='input_55_4'>Rolle | Role<span class=\"gfield_required\"><span class=\"gfield_required gfield_required_text\">(erforderlich)<\/span><\/span><\/label><div class='ginput_container ginput_container_select'><select name='input_4' id='input_55_4' class='large gfield_select'    aria-required=\"true\" aria-invalid=\"false\" ><option value='FELIX (Hauptrolle) | FELIX (Lead)' >FELIX (Hauptrolle) | FELIX (Lead)<\/option><option value='LENA (Nebenrolle) | LENA (Supporting)' >LENA (Nebenrolle) | LENA (Supporting)<\/option><option value='BAUER\/B\u00c4UERIN (Featured Extra) | FARMER (Featured Extra)' >BAUER\/B\u00c4UERIN (Featured Extra) | FARMER (Featured Extra)<\/option><\/select><\/div><\/div><fieldset id=\"field_55_1\" class=\"gfield gfield--type-checkbox gfield--type-choice gfield_contains_required field_sublabel_below gfield--has-description field_description_above field_validation_below gfield_visibility_visible\"  data-js-reload=\"field_55_1\" ><legend class='gfield_label gform-field-label gfield_label_before_complex' >Hiermit best\u00e4tige ich, dass ich die Einladung zum eCasting annehme und das gew\u00fcnschte Material bis 20. Mai 2024 einreiche.<span class=\"gfield_required\"><span class=\"gfield_required gfield_required_text\">(erforderlich)<\/span><\/span><\/legend><div class='gfield_description' id='gfield_description_55_1'>Hereby, I confirm that I accept the invitation to the eCasting and will submit the requested material by 20th May 2024.<\/div><div class='ginput_container ginput_container_checkbox'><div class='gfield_checkbox' id='input_55_1'><div class='gchoice gchoice_55_1_1'>\n\t\t\t\t\t\t\t\t<input class='gfield-choice-input' name='input_1.1' type='checkbox'  value='Ja, ich best\u00e4tige. | Yes, I confirm.'  id='choice_55_1_1'   aria-describedby=\"gfield_description_55_1\"\/>\n\t\t\t\t\t\t\t\t<label for='choice_55_1_1' id='label_55_1_1' class='gform-field-label gform-field-label--type-inline'>Ja, ich best\u00e4tige. | Yes, I confirm.<\/label>\n\t\t\t\t\t\t\t<\/div><div class='gchoice gchoice_55_1_2'>\n\t\t\t\t\t\t\t\t<input class='gfield-choice-input' name='input_1.2' type='checkbox'  value='Nein, ich ziehe meine Bewerbung zur\u00fcck.  | No, I am withdrawing my application.'  id='choice_55_1_2'   \/>\n\t\t\t\t\t\t\t\t<label for='choice_55_1_2' id='label_55_1_2' class='gform-field-label gform-field-label--type-inline'>Nein, ich ziehe meine Bewerbung zur\u00fcck.  | No, I am withdrawing my application.<\/label>\n\t\t\t\t\t\t\t<\/div><\/div><\/div><\/fieldset><fieldset id=\"field_55_7\" class=\"gfield gfield--type-checkbox gfield--type-choice gfield--width-full gfield_contains_required field_sublabel_below gfield--has-description field_description_above field_validation_below gfield_visibility_visible\"  data-js-reload=\"field_55_7\" ><legend class='gfield_label gform-field-label gfield_label_before_complex' >Ich best\u00e4tige, dass ich die im Casting-Sheet angegebenen Fitting- und Drehdaten freihalte bis mir Bescheid gegeben wird.<span class=\"gfield_required\"><span class=\"gfield_required gfield_required_text\">(erforderlich)<\/span><\/span><\/legend><div class='gfield_description' id='gfield_description_55_7'>I confirm that I will keep the fitting and shooting dates specified in the casting sheet available until I am notified.<\/div><div class='ginput_container ginput_container_checkbox'><div class='gfield_checkbox' id='input_55_7'><div class='gchoice gchoice_55_7_1'>\n\t\t\t\t\t\t\t\t<input class='gfield-choice-input' name='input_7.1' type='checkbox'  value='Ich best\u00e4tige. | I confirm.'  id='choice_55_7_1'   aria-describedby=\"gfield_description_55_7\"\/>\n\t\t\t\t\t\t\t\t<label for='choice_55_7_1' id='label_55_7_1' class='gform-field-label gform-field-label--type-inline'>Ich best\u00e4tige. | I confirm.<\/label>\n\t\t\t\t\t\t\t<\/div><\/div><\/div><\/fieldset><div id=\"field_55_8\" class=\"gfield gfield--type-text gfield--width-full field_sublabel_below gfield--no-description field_description_below field_validation_below gfield_visibility_visible\"  data-js-reload=\"field_55_8\" ><label class='gfield_label gform-field-label' for='input_55_8'>Bemerkung \/ Notiz<\/label><div class='ginput_container ginput_container_text'><input name='input_8' id='input_55_8' type='text' value='' class='large'      aria-invalid=\"false\"   \/> <\/div><\/div><\/div><\/div>\n        <div class='gform_footer top_label'> <input type='submit' id='gform_submit_button_55' class='gform_button button' value='Abschicken | Submit'  onclick='if(window[\"gf_submitting_55\"]){return false;}  if( !jQuery(\"#gform_55\")[0].checkValidity || jQuery(\"#gform_55\")[0].checkValidity()){window[\"gf_submitting_55\"]=true;}  ' onkeypress='if( event.keyCode == 13 ){ if(window[\"gf_submitting_55\"]){return false;} if( !jQuery(\"#gform_55\")[0].checkValidity || jQuery(\"#gform_55\")[0].checkValidity()){window[\"gf_submitting_55\"]=true;}  jQuery(\"#gform_55\").trigger(\"submit\",[true]); }' \/> \n            <input type='hidden' class='gform_hidden' name='is_submit_55' value='1' \/>\n            <input type='hidden' class='gform_hidden' name='gform_submit' value='55' \/>\n            \n            <input type='hidden' class='gform_hidden' name='gform_unique_id' value='' \/>\n            <input type='hidden' class='gform_hidden' name='state_55' value='WyJbXSIsIjgzZmRlYmE5ZjM5MjM1OTcyOGQyYTA1MjhlMzdmYzhkIl0=' \/>\n            <input type='hidden' class='gform_hidden' name='gform_target_page_number_55' id='gform_target_page_number_55' value='0' \/>\n            <input type='hidden' class='gform_hidden' name='gform_source_page_number_55' id='gform_source_page_number_55' value='1' \/>\n            <input type='hidden' name='gform_field_values' value='' \/>\n            \n        <\/div>\n                        <\/form>\n                        <\/div><script type=\"text\/javascript\">\n\/* <![CDATA[ *\/\n gform.initializeOnLoaded( function() {gformInitSpinner( 55, 'https:\/\/castingtalents.tv\/wp-content\/plugins\/gravityforms\/images\/spinner.svg', true );jQuery('#gform_ajax_frame_55').on('load',function(){var contents = jQuery(this).contents().find('*').html();var is_postback = contents.indexOf('GF_AJAX_POSTBACK') >= 0;if(!is_postback){return;}var form_content = jQuery(this).contents().find('#gform_wrapper_55');var is_confirmation = jQuery(this).contents().find('#gform_confirmation_wrapper_55').length > 0;var is_redirect = contents.indexOf('gformRedirect(){') >= 0;var is_form = form_content.length > 0 && ! is_redirect && ! is_confirmation;var mt = parseInt(jQuery('html').css('margin-top'), 10) + parseInt(jQuery('body').css('margin-top'), 10) + 100;if(is_form){jQuery('#gform_wrapper_55').html(form_content.html());if(form_content.hasClass('gform_validation_error')){jQuery('#gform_wrapper_55').addClass('gform_validation_error');} else {jQuery('#gform_wrapper_55').removeClass('gform_validation_error');}setTimeout( function() { \/* delay the scroll by 50 milliseconds to fix a bug in chrome *\/  }, 50 );if(window['gformInitDatepicker']) {gformInitDatepicker();}if(window['gformInitPriceFields']) {gformInitPriceFields();}var current_page = jQuery('#gform_source_page_number_55').val();gformInitSpinner( 55, 'https:\/\/castingtalents.tv\/wp-content\/plugins\/gravityforms\/images\/spinner.svg', true );jQuery(document).trigger('gform_page_loaded', [55, current_page]);window['gf_submitting_55'] = false;}else if(!is_redirect){var confirmation_content = jQuery(this).contents().find('.GF_AJAX_POSTBACK').html();if(!confirmation_content){confirmation_content = contents;}jQuery('#gform_wrapper_55').replaceWith(confirmation_content);jQuery(document).trigger('gform_confirmation_loaded', [55]);window['gf_submitting_55'] = false;wp.a11y.speak(jQuery('#gform_confirmation_message_55').text());}else{jQuery('#gform_55').append(contents);if(window['gformRedirect']) {gformRedirect();}}jQuery(document).trigger(\"gform_pre_post_render\", [{ formId: \"55\", currentPage: \"current_page\", abort: function() { this.preventDefault(); } }]);                if (event && event.defaultPrevented) {                return;         }        const gformWrapperDiv = document.getElementById( \"gform_wrapper_55\" );        if ( gformWrapperDiv ) {            const visibilitySpan = document.createElement( \"span\" );            visibilitySpan.id = \"gform_visibility_test_55\";            gformWrapperDiv.insertAdjacentElement( \"afterend\", visibilitySpan );        }        const visibilityTestDiv = document.getElementById( \"gform_visibility_test_55\" );        let postRenderFired = false;                function triggerPostRender() {            if ( postRenderFired ) {                return;            }            postRenderFired = true;            jQuery( document ).trigger( 'gform_post_render', [55, current_page] );            gform.utils.trigger( { event: 'gform\/postRender', native: false, data: { formId: 55, currentPage: current_page } } );            if ( visibilityTestDiv ) {                visibilityTestDiv.parentNode.removeChild( visibilityTestDiv );            }        }        function debounce( func, wait, immediate ) {            var timeout;            return function() {                var context = this, args = arguments;                var later = function() {                    timeout = null;                    if ( !immediate ) func.apply( context, args );                };                var callNow = immediate && !timeout;                clearTimeout( timeout );                timeout = setTimeout( later, wait );                if ( callNow ) func.apply( context, args );            };        }        const debouncedTriggerPostRender = debounce( function() {            triggerPostRender();        }, 200 );        if ( visibilityTestDiv && visibilityTestDiv.offsetParent === null ) {            const observer = new MutationObserver( ( mutations ) => {                mutations.forEach( ( mutation ) => {                    if ( mutation.type === 'attributes' && visibilityTestDiv.offsetParent !== null ) {                        debouncedTriggerPostRender();                        observer.disconnect();                    }                });            });            observer.observe( document.body, {                attributes: true,                childList: false,                subtree: true,                attributeFilter: [ 'style', 'class' ],            });        } else {            triggerPostRender();        }    } );} ); \n\/* ]]> *\/\n<\/script>\n\n<p>________________________________________________________________________________________________________________________________________<\/p>\n<p><strong>E-Casting Anleitung:<\/strong><\/p>\n<p>Bitte alles sorgf\u00e4ltig durchlesen bevor Du beginnst.<\/p>\n<p>&nbsp;<\/p>\n<ol>\n<li><strong><u> VIDEO-AUFNAHME:<\/u><\/strong><\/li>\n<\/ol>\n<p><strong>Kamera-Einstellung\/Vorbereitung:<\/strong><\/p>\n<p><strong>Wir k\u00f6nnen nur qualitativ gute Self-Tapes dem Regisseuren pr\u00e4sentieren. Qualit\u00e4t der Performance und in audiovisueller Hinsicht.<\/strong><\/p>\n<p><strong>Deshalb stelle sicher, dass man Dich gut h\u00f6rt (Audio-Qualit\u00e4t) und man Dich gut sieht (Gutes Framing und gutes Licht)! Bevor Du mit deiner Szene beginnst, mach doch schnell einen Test um zu kontrollieren, dass alles passt.<br \/>\n<\/strong><\/p>\n<p>Die Kamera oder das Handy sollte auf einem Stativ platziert sein oder von einer ruhigen Hand gehalten werden, im Cinema\/Landscape-Format\u00a0(<strong>Bitte NICHT im Hochformat\/Selfie-Format!)<\/strong>\u00a0in einer\u00a0<strong>Halbnahen-<\/strong><strong>Einstellung<\/strong><strong>, sprich von Brust bis Kopf <\/strong><strong>(Deine Gesichtsausdr\u00fccke sollen klar erkennbar sein in der Aufnahme. Wir interessieren uns nur f\u00fcr Dich in dieser Aufnahme und wie Du spielst)<\/strong>.<\/p>\n<p><strong>Falls Du abends filmst, stelle sicher, dass Du in einem gut beleuchteten Raum filmst.<\/strong><\/p>\n<p>Falls Du mit einem Gegenspieler aufnimmst, bitten wir Dich die Kamera auf DICH zu halten. Der Gegenspieler ist da um Dir zu helfen aber nicht um im Bild sein.<\/p>\n<p>________________________________________________________________________________________________________________________________________<\/p>\n<p><strong>1<\/strong><strong>a<\/strong><strong>. Beginne gleich mit der Szene wie folgt:\u00a0<\/strong><\/p>\n<p>F\u00fcr die Vorstellung kannst Du gerne Englisch sprechen, da die Regisseure aus London sind. Ansonsten ist Schweizerdeutsch auch in Ordnung.<\/p>\n<p><strong>Stelle Dich kurz und kanckig<\/strong><strong> vor:<br \/>\n<\/strong><\/p>\n<ul>\n<li>Vor- und Nachname, Wohnort, Beruf und Dein letztes Film\/Werbe-Projekt.<\/li>\n<li>Erw\u00e4hne, ob Du in den letzten 5 Jahren in einer Werbung zu sehen warst, die mit Denner \/ IP Suisse Produkten konkurrenzieren k\u00f6nnten.<\/li>\n<\/ul>\n<ol>\n<li>=&gt; Falls ja, erw\u00e4hne was deine Rolle war und bis wann die Werbung ausgestrahlt wurde\/wird.<\/li>\n<li>=&gt; Falls nein, erw\u00e4hne, dass Du noch nie f\u00fcr die Konkurrenz Werbung gemacht hast.<\/li>\n<\/ol>\n<ul>\n<li>Erw\u00e4hne falls Du bilingue\/trilingue bist.<\/li>\n<li>Bitte zeige Dein Profil von beiden Seiten, ca. 2-3 Sekunden.<\/li>\n<li>Bitte zeige Deine H\u00e4nde in die Kamera (vor deinem Gesicht halten), jeweils Handfl\u00e4che und R\u00fcckfl\u00e4che, ca. 2-3 Sekunden.<\/li>\n<li>Bitte starte gleich mit der folgenden Szene:<\/li>\n<\/ul>\n<p>________________________________________________________________________________________________________________________________________<\/p>\n<p><strong>ACHTUNG:<\/strong><strong>\u00a0Das Skript ist <\/strong><strong>h\u00f6chst <\/strong><strong>vertraulich zu behandeln und gilt einzig zur Vorbereitung zum Casting.\u00a0<\/strong><\/p>\n<p><strong>Weitere Nutzung oder Weiterversenden an Drittpersonen ist strengstens verboten<\/strong><strong>!<br \/>\n<\/strong><\/p>\n<p>________________________________________________________________________________________________________________________________________<\/p>\n<p><strong>Du spielst \u00abFELIX\u00bb.<\/strong><\/p>\n<p><strong>Spielsprache<\/strong>: CH-Deutsch.<\/p>\n<p>Bitte spiele die Szene 1 und eine weitere Szene Deiner Wahl. Du kannst den Inhalt gerne ausschm\u00fccken und l\u00e4nger spielen.<\/p>\n<p><strong>Klicke <\/strong><a href=\"https:\/\/www.dropbox.com\/scl\/fi\/ek8dnu29631clu2693cym\/eCasting_FELIX.pdf?rlkey=ez94kd0rswa67sxz00rbhurqk&amp;dl=0\" target=\"_blank\" rel=\"noopener\">hier um die Szene 1 <\/a><strong> einzusehen.<br \/>\n<\/strong><\/p>\n<p><strong><a href=\"https:\/\/www.dropbox.com\/scl\/fi\/73e0dbmbbiny0u8lsy2h7\/Full__eCasting_IP___SUISSE_x_DENNER___Storyboards.pdf?rlkey=qpsiai3pdbp5z7z9h8yddksq9&amp;dl=0\" target=\"_blank\" rel=\"noopener\">Hier kannst du eine weitere Szene ausw\u00e4hlen.<\/a><\/strong><\/p>\n<p><strong>Charakter Beschrieb:<\/strong><\/p>\n<p><span data-contrast=\"auto\">Ein M\u00f6chtegern-Blogger\/Natursch\u00fctzer-Typ. Seine Art zu sprechen und seine allgemeine Einstellung ist so etwas wie ein M\u00f6chtegern-David Attenborough, der mit v\u00f6llig unverdienter Autorit\u00e4t \u00fcber Dinge spricht, die sich oft als nicht das herausstellen, was er denkt. Er ist sehr enthusiastisch, aber nicht professionell, und daher st\u00e4ndig \u00fcberrascht davon, wie die ECHTE Biodiversit\u00e4t aussieht. Er kommt wahrscheinlich aus der Stadt, aber er idealisiert die Natur und das Landleben. Felix ist kein Idiot oder Clown. Seine Filmemacher-F\u00e4higkeiten sind ziemlich professionell, aber seine Naturkenntnisse eher akademisch als praktisch. Wenn er in die Welt hinausgeht, um seine Filme zu machen, hat er noch viel zu lernen. <\/span><span data-ccp-props=\"{}\">\u00a0<\/span><span data-ccp-props=\"{}\">\u00a0<\/span><\/p>\n<p><span data-contrast=\"auto\"><strong>Genre:<\/strong> Dry Comedy.<\/span><span data-ccp-props=\"{}\">\u00a0<\/span><\/p>\n<p><b><span data-contrast=\"auto\">Look<\/span><\/b><b><span data-contrast=\"auto\">:<\/span><\/b> <span data-contrast=\"auto\">Urban\/st\u00e4dtisch, kann auch<\/span> <span data-contrast=\"auto\">ein wenig \u00abnerdig\u00bb sein. <\/span><\/p>\n<p><strong><u>Gew\u00fcnschte Szene der Regie:<\/u><\/strong><\/p>\n<p>Er spricht den Er\u00f6ffnungsmonolog in die Kamera, w\u00e4hrend er zu dem Vogel hin\u00fcberschaut, aufgeregt \u00fcber das, was er sieht, aber mit einer ruhigen, moderatoren\u00e4hnlichen Haltung, um das Tier nicht zu verschrecken. Er hat Vertrauen in das, was er sagt (obwohl einiges davon falsch ist). W\u00e4hrend des letzten Teils des Vortrags juckt es ihn ein wenig, aber er versucht, es zu ignorieren. Dann Verwirrung\/Reizung, w\u00e4hrend er die letzte Zeile \u00fcber die Ameisen vortr\u00e4gt, bevor leichte Panik einsetzt, als es sich verschlimmert und er auf den Boden f\u00e4llt und sich herumrollt.<\/p>\n<p><strong>Der Ton der Darbietung \/ Anweisung der Regie:<\/strong><br \/>\nWir suchen warme, sympathische Menschen, mit denen das Publikum mitfiebern kann, auch wenn sie keinen Erfolg haben.<\/p>\n<p>Der Ton der Kom\u00f6die hier ist TROCKEN, nat\u00fcrlich und unaufdringlich. Nichts ist erzwungen oder \u00fcbertrieben. Jede physische Kom\u00f6die (wie z. B. die \u00dcbernahme durch Ameisen) sollte realistisch und authentisch gespielt werden.<br \/>\nKeinesfalls Slapstick.<\/p>\n<p>=&gt; Du kannst die Szene gerne bei Dir zu Hause drehen. Daf\u00fcr musst Du nicht in die Natur. Falls Du einen Garten hast und dir das Umfeld behilflich ist, kannst Du dies auch im Garten aufnehmen. Bitte beachte aber, dass die Priorit\u00e4t ist, dass wir Dich in gutem Licht in einer halbnahen und ruhigen Aufnahme gut spielen sehen. Du kannst uns gerne gute 1-2 Varianten vorschlagen (bitte aber nicht mehr als 2 pro Szene). Ansonsten ist eine gute Variante pro Szene auch willkommen.<\/p>\n<p>Bestenfalls schneidest Du die verschiedenen Varianten\/Szenen zusammen in einem Video. Du kannst uns aber auch 1-2 Videos pro Szene schicken. Das erste Video ist inklusive Vorstellung.<\/p>\n<p><strong>________________________________________________________________________________________________________________________________<\/strong><\/p>\n<ol start=\"2\">\n<li><strong> Bitte lade Dein Video <\/strong><strong>auf unsere Dropbox wie folgt:<\/strong><\/li>\n<\/ol>\n<p>Bitte lade Deine max. 4 Videos und 3-4 Portraits und 1 Ganzk\u00f6rperbild (aktuelle und wenn m\u00f6glich profesionelle Bilder oder alternativ sauber fotografierte Bilder vor einer weissen Wand in gutem Licht, scharf) mit Deinem Vor- und Nachnamen angeschrieben auf unsere Dropbox.<\/p>\n<p><strong>Wichtig: Wir k\u00f6nnen nur vollst\u00e4ndige und termingerechte Einreichungen ber\u00fccksichtigen! Stelle sicher, dass Du alles eingereicht hast.<\/strong><\/p>\n<p>Am Besten machst du einen Ordner mit all Deinen Dateien drin, den Du auch mit Deinem Namen beschriftest. Lade dann den Ordner <strong>bis sp\u00e4testens <\/strong><strong><u>20. Mai 2024<\/u><\/strong> (f\u00fcr Recall Kandidaten 19. Mai 2024) hier hoch:<\/p>\n<p><strong><a href=\"https:\/\/www.dropbox.com\/request\/Xmb3q2djUBiRQTlrs7Jc\" target=\"_blank\" rel=\"noopener\">eCASTING hochladen<\/a><\/strong><u><\/u><\/p>\n<p><strong><u>Eine finale Entscheidung ist momentan bis 23 Mai 2024 geplant.<br \/>\n<\/u><\/strong><\/p>\n<p><strong>Wichtig: Bitte behalte Dir alle Daten wie angegeben nach wie vor verf\u00fcgbar! <\/strong><\/p>\n<p>Vielen Dank! Wir freuen uns auf Deine Performance!<\/p>\n<p>Das <a href=\"http:\/\/castingtalents.tv\/\">CastingTalents.tv<\/a> \u2013 Team | <a href=\"http:\/\/www.castingtalents.tv\/\">www.castingtalents.tv<\/a><\/p>\n<p>&nbsp;<\/p>\n","protected":false},"excerpt":{"rendered":"<p>eCasting f\u00fcr IP SUISSE x Denner TV-Kampagne! \u00a0 Gerne m\u00f6chten wir Dich zum eCasting f\u00fcr die IP Suisse x Denner TV-Kampagne einladen! In diesen Spots geht es um Biodiversit\u00e4t und Habitat. ________________________________________________________________________________________________________________________________________ Dein eCasting brauchen wir bis sp\u00e4testens 12:00 Uhr (Mittag) Montag, 20. Mai 2024 (f\u00fcr Recall Kandidaten Sonntag, 19. Mai 2024). Bitte best\u00e4tige uns<a href=\"https:\/\/castingtalents.tv\/de\/casting-anleitung-detailhandel-ip-suisse-felix\/\" class=\"btn btn-primary btn-sm more-link\">Continue reading<span class=\"screen-reader-text\"> &#8222;eCasting f\u00fcr IP SUISSE x Denner TV-Kampagne | Rolle FELIX&#8220;<\/span><\/a><\/p>\n","protected":false},"author":2,"featured_media":0,"parent":0,"menu_order":0,"comment_status":"closed","ping_status":"closed","template":"","meta":{"_acf_changed":false,"footnotes":""},"class_list":["post-30413","page","type-page","status-publish","hentry"],"acf":[],"_links":{"self":[{"href":"https:\/\/castingtalents.tv\/de\/wp-json\/wp\/v2\/pages\/30413\/"}],"collection":[{"href":"https:\/\/castingtalents.tv\/de\/wp-json\/wp\/v2\/pages\/"}],"about":[{"href":"https:\/\/castingtalents.tv\/de\/wp-json\/wp\/v2\/types\/page\/"}],"author":[{"embeddable":true,"href":"https:\/\/castingtalents.tv\/de\/wp-json\/wp\/v2\/users\/2\/"}],"replies":[{"embeddable":true,"href":"https:\/\/castingtalents.tv\/de\/wp-json\/wp\/v2\/comments\/?post=30413"}],"version-history":[{"count":46,"href":"https:\/\/castingtalents.tv\/de\/wp-json\/wp\/v2\/pages\/30413\/revisions\/"}],"predecessor-version":[{"id":39142,"href":"https:\/\/castingtalents.tv\/de\/wp-json\/wp\/v2\/pages\/30413\/revisions\/39142\/"}],"wp:attachment":[{"href":"https:\/\/castingtalents.tv\/de\/wp-json\/wp\/v2\/media\/?parent=30413"}],"curies":[{"name":"wp","href":"https:\/\/api.w.org\/{rel}","templated":true}]}}