{"id":36613,"date":"2025-04-29T14:42:22","date_gmt":"2025-04-29T12:42:22","guid":{"rendered":"https:\/\/castingtalents.tv\/?page_id=36613"},"modified":"2025-04-30T11:31:50","modified_gmt":"2025-04-30T09:31:50","slug":"neuausrichtung-mit-haltung-castingtalents-tv-startet-in-eine-neue-aera","status":"publish","type":"page","link":"https:\/\/castingtalents.tv\/de\/neuausrichtung-mit-haltung-castingtalents-tv-startet-in-eine-neue-aera\/","title":{"rendered":"Neuausrichtung mit Haltung \u2013 CastingTalents.tv startet in eine neue \u00c4ra."},"content":{"rendered":"<p data-start=\"157\" data-end=\"323\">Z\u00fcrich, 30. April 2025<\/p>\n<p class=\"\" data-start=\"157\" data-end=\"323\"><strong data-start=\"157\" data-end=\"323\">CastingTalents.tv stellt sich neu auf \u2013 als selektive Casting- &amp; Talentagentur mit Sitz in Z\u00fcrich und kreativer Reichweite nach London, Berlin und Ibiza, die auf bewusst kuratierte Besetzungen und charakterstarke Pers\u00f6nlichkeiten setzt.<\/strong><\/p>\n<p class=\"\" data-start=\"325\" data-end=\"669\">Was 2014 mit der Gr\u00fcndung durch Aur\u00e9lia Marine begann, hat sich zu einer pr\u00e4zise kuratierten Agentur entwickelt, die f\u00fcr Ausstrahlung, Charakter, Internationalit\u00e4t und Tiefe steht. Mit einer klaren neuen Vision, einem professionellen Team, einer intelligent strukturierten Datenbank und einem geschulten Blick f\u00fcr das Wesentliche haben wir uns f\u00fcr 2025 neu ausgerichtet.<\/p>\n<p class=\"\" data-start=\"671\" data-end=\"883\">Unsere Vision? Kuration, die \u00fcber das Offensichtliche hinausgeht. Es geht nicht nur darum, Menschen und Projekte zusammenzubringen, sondern Resonanzr\u00e4ume zu schaffen \u2013 authentisch, sinnhaft und zukunftsgerichtet.<\/p>\n<p class=\"\" data-start=\"885\" data-end=\"1245\">Mit strategischer Weitsicht und intuitiver Kreativit\u00e4t begleiten wir Kampagnen, Filme und k\u00fcnstlerische Formate. Unser sorgf\u00e4ltig aufgebauter Talentpool vereint ein breites Spektrum an Pers\u00f6nlichkeiten \u2013 von Schauspieler:innen und Musiker:innen bis hin zu au\u00dfergew\u00f6hnlichen Charakteren, New-Age-Voices und kulturellen Botschafter:innen aus dem In- und Ausland.<\/p>\n<p class=\"\" data-start=\"1247\" data-end=\"1425\">Getragen von einem avantgardistischen Geist denken wir kreative Grenzen neu \u2013 und begreifen Diversit\u00e4t und Inklusivit\u00e4t als selbstverst\u00e4ndlichen Ausdruck zeitgen\u00f6ssischer Kultur.<\/p>\n<p class=\"\" data-start=\"1427\" data-end=\"1761\"><strong>2025 markiert den Beginn einer neuen \u00c4ra:<\/strong> Nach zehn erfolgreichen Jahren an der Spitze zieht sich Aur\u00e9lia Marine aus dem operativen Tagesgesch\u00e4ft zur\u00fcck und bleibt CastingTalents.tv als <strong>kreative Beraterin und <a href=\"https:\/\/castingtalents.tv\/coaching-workshops\/\" target=\"_blank\" rel=\"noopener\">Acting Coach<\/a><\/strong> verbunden. Die Vision wird nun von einem erfahrenen <a href=\"https:\/\/castingtalents.tv\/about\/\">Team<\/a> mit neuer Klarheit und frischer Energie weitergetragen.<\/p>\n<p class=\"\" data-start=\"1763\" data-end=\"2051\">Um auch k\u00fcnftig am Puls der Zeit zu bleiben, haben wir unsere Datenbank und internen Systeme von Grund auf neu strukturiert. Der optimierte Workflow startet am 1. Mai 2025 und erm\u00f6glicht es uns, Talente noch gezielter und mit intuitiver Pr\u00e4zision mit den passenden Projekten zu verbinden.<\/p>\n<p class=\"\" data-start=\"2053\" data-end=\"2212\">In den kommenden Wochen nehmen wir Kontakt zu unseren <a href=\"https:\/\/castingtalents.tv\/talent-registrierung\/\" target=\"_blank\" rel=\"noopener\">registrierten Talenten<\/a> auf, um unsere verfeinerte Vision zu teilen und gemeinsam mit ihnen die n\u00e4chsten kreativen Schritte in eine aufregende Zukunft zu gehen.<\/p>\n<p class=\"\" data-start=\"2214\" data-end=\"2373\">Danke f\u00fcr das Vertrauen in all den Jahren. Wir freuen uns auf inspirierende Begegnungen, tragende Projekte \u2013 und eine neue \u00c4ra bewusst kuratierter Besetzungen.<\/p>\n<p class=\"\" data-start=\"2375\" data-end=\"2418\">Herzlich,<br data-start=\"2384\" data-end=\"2387\" \/>Dein Team von CastingTalents.tv<\/p>\n","protected":false},"excerpt":{"rendered":"<p>Z\u00fcrich, 30. April 2025 CastingTalents.tv stellt sich neu auf \u2013 als selektive Casting- &amp; Talentagentur mit Sitz in Z\u00fcrich und kreativer Reichweite nach London, Berlin und Ibiza, die auf bewusst kuratierte Besetzungen und charakterstarke Pers\u00f6nlichkeiten setzt. Was 2014 mit der Gr\u00fcndung durch Aur\u00e9lia Marine begann, hat sich zu einer pr\u00e4zise kuratierten Agentur entwickelt, die f\u00fcr<a href=\"https:\/\/castingtalents.tv\/de\/neuausrichtung-mit-haltung-castingtalents-tv-startet-in-eine-neue-aera\/\" class=\"btn btn-primary btn-sm more-link\">Continue reading<span class=\"screen-reader-text\"> &#8222;Neuausrichtung mit Haltung \u2013 CastingTalents.tv startet in eine neue \u00c4ra.&#8220;<\/span><\/a><\/p>\n","protected":false},"author":2,"featured_media":0,"parent":0,"menu_order":0,"comment_status":"closed","ping_status":"closed","template":"","meta":{"_acf_changed":false,"footnotes":""},"class_list":["post-36613","page","type-page","status-publish","hentry"],"acf":[],"_links":{"self":[{"href":"https:\/\/castingtalents.tv\/de\/wp-json\/wp\/v2\/pages\/36613\/"}],"collection":[{"href":"https:\/\/castingtalents.tv\/de\/wp-json\/wp\/v2\/pages\/"}],"about":[{"href":"https:\/\/castingtalents.tv\/de\/wp-json\/wp\/v2\/types\/page\/"}],"author":[{"embeddable":true,"href":"https:\/\/castingtalents.tv\/de\/wp-json\/wp\/v2\/users\/2\/"}],"replies":[{"embeddable":true,"href":"https:\/\/castingtalents.tv\/de\/wp-json\/wp\/v2\/comments\/?post=36613"}],"version-history":[{"count":4,"href":"https:\/\/castingtalents.tv\/de\/wp-json\/wp\/v2\/pages\/36613\/revisions\/"}],"predecessor-version":[{"id":36630,"href":"https:\/\/castingtalents.tv\/de\/wp-json\/wp\/v2\/pages\/36613\/revisions\/36630\/"}],"wp:attachment":[{"href":"https:\/\/castingtalents.tv\/de\/wp-json\/wp\/v2\/media\/?parent=36613"}],"curies":[{"name":"wp","href":"https:\/\/api.w.org\/{rel}","templated":true}]}}