{"id":37378,"date":"2025-06-15T08:28:46","date_gmt":"2025-06-15T06:28:46","guid":{"rendered":"https:\/\/castingtalents.tv\/?page_id=37378"},"modified":"2025-06-21T17:27:09","modified_gmt":"2025-06-21T15:27:09","slug":"ecasting-fuer-migros-x-playmobil-baeuerin","status":"publish","type":"page","link":"https:\/\/castingtalents.tv\/de\/ecasting-fuer-migros-x-playmobil-baeuerin\/","title":{"rendered":"eCasting f\u00fcr MIGROS x PLAYMOBIL \u00abB\u00c4UERIN\u00bb"},"content":{"rendered":"<p>Gerne m\u00f6chten wir Dich zum eCasting f\u00fcr die MIGROS x PLAYMOBIL TV-Kampagne einladen! In diesen Spots geht es darum, die Welt durch die Augen eines Kindes zu sehen.<\/p>\n<p>________________________________________________________________________________________________________________________________________<\/p>\n<p>Dein eCasting brauchen wir <strong>bis sp\u00e4testens 22:00 Uhr (Abend) Sonntag<\/strong><strong>, 22. Juni 2025<\/strong>. Bitte best\u00e4tige uns Deine Einreichung wie folgt:<\/p>\n<script type=\"text\/javascript\">var gform;gform||(document.addEventListener(\"gform_main_scripts_loaded\",function(){gform.scriptsLoaded=!0}),window.addEventListener(\"DOMContentLoaded\",function(){gform.domLoaded=!0}),gform={domLoaded:!1,scriptsLoaded:!1,initializeOnLoaded:function(o){gform.domLoaded&&gform.scriptsLoaded?o():!gform.domLoaded&&gform.scriptsLoaded?window.addEventListener(\"DOMContentLoaded\",o):document.addEventListener(\"gform_main_scripts_loaded\",o)},hooks:{action:{},filter:{}},addAction:function(o,n,r,t){gform.addHook(\"action\",o,n,r,t)},addFilter:function(o,n,r,t){gform.addHook(\"filter\",o,n,r,t)},doAction:function(o){gform.doHook(\"action\",o,arguments)},applyFilters:function(o){return gform.doHook(\"filter\",o,arguments)},removeAction:function(o,n){gform.removeHook(\"action\",o,n)},removeFilter:function(o,n,r){gform.removeHook(\"filter\",o,n,r)},addHook:function(o,n,r,t,i){null==gform.hooks[o][n]&&(gform.hooks[o][n]=[]);var e=gform.hooks[o][n];null==i&&(i=n+\"_\"+e.length),gform.hooks[o][n].push({tag:i,callable:r,priority:t=null==t?10:t})},doHook:function(n,o,r){var t;if(r=Array.prototype.slice.call(r,1),null!=gform.hooks[n][o]&&((o=gform.hooks[n][o]).sort(function(o,n){return o.priority-n.priority}),o.forEach(function(o){\"function\"!=typeof(t=o.callable)&&(t=window[t]),\"action\"==n?t.apply(null,r):r[0]=t.apply(null,r)})),\"filter\"==n)return r[0]},removeHook:function(o,n,t,i){var r;null!=gform.hooks[o][n]&&(r=(r=gform.hooks[o][n]).filter(function(o,n,r){return!!(null!=i&&i!=o.tag||null!=t&&t!=o.priority)}),gform.hooks[o][n]=r)}});<\/script>\n                <div class='gf_browser_gecko gform_wrapper gravity-theme gform-theme--no-framework' data-form-theme='gravity-theme' data-form-index='0' id='gform_wrapper_75' >\n                        <div class='gform_heading'>\n                            <h2 class=\"gform_title\">eCasting Einreichung Migros x Playmobil<\/h2>\n                            <p class='gform_description'><\/p>\n                        <\/div><form method='post' enctype='multipart\/form-data'  id='gform_75'  action='\/de\/wp-json\/wp\/v2\/pages\/37378\/' data-formid='75' novalidate>\n                        <div class='gform-body gform_body'><div id='gform_fields_75' class='gform_fields top_label form_sublabel_below description_below validation_below'><div id=\"field_75_3\" class=\"gfield gfield--type-section gfield--input-type-section gsection field_sublabel_below gfield--no-description field_description_below field_validation_below gfield_visibility_visible\"  data-js-reload=\"field_75_3\" ><h3 class=\"gsection_title\">eCasting Best\u00e4tigung | eCasting Confirmation<\/h3><\/div><div id=\"field_75_5\" class=\"gfield gfield--type-text gfield--input-type-text gfield--width-full gfield_contains_required field_sublabel_below gfield--no-description field_description_below field_validation_below gfield_visibility_visible\"  data-js-reload=\"field_75_5\" ><label class='gfield_label gform-field-label' for='input_75_5'>Vor- und Nachname | First and Last Name<span class=\"gfield_required\"><span class=\"gfield_required gfield_required_text\">(erforderlich)<\/span><\/span><\/label><div class='ginput_container ginput_container_text'><input name='input_5' id='input_75_5' type='text' value='' class='large'     aria-required=\"true\" aria-invalid=\"false\"   \/> <\/div><\/div><div id=\"field_75_4\" class=\"gfield gfield--type-select gfield--input-type-select gfield--width-full gfield_contains_required field_sublabel_below gfield--no-description field_description_below field_validation_below gfield_visibility_visible\"  data-js-reload=\"field_75_4\" ><label class='gfield_label gform-field-label' for='input_75_4'>Rolle | Role<span class=\"gfield_required\"><span class=\"gfield_required gfield_required_text\">(erforderlich)<\/span><\/span><\/label><div class='ginput_container ginput_container_select'><select name='input_4' id='input_75_4' class='large gfield_select'    aria-required=\"true\" aria-invalid=\"false\" ><option value='CHOCOLATIER | (Hauptrolle)' >CHOCOLATIER | (Hauptrolle)<\/option><option value='DELIVERY DRIVER (Featured Extra) | LKW-Fahrerin (Featured Extra)' >DELIVERY DRIVER (Featured Extra) | LKW-Fahrerin (Featured Extra)<\/option><option value='BAUER\/B\u00c4UERIN (Featured Extra) | FARMER (Featured Extra)' >BAUER\/B\u00c4UERIN (Featured Extra) | FARMER (Featured Extra)<\/option><option value='KIDS | GIRL' >KIDS | GIRL<\/option><option value='KIDS | BOY' >KIDS | BOY<\/option><\/select><\/div><\/div><fieldset id=\"field_75_1\" class=\"gfield gfield--type-checkbox gfield--type-choice gfield--input-type-checkbox gfield_contains_required field_sublabel_below gfield--has-description field_description_above field_validation_below gfield_visibility_visible\"  data-js-reload=\"field_75_1\" ><legend class='gfield_label gform-field-label gfield_label_before_complex' >Hiermit best\u00e4tige ich, dass ich die Einladung zum eCasting annehme und das gew\u00fcnschte Material bis 22. Juni 2025 einreiche.<span class=\"gfield_required\"><span class=\"gfield_required gfield_required_text\">(erforderlich)<\/span><\/span><\/legend><div class='gfield_description' id='gfield_description_75_1'>Hereby, I confirm that I accept the invitation to the eCasting and will submit the requested material by 22nd of June 2025.<\/div><div class='ginput_container ginput_container_checkbox'><div class='gfield_checkbox' id='input_75_1'><div class='gchoice gchoice_75_1_1'>\n\t\t\t\t\t\t\t\t<input class='gfield-choice-input' name='input_1.1' type='checkbox'  value='Ja, ich best\u00e4tige. | Yes, I confirm.'  id='choice_75_1_1'   aria-describedby=\"gfield_description_75_1\"\/>\n\t\t\t\t\t\t\t\t<label for='choice_75_1_1' id='label_75_1_1' class='gform-field-label gform-field-label--type-inline'>Ja, ich best\u00e4tige. | Yes, I confirm.<\/label>\n\t\t\t\t\t\t\t<\/div><div class='gchoice gchoice_75_1_2'>\n\t\t\t\t\t\t\t\t<input class='gfield-choice-input' name='input_1.2' type='checkbox'  value='Nein, ich ziehe meine Bewerbung zur\u00fcck.  | No, I am withdrawing my application.'  id='choice_75_1_2'   \/>\n\t\t\t\t\t\t\t\t<label for='choice_75_1_2' id='label_75_1_2' class='gform-field-label gform-field-label--type-inline'>Nein, ich ziehe meine Bewerbung zur\u00fcck.  | No, I am withdrawing my application.<\/label>\n\t\t\t\t\t\t\t<\/div><\/div><\/div><\/fieldset><fieldset id=\"field_75_7\" class=\"gfield gfield--type-checkbox gfield--type-choice gfield--input-type-checkbox gfield--width-full gfield_contains_required field_sublabel_below gfield--has-description field_description_above field_validation_below gfield_visibility_visible\"  data-js-reload=\"field_75_7\" ><legend class='gfield_label gform-field-label gfield_label_before_complex' >Ich best\u00e4tige, dass ich die im Casting-Sheet angegebenen Fitting- und Drehdaten freihalte bis mir Bescheid gegeben wird.<span class=\"gfield_required\"><span class=\"gfield_required gfield_required_text\">(erforderlich)<\/span><\/span><\/legend><div class='gfield_description' id='gfield_description_75_7'>I confirm that I will keep the fitting and shooting dates specified in the casting sheet available until I am notified.<\/div><div class='ginput_container ginput_container_checkbox'><div class='gfield_checkbox' id='input_75_7'><div class='gchoice gchoice_75_7_1'>\n\t\t\t\t\t\t\t\t<input class='gfield-choice-input' name='input_7.1' type='checkbox'  value='Ich best\u00e4tige. | I confirm.'  id='choice_75_7_1'   aria-describedby=\"gfield_description_75_7\"\/>\n\t\t\t\t\t\t\t\t<label for='choice_75_7_1' id='label_75_7_1' class='gform-field-label gform-field-label--type-inline'>Ich best\u00e4tige. | I confirm.<\/label>\n\t\t\t\t\t\t\t<\/div><\/div><\/div><\/fieldset><div id=\"field_75_8\" class=\"gfield gfield--type-text gfield--input-type-text gfield--width-full field_sublabel_below gfield--no-description field_description_below field_validation_below gfield_visibility_visible\"  data-js-reload=\"field_75_8\" ><label class='gfield_label gform-field-label' for='input_75_8'>Bemerkung \/ Notiz<\/label><div class='ginput_container ginput_container_text'><input name='input_8' id='input_75_8' type='text' value='' class='large'      aria-invalid=\"false\"   \/> <\/div><\/div><\/div><\/div>\n        <div class='gform_footer top_label'> <input type='submit' id='gform_submit_button_75' class='gform_button button' value='Abschicken | Submit'  onclick='if(window[\"gf_submitting_75\"]){return false;}  if( !jQuery(\"#gform_75\")[0].checkValidity || jQuery(\"#gform_75\")[0].checkValidity()){window[\"gf_submitting_75\"]=true;}  ' onkeypress='if( event.keyCode == 13 ){ if(window[\"gf_submitting_75\"]){return false;} if( !jQuery(\"#gform_75\")[0].checkValidity || jQuery(\"#gform_75\")[0].checkValidity()){window[\"gf_submitting_75\"]=true;}  jQuery(\"#gform_75\").trigger(\"submit\",[true]); }' \/> \n            <input type='hidden' class='gform_hidden' name='is_submit_75' value='1' \/>\n            <input type='hidden' class='gform_hidden' name='gform_submit' value='75' \/>\n            \n            <input type='hidden' class='gform_hidden' name='gform_unique_id' value='' \/>\n            <input type='hidden' class='gform_hidden' name='state_75' value='WyJbXSIsIjgzZmRlYmE5ZjM5MjM1OTcyOGQyYTA1MjhlMzdmYzhkIl0=' \/>\n            <input type='hidden' class='gform_hidden' name='gform_target_page_number_75' id='gform_target_page_number_75' value='0' \/>\n            <input type='hidden' class='gform_hidden' name='gform_source_page_number_75' id='gform_source_page_number_75' value='1' \/>\n            <input type='hidden' name='gform_field_values' value='' \/>\n            \n        <\/div>\n                        <\/form>\n                        <\/div><script type=\"text\/javascript\">\n\/* <![CDATA[ *\/\n gform.initializeOnLoaded( function() {gformInitSpinner( 75, 'https:\/\/castingtalents.tv\/wp-content\/plugins\/gravityforms\/images\/spinner.svg', true );jQuery('#gform_ajax_frame_75').on('load',function(){var contents = jQuery(this).contents().find('*').html();var is_postback = contents.indexOf('GF_AJAX_POSTBACK') >= 0;if(!is_postback){return;}var form_content = jQuery(this).contents().find('#gform_wrapper_75');var is_confirmation = jQuery(this).contents().find('#gform_confirmation_wrapper_75').length > 0;var is_redirect = contents.indexOf('gformRedirect(){') >= 0;var is_form = form_content.length > 0 && ! is_redirect && ! is_confirmation;var mt = parseInt(jQuery('html').css('margin-top'), 10) + parseInt(jQuery('body').css('margin-top'), 10) + 100;if(is_form){jQuery('#gform_wrapper_75').html(form_content.html());if(form_content.hasClass('gform_validation_error')){jQuery('#gform_wrapper_75').addClass('gform_validation_error');} else {jQuery('#gform_wrapper_75').removeClass('gform_validation_error');}setTimeout( function() { \/* delay the scroll by 50 milliseconds to fix a bug in chrome *\/  }, 50 );if(window['gformInitDatepicker']) {gformInitDatepicker();}if(window['gformInitPriceFields']) {gformInitPriceFields();}var current_page = jQuery('#gform_source_page_number_75').val();gformInitSpinner( 75, 'https:\/\/castingtalents.tv\/wp-content\/plugins\/gravityforms\/images\/spinner.svg', true );jQuery(document).trigger('gform_page_loaded', [75, current_page]);window['gf_submitting_75'] = false;}else if(!is_redirect){var confirmation_content = jQuery(this).contents().find('.GF_AJAX_POSTBACK').html();if(!confirmation_content){confirmation_content = contents;}jQuery('#gform_wrapper_75').replaceWith(confirmation_content);jQuery(document).trigger('gform_confirmation_loaded', [75]);window['gf_submitting_75'] = false;wp.a11y.speak(jQuery('#gform_confirmation_message_75').text());}else{jQuery('#gform_75').append(contents);if(window['gformRedirect']) {gformRedirect();}}jQuery(document).trigger(\"gform_pre_post_render\", [{ formId: \"75\", currentPage: \"current_page\", abort: function() { this.preventDefault(); } }]);                if (event && event.defaultPrevented) {                return;         }        const gformWrapperDiv = document.getElementById( \"gform_wrapper_75\" );        if ( gformWrapperDiv ) {            const visibilitySpan = document.createElement( \"span\" );            visibilitySpan.id = \"gform_visibility_test_75\";            gformWrapperDiv.insertAdjacentElement( \"afterend\", visibilitySpan );        }        const visibilityTestDiv = document.getElementById( \"gform_visibility_test_75\" );        let postRenderFired = false;                function triggerPostRender() {            if ( postRenderFired ) {                return;            }            postRenderFired = true;            jQuery( document ).trigger( 'gform_post_render', [75, current_page] );            gform.utils.trigger( { event: 'gform\/postRender', native: false, data: { formId: 75, currentPage: current_page } } );            if ( visibilityTestDiv ) {                visibilityTestDiv.parentNode.removeChild( visibilityTestDiv );            }        }        function debounce( func, wait, immediate ) {            var timeout;            return function() {                var context = this, args = arguments;                var later = function() {                    timeout = null;                    if ( !immediate ) func.apply( context, args );                };                var callNow = immediate && !timeout;                clearTimeout( timeout );                timeout = setTimeout( later, wait );                if ( callNow ) func.apply( context, args );            };        }        const debouncedTriggerPostRender = debounce( function() {            triggerPostRender();        }, 200 );        if ( visibilityTestDiv && visibilityTestDiv.offsetParent === null ) {            const observer = new MutationObserver( ( mutations ) => {                mutations.forEach( ( mutation ) => {                    if ( mutation.type === 'attributes' && visibilityTestDiv.offsetParent !== null ) {                        debouncedTriggerPostRender();                        observer.disconnect();                    }                });            });            observer.observe( document.body, {                attributes: true,                childList: false,                subtree: true,                attributeFilter: [ 'style', 'class' ],            });        } else {            triggerPostRender();        }    } );} ); \n\/* ]]> *\/\n<\/script>\n\n<p><strong>E-Casting Anleitung:<\/strong><\/p>\n<p>Bitte alles sorgf\u00e4ltig durchlesen bevor Du beginnst.<\/p>\n<ol>\n<li><strong><u>VIDEO-AUFNAHME:<\/u><\/strong><\/li>\n<\/ol>\n<p><strong>Kamera-Einstellung\/Vorbereitung:<\/strong><\/p>\n<p><strong>Wir k\u00f6nnen dem Regisseuren nur qualitativ gute Self-Tapes pr\u00e4sentieren. Qualit\u00e4t der Performance und in audiovisueller Hinsicht.<\/strong><\/p>\n<p><strong>Deshalb stelle sicher, dass man Dich gut h\u00f6rt (Audio-Qualit\u00e4t) und man Dich gut sieht (Gutes Framing und gutes Licht)! Bevor Du mit deiner Szene beginnst, mach doch schnell einen Test um zu kontrollieren, dass alles passt.<br \/>\n<\/strong><\/p>\n<p>Die Kamera oder das Handy sollte auf einem Stativ platziert sein oder von einer ruhigen Hand gehalten werden, im Cinema\/Landscape-Format\u00a0(<strong>Bitte NICHT im Hochformat\/Selfie-Format!)<\/strong>\u00a0in einer\u00a0<strong>Halbnahen-<\/strong><strong>Einstellung<\/strong><strong>, sprich von Brust bis Kopf <\/strong><strong>\u00a0(Deine Gesichtsausdr\u00fccke sollen klar erkennbar sein in der Aufnahme. Wir interessieren uns nur f\u00fcr Dich in dieser Aufnahme und wie Du spielst)<\/strong>.<\/p>\n<p><strong>Falls Du abends filmst, stelle sicher, dass Du in einem gut beleuchteten Raum filmst.<\/strong><\/p>\n<p>Falls Du mit einem Gegenspieler aufnimmst, bitten wir Dich die Kamera auf DICH zu halten. Der Gegenspieler ist da um Dir zu helfen soll aber nicht im Bild sein.<\/p>\n<p>Spiel Deine Szenen auf CH-Deutsch, auch wenn das Story-Board auf Englisch ist.<\/p>\n<p>Da, die Sprach-S\u00e4tze eher kurz sind, gibt es &#8222;nicht viel zu sagen\u201c, trotzdem bitten wir Dich, die Szenen mit viel Ausdruck auszuspielen, mit Vorspann und Nachspann &#8211; Du darfst etwas &#8222;dazu\u201c fantasieren, damit wirklich etwas von Deiner Schauspiel-Kunst und Deinem Charakter zu sehen ist.<\/p>\n<p><strong>1<\/strong><strong>a<\/strong><strong>. Beginne gleich mit der Szene wie folgt:\u00a0<\/strong><\/p>\n<p>F\u00fcr die Vorstellung kannst Du gerne Englisch sprechen, da die Regisseure aus London sind. Ansonsten ist Schweizerdeutsch auch in Ordnung.<\/p>\n<p><strong>Stelle Dich kurz und kanckig<\/strong><strong> vor:<br \/>\n<\/strong><\/p>\n<ul>\n<li>Vor- und Nachname, Wohnort, Beruf und Dein letztes Film\/Werbe-Projekt.<\/li>\n<li>Warst Du in den letzten 5 Jahren in einem Werbespot f\u00fcr eine Marke, die mit Migros oder Playmobil konkurrenzieren k\u00f6nnte, als Haupt- oder Nebenrolle zu sehen?<\/li>\n<\/ul>\n<ol>\n<li>=&gt; Falls ja, erw\u00e4hne in welcher Werbung, in welcher Rolle und bis wann die Werbung zu sehen war.<\/li>\n<li>=&gt; Falls nein, erw\u00e4hne, dass Du in keiner Konkurrenzwerbung in den letzten 5 Jahren mitgemacht hast.<\/li>\n<\/ol>\n<ul>\n<li>Erw\u00e4hne falls Du bilingue\/trilingue bist.<\/li>\n<li>Bitte zeige Dein Profil von beiden Seiten, ca. 2-3 Sekunden.<\/li>\n<li>Bitte zeige Deine H\u00e4nde in die Kamera (vor deinem Gesicht halten), jeweils Handfl\u00e4che und R\u00fcckfl\u00e4che, ca. 2-3 Sekunden.<\/li>\n<li>Bitte starte gleich mit der folgenden Szene:<\/li>\n<\/ul>\n<p>________________________________________________________________________________________________________________________________________<\/p>\n<p><strong>ACHTUNG:<\/strong><strong>\u00a0Das Skript ist <\/strong><strong>h\u00f6chst <\/strong><strong>vertraulich zu behandeln und gilt einzig zur Vorbereitung zum Casting.\u00a0<\/strong><\/p>\n<p><strong>Weitere Nutzung oder Weiterversenden an Drittpersonen ist strengstens verboten<\/strong><strong>!<br \/>\n<\/strong><\/p>\n<p>________________________________________________________________________________________________________________________________________<\/p>\n<p>Du spielst \u00ab<strong>B\u00c4UERIN<\/strong>\u00bb.<\/p>\n<p>Spielsprache: CH-Deutsch<\/p>\n<p>Bitte spiele die Shots\/Bilder 3 &amp; 8, welche Du im Storyboard findest. Du kannst den Inhalt gerne ausschm\u00fccken und l\u00e4nger spielen.<\/p>\n<p>Klicke <a href=\"https:\/\/www.dropbox.com\/scl\/fo\/mpiece0nf07zs2z4vol0b\/AMXTqpoIc3jVecQ_pmKDlQg?rlkey=a0uta43ckgkgcpx97djeg74qi&amp;st=my2fr6qq&amp;dl=0\" target=\"_blank\" rel=\"noopener\"><b>hier um die Szenen einzusehen<\/b><\/a> einzusehen.<\/p>\n<p>Charakter Beschrieb: Du bist eine B\u00e4uerin, die gerne im freien ist und \u00fcber ihre Ernte Bescheid weiss &#8211; du bist zug\u00e4nglich, offen und freundlich. Du tr\u00e4gst einen Hut, Handschuhe, Gilet und Stiefel. In der Natur bist du Zuhause.<\/p>\n<p>Acting direction: voll lebendig und gleichzeitig voll bei dir, zuhause &#8211; in deinen Schuhen, naturnah<\/p>\n<p>Look: Country.<\/p>\n<p><strong>Gew\u00fcnschte Szene der Regie:<\/strong> Nachdem du eine Schokoladen-Tafel aus dem Boden raus gerupft hast &#8211; du siehst nichts Ungew\u00f6hnliches darin, und fegst Erde von der Tafel ab. Du darfst hier gerne etwas sagen und improvisieren. Danach machst du dich auf dem Weg zum Chocolatier. Du bringst ihm eine Ladung Schokoladen-Tafeln, welche er dann weiter verarbeitet. Du l\u00e4ufst aufrichtig und mit einer positiven Einstellung l\u00e4chelnd auf ihn zu und sagst: \u201eFr\u00fcschi Ernte, f\u00fcr dich.\u201c<\/p>\n<p>Der Ton der Darbietung \/ Anweisung der Regie:<br \/>\nWir suchen warme, sympathische Menschen, welche das Publikum einfangen k\u00f6nnen, denn es handelt sich um PlayMobil Figuren, die zum Leben erweckt werden.<\/p>\n<p>Der Ton der Szenen hier ist GLAUBW\u00dcRDIGKEIT, nat\u00fcrlich und unaufdringlich. Nichts ist erzwungen oder \u00fcbertrieben. Sollte realistisch und authentisch gespielt werden.<\/p>\n<p>Bestenfalls schneidest Du verschiedene Varianten\/Szenen zusammen in einem Video.<\/p>\n<p><strong>________________________________________________________________________________________________________________________________<\/strong><\/p>\n<ol start=\"2\">\n<li><strong>Bitte lade Dein Video <\/strong><strong>auf unsere Dropbox wie folgt:<\/strong><\/li>\n<\/ol>\n<p>Bitte lade Dein Video mit Deinem Vor- und Nachnamen angeschrieben auf unsere Dropbox.<\/p>\n<p><strong>Wichtig: Wir k\u00f6nnen nur vollst\u00e4ndige und termingerechte Einreichungen ber\u00fccksichtigen! Stelle sicher, dass Du alles eingereicht hast.<\/strong><\/p>\n<p>Am Besten machst du einen Ordner mit Deiner Datei drin, den Du auch mit Deinem Namen beschriftest. Lade dann den Ordner <strong>bis sp\u00e4testens 22<\/strong><strong><u>. Juni 2025<\/u><\/strong> hier hoch:<\/p>\n<p><strong><a href=\"https:\/\/www.dropbox.com\/request\/RgbXRw0tbTFl0cBgwVKR\" target=\"_blank\" rel=\"noopener\">eCASTING hochladen<\/a><\/strong><u><\/u><\/p>\n<p><strong><u>Eine finale Entscheidung ist momentan bis 26. Juni 2025 geplant.<br \/>\n<\/u><\/strong><\/p>\n<p><strong>Wichtig: Bitte behalte Dir alle Daten wie angegeben nach wie vor verf\u00fcgbar! <\/strong><\/p>\n<p>Vielen Dank! Wir freuen uns auf Deine Performance!<\/p>\n<p>Das <a href=\"http:\/\/castingtalents.tv\/\">CastingTalents.tv<\/a> \u2013 Team | <a href=\"http:\/\/www.castingtalents.tv\/\">www.castingtalents.tv<\/a><\/p>\n","protected":false},"excerpt":{"rendered":"<p>Gerne m\u00f6chten wir Dich zum eCasting f\u00fcr die MIGROS x PLAYMOBIL TV-Kampagne einladen! In diesen Spots geht es darum, die Welt durch die Augen eines Kindes zu sehen. ________________________________________________________________________________________________________________________________________ Dein eCasting brauchen wir bis sp\u00e4testens 22:00 Uhr (Abend) Sonntag, 22. Juni 2025. Bitte best\u00e4tige uns Deine Einreichung wie folgt: E-Casting Anleitung: Bitte alles sorgf\u00e4ltig durchlesen<a href=\"https:\/\/castingtalents.tv\/de\/ecasting-fuer-migros-x-playmobil-baeuerin\/\" class=\"btn btn-primary btn-sm more-link\">Continue reading<span class=\"screen-reader-text\"> &#8222;eCasting f\u00fcr MIGROS x PLAYMOBIL \u00abB\u00c4UERIN\u00bb&#8220;<\/span><\/a><\/p>\n","protected":false},"author":13,"featured_media":0,"parent":0,"menu_order":0,"comment_status":"closed","ping_status":"closed","template":"","meta":{"_acf_changed":false,"footnotes":""},"class_list":["post-37378","page","type-page","status-publish","hentry"],"acf":[],"_links":{"self":[{"href":"https:\/\/castingtalents.tv\/de\/wp-json\/wp\/v2\/pages\/37378\/"}],"collection":[{"href":"https:\/\/castingtalents.tv\/de\/wp-json\/wp\/v2\/pages\/"}],"about":[{"href":"https:\/\/castingtalents.tv\/de\/wp-json\/wp\/v2\/types\/page\/"}],"author":[{"embeddable":true,"href":"https:\/\/castingtalents.tv\/de\/wp-json\/wp\/v2\/users\/13\/"}],"replies":[{"embeddable":true,"href":"https:\/\/castingtalents.tv\/de\/wp-json\/wp\/v2\/comments\/?post=37378"}],"version-history":[{"count":8,"href":"https:\/\/castingtalents.tv\/de\/wp-json\/wp\/v2\/pages\/37378\/revisions\/"}],"predecessor-version":[{"id":37941,"href":"https:\/\/castingtalents.tv\/de\/wp-json\/wp\/v2\/pages\/37378\/revisions\/37941\/"}],"wp:attachment":[{"href":"https:\/\/castingtalents.tv\/de\/wp-json\/wp\/v2\/media\/?parent=37378"}],"curies":[{"name":"wp","href":"https:\/\/api.w.org\/{rel}","templated":true}]}}