{"id":39143,"date":"2026-03-11T13:39:19","date_gmt":"2026-03-11T12:39:19","guid":{"rendered":"https:\/\/castingtalents.tv\/?page_id=39143"},"modified":"2026-03-12T13:30:42","modified_gmt":"2026-03-12T12:30:42","slug":"ecasting-fuer-wo-alles-beginnt-x-wm-kampagne-sofia","status":"publish","type":"page","link":"https:\/\/castingtalents.tv\/de\/ecasting-fuer-wo-alles-beginnt-x-wm-kampagne-sofia\/","title":{"rendered":"eCasting f\u00fcr &#8222;Wo Alles Beginnt&#8220; WM-Kampagne Rolle &#8222;SOFIA&#8220;"},"content":{"rendered":"<h2><strong>eCasting f\u00fcr &#8222;Wo Alles Beginnt&#8220; WM -Kampagne! Rolle &#8222;SOFIA&#8220;<\/strong><\/h2>\n<p><strong>\u00a0<\/strong><\/p>\n<p>Gerne m\u00f6chten wir Dich zum eCasting f\u00fcr die &#8222;Wo Alles Beginnt&#8220; WM Kampagne einladen! In diesen Spots geht es um echte Emotionen und Loyalit\u00e4t.<\/p>\n<p>________________________________________________________________________________________________________________________________________<\/p>\n<p>Dein eCasting brauchen wir <strong>bis sp\u00e4testens 12:00 Uhr (Mittag) Samstag<\/strong><strong>, 14. M\u00e4rz 2026<\/strong>.<\/p>\n<p>________________________________________________________________________________________________________________________________________<\/p>\n<p><strong>E-Casting Anleitung:<\/strong><\/p>\n<p>Bitte alles sorgf\u00e4ltig durchlesen bevor Du beginnst. Wir k\u00f6nnen nur saubere und vollst\u00e4ndige Einreichungen ber\u00fccksichtigen.<\/p>\n<p>&nbsp;<\/p>\n<ol>\n<li><strong><u> VIDEO-AUFNAHME:<\/u><\/strong><\/li>\n<\/ol>\n<p><strong>Kamera-Einstellung\/Vorbereitung:<\/strong><\/p>\n<p><strong>Wir k\u00f6nnen nur qualitativ gute Self-Tapes dem Regisseuren pr\u00e4sentieren. Qualit\u00e4t der Performance und in audiovisueller Hinsicht.<\/strong><\/p>\n<p><strong>Deshalb stelle sicher, dass man Dich gut h\u00f6rt (Audio-Qualit\u00e4t) und man Dich gut sieht (Gutes Framing und gutes Licht)! Bevor Du mit deiner Szene beginnst, mach doch schnell einen Test um zu kontrollieren, dass alles passt.<br \/>\n<\/strong><\/p>\n<p>Die Kamera oder das Handy sollte auf einem Stativ platziert sein oder von einer ruhigen Hand gehalten werden, im Cinema\/Landscape-Format\u00a0(<strong>Bitte NICHT im Hochformat\/Selfie-Format!)<\/strong>\u00a0in einer\u00a0<strong>Halbnahen-<\/strong><strong>Einstellung<\/strong><strong>, sprich von Brust bis Kopf <\/strong><strong>(Deine Gesichtsausdr\u00fccke sollen klar erkennbar sein in der Aufnahme. Wir interessieren uns nur f\u00fcr Dich in dieser Aufnahme und wie Du spielst)<\/strong>.<\/p>\n<p><strong>Falls Du abends filmst, stelle sicher, dass Du in einem gut beleuchteten Raum filmst.<\/strong><\/p>\n<p>Falls Du mit einem Gegenspieler aufnimmst, bitten wir Dich die Kamera auf DICH zu halten. Der Gegenspieler ist da um Dir zu helfen aber nicht um im Bild zu sein.<\/p>\n<p>________________________________________________________________________________________________________________________________________<\/p>\n<p><strong>1<\/strong><strong>a<\/strong><strong>. Beginne gleich mit der Szene wie folgt:\u00a0<\/strong><\/p>\n<p>F\u00fcr die Vorstellung kannst Du gerne Schweizerdeutsch sprechen. Ansonsten ist Deutsch auch in Ordnung.<\/p>\n<p><strong>Stelle Dich kurz vor (bitte nicht zu lange reden. Sympathisch folgende Sachen sagen)<\/strong><strong>:<br \/>\n<\/strong><\/p>\n<ul>\n<li>Vor- und Nachname, Wohnort, deine Affinit\u00e4t zu Fussball und Dein letztes Film\/Werbe-Projekt.<\/li>\n<li>Erw\u00e4hne, ob Du in den letzten 5 Jahren in einer Werbung zu sehen warst, die mit einer Bank konkurrenzieren k\u00f6nnte.<\/li>\n<\/ul>\n<ol>\n<li>=&gt; Falls ja, erw\u00e4hne was deine Rolle war und bis wann die Werbung ausgestrahlt wurde\/wird.<\/li>\n<li>=&gt; Falls nein, erw\u00e4hne, dass Du noch nie f\u00fcr die Konkurrenz Werbung gemacht hast.<\/li>\n<\/ol>\n<ul>\n<li>Erw\u00e4hne falls Du bilingue\/trilingue bist und spreche einen Satz in den Sprachen, die Du muttersprachlich beherrschst.<\/li>\n<li>Bitte zeige Dein Profil von beiden Seiten, ca. 2-3 Sekunden.<\/li>\n<li>Bitte zeige Deine H\u00e4nde in die Kamera (vor deinem Gesicht halten), jeweils Handfl\u00e4che und R\u00fcckfl\u00e4che, ca. 2-3 Sekunden.<\/li>\n<li>Bitte starte gleich mit der folgenden Szene (kann auch in zwei Videos geschickt werden: 1Video f\u00fcr Vorstellung, 1 Video des Szenenspiels.<\/li>\n<\/ul>\n<p>Bitte spiele die gew\u00fcnschte Szene der Regie. Du kannst den Inhalt gerne ausschm\u00fccken (solange es nat\u00fcrlich im Kontext bleibt) und l\u00e4nger spielen. Nimm Dir einen &#8222;Gegenspieler&#8220; um es Dir einfacher\/realistischer zu gestalten. Die Kamera soll aber immer auf Dich in einer Nahaufnahme eingestellt sein.<\/p>\n<p>________________________________________________________________________________________________________________________________________<\/p>\n<p><strong>ACHTUNG:<\/strong><strong>\u00a0Das Skript ist <\/strong><strong>h\u00f6chst <\/strong><strong>vertraulich zu behandeln und gilt einzig zur Vorbereitung zum Casting.\u00a0<\/strong><\/p>\n<p><strong>Jegliche Nutzung, Weitersagen oder Weiterversenden an Drittpersonen ist strengstens verboten<\/strong><strong>!<br \/>\n<\/strong><\/p>\n<p>________________________________________________________________________________________________________________________________________<\/p>\n<p><strong>Du spielst \u00abSOFIA\u00bb, das Einlaufkin<\/strong><strong>d mit Fussballer Xhaka.<\/strong><\/p>\n<p><strong>Charakter Beschrieb:<\/strong><\/p>\n<p>Du tr\u00e4gst Mut nat\u00fcrlich in dich, hast einen Funkeln in den Augen, eine leise Neugier und eine offene, unverstellte Art. Du bist warm, und unverwechselbar. Schauspielerfahrung ist nicht notwendig. Was z\u00e4hlt, ist eine authentische Ausstrahlung und die F\u00e4higkeit, im Moment nat\u00fcrlich zu bleiben.<\/p>\n<p><span data-contrast=\"auto\"><strong>Genre:<\/strong> Nat\u00fcrlich.<\/span><span data-ccp-props=\"{}\">\u00a0<\/span><\/p>\n<p><strong>Look:<\/strong> Nat\u00fcrlich, offen, neugierig, warmherzig, unverstellt, lebendig, kindlich.<\/p>\n<p><strong><u>Gew\u00fcnschte Szene der Regie:<\/u><\/strong><\/p>\n<p data-start=\"220\" data-end=\"516\">Sofia steht im Tunnel des Stadions vor dem Anpfiff. Kinder sind in einer Reihe aufgestellt und blicken auf das Stadion. Ein sanftes, helles Licht vom Rasen f\u00e4llt auf ihre Gesichter. Der L\u00e4rm der Menge hallt durch den Betonraum. Sofia ist vorne in der Reihe.<\/p>\n<p data-start=\"220\" data-end=\"516\">Wir befinden uns vor der Reihe und blicken zur\u00fcck in den Tunnel, w\u00e4hrend sich das Bild langsam in einem sanften Zoom verengt. Ein kalter Luftzug weht durch den Gang. Sofias Hand zittert leicht an ihrer Seite. Sie dr\u00fcckt sie gegen ihr Trikot, um sich vor der K\u00e4lte zu sch\u00fctzen. Neben ihr stellt sich Xhaka an die Spitze der Reihe. Hinter ihm stehen Kobel und Akanji. Xhaka bemerkt ihre zitternde Hand. Wortlos zieht er seine Jacke aus und legt sie ihr sanft um die Schultern. Der \u00c4rmel f\u00e4llt \u00fcber ihre kleine Hand.<\/p>\n<p data-start=\"1038\" data-end=\"1328\">Sofia blickt auf. Xhaka nickt ihr leicht zu, ein kleines, beruhigendes L\u00e4cheln. Wir verharren im Bild, w\u00e4hrend Sofia nun ganz nat\u00fcrlich im Vordergrund steht, die drei Spieler hinter ihr &#8211; die Dimensionen des Tunnels, ihr grosser Moment. Gemeinsam machen sie ihren ersten Schritt nach vorn.<\/p>\n<p><strong>Der Ton der Darbietung \/ Anweisung der Regie:<\/strong><br \/>\nWir suchen <b>ein Kind mit nat\u00fcrlicher Pr\u00e4senz<\/b>, das nicht \u201espielt\u201c, sondern <b>authentisch in der Situation lebt<\/b>. Sofia soll <b>offen, neugierig und warmherzig<\/b> wirken, mit einem Hauch von Unsicherheit, der ihre kleine Hand zitternd verr\u00e4t.<\/p>\n<ul>\n<li>Keine \u00fcbertriebenen Emotionen. Alles bleibt <b>subtil, ruhig und realistisch\/wirklich gef\u00fchlt<\/b>.<\/li>\n<li>Physische Reaktionen (Handzittern, Trikot halten, Blickkontakt) sollen <b>ganz nat\u00fcrlich<\/b> wirken.<\/li>\n<li>Die Szene lebt von <b>Blick, Haltung und kleinen, realistischen Gesten<\/b>, nicht von Worten oder Slapstick.<\/li>\n<\/ul>\n<p>=&gt; Dreh die Szene <b>gerne zuhause oder in einer ruhigen Umgebung<\/b>. Ein Garten oder ein heller Raum reicht. Achte auf <b>gutes Licht<\/b> und eine ruhige Kamera, idealerweise halbnahe Aufnahme. Du kannst <b>1\u20132 Varianten<\/b> aufnehmen, falls m\u00f6glich. Eine gute Variante reicht aber auch.<\/p>\n<p><strong>________________________________________________________________________________________________________________________________<\/strong><\/p>\n<ol start=\"2\">\n<li><strong> Bitte lade Dein(e) Video(s) und Bilder <\/strong><strong>auf unsere Dropbox wie folgt:<\/strong><\/li>\n<\/ol>\n<p>Bitte lade Deine max. 2 Videos und 3-4 Portraits und 1 Ganzk\u00f6rperbild (aktuelle und wenn m\u00f6glich profesionelle Bilder oder alternativ sauber fotografierte Bilder vor einer weissen Wand in gutem Tageslicht, scharf gestellt) mit Deinem Rollennamen, Vor- und Nachnamen sowie Alter angeschrieben auf unsere Dropbox.<\/p>\n<p><strong>Wichtig: Wir k\u00f6nnen nur vollst\u00e4ndige und termingerechte Einreichungen ber\u00fccksichtigen! Stelle sicher, dass Du alles eingereicht hast.<\/strong><\/p>\n<p>Am Besten machst du einen Ordner mit all Deinen Dateien drin, den Du auch mit Deinem Namen beschriftest. Lade dann den ganzen Ordner <strong>bis sp\u00e4testens 14<\/strong><strong><u>. M\u00e4rz 2026<\/u><\/strong>\u00a0hier hoch:<\/p>\n<p><strong><a href=\"https:\/\/www.dropbox.com\/request\/MIJY7Ex1GmqGscViMCdH\" target=\"_blank\" rel=\"noopener\">eCASTING hochladen<\/a><\/strong><u><\/u><\/p>\n<p><strong><u>Eine finale Entscheidung ist momentan bis 26. M\u00e4rz 2026 geplant.<br \/>\n<\/u><\/strong><\/p>\n<p><strong>Wichtig: Bitte behalte Dir alle Daten wie angegeben nach wie vor verf\u00fcgbar! <\/strong><\/p>\n<p>Vielen Dank! Wir freuen uns auf Deine Performance!<\/p>\n<p>Das <a href=\"http:\/\/castingtalents.tv\/\">CastingTalents.tv<\/a> \u2013 Team | <a href=\"http:\/\/www.castingtalents.tv\/\">www.castingtalents.tv<\/a><\/p>\n","protected":false},"excerpt":{"rendered":"<p>eCasting f\u00fcr &#8222;Wo Alles Beginnt&#8220; WM -Kampagne! Rolle &#8222;SOFIA&#8220; \u00a0 Gerne m\u00f6chten wir Dich zum eCasting f\u00fcr die &#8222;Wo Alles Beginnt&#8220; WM Kampagne einladen! In diesen Spots geht es um echte Emotionen und Loyalit\u00e4t. ________________________________________________________________________________________________________________________________________ Dein eCasting brauchen wir bis sp\u00e4testens 12:00 Uhr (Mittag) Samstag, 14. M\u00e4rz 2026. ________________________________________________________________________________________________________________________________________ E-Casting Anleitung: Bitte alles sorgf\u00e4ltig durchlesen<a href=\"https:\/\/castingtalents.tv\/de\/ecasting-fuer-wo-alles-beginnt-x-wm-kampagne-sofia\/\" class=\"btn btn-primary btn-sm more-link\">Continue reading<span class=\"screen-reader-text\"> &#8222;eCasting f\u00fcr &#8222;Wo Alles Beginnt&#8220; WM-Kampagne Rolle &#8222;SOFIA&#8220;&#8220;<\/span><\/a><\/p>\n","protected":false},"author":13,"featured_media":0,"parent":0,"menu_order":0,"comment_status":"closed","ping_status":"closed","template":"","meta":{"_acf_changed":false,"footnotes":""},"class_list":["post-39143","page","type-page","status-publish","hentry"],"acf":[],"_links":{"self":[{"href":"https:\/\/castingtalents.tv\/de\/wp-json\/wp\/v2\/pages\/39143\/"}],"collection":[{"href":"https:\/\/castingtalents.tv\/de\/wp-json\/wp\/v2\/pages\/"}],"about":[{"href":"https:\/\/castingtalents.tv\/de\/wp-json\/wp\/v2\/types\/page\/"}],"author":[{"embeddable":true,"href":"https:\/\/castingtalents.tv\/de\/wp-json\/wp\/v2\/users\/13\/"}],"replies":[{"embeddable":true,"href":"https:\/\/castingtalents.tv\/de\/wp-json\/wp\/v2\/comments\/?post=39143"}],"version-history":[{"count":36,"href":"https:\/\/castingtalents.tv\/de\/wp-json\/wp\/v2\/pages\/39143\/revisions\/"}],"predecessor-version":[{"id":39293,"href":"https:\/\/castingtalents.tv\/de\/wp-json\/wp\/v2\/pages\/39143\/revisions\/39293\/"}],"wp:attachment":[{"href":"https:\/\/castingtalents.tv\/de\/wp-json\/wp\/v2\/media\/?parent=39143"}],"curies":[{"name":"wp","href":"https:\/\/api.w.org\/{rel}","templated":true}]}}