{"id":39162,"date":"2026-03-11T14:57:19","date_gmt":"2026-03-11T13:57:19","guid":{"rendered":"https:\/\/castingtalents.tv\/?page_id=39162"},"modified":"2026-03-16T12:47:37","modified_gmt":"2026-03-16T11:47:37","slug":"ecasting-fuer-wo-alles-beginnt-wm-kampagne-james","status":"publish","type":"page","link":"https:\/\/castingtalents.tv\/de\/ecasting-fuer-wo-alles-beginnt-wm-kampagne-james\/","title":{"rendered":"eCasting f\u00fcr &#8222;Wo Alles Beginnt&#8220; WM -Kampagne! &#8222;JAMES&#8220;"},"content":{"rendered":"<h2><strong>eCasting f\u00fcr &#8222;Wo Alles Beginnt&#8220; WM -Kampagne! &#8222;JAMES&#8220;<\/strong><\/h2>\n<p><strong>\u00a0<\/strong><\/p>\n<p>Gerne m\u00f6chten wir Dich zum eCasting f\u00fcr die &#8222;Wo Alles Beginnt&#8220; WM Kampagne einladen! In diesen Spots geht es um echte Emotionen und Loyalit\u00e4t.<\/p>\n<p>______________________________________________________________________________________________________________________________<\/p>\n<p>Dein eCasting brauchen wir <strong>bis sp\u00e4testens 12:00 Uhr (Mittag) Mittwoch<\/strong><strong>, 18. M\u00e4rz 2026<\/strong>.<\/p>\n<p>______________________________________________________________________________________________________________________________<\/p>\n<p><strong>E-Casting Anleitung:<\/strong><\/p>\n<p>Bitte alles sorgf\u00e4ltig durchlesen bevor Du beginnst. Wir k\u00f6nnen nur saubere und vollst\u00e4ndige Einreichungen ber\u00fccksichtigen.<\/p>\n<ol>\n<li><strong><u> VIDEO-AUFNAHME:<\/u><\/strong><\/li>\n<\/ol>\n<p><strong>Kamera-Einstellung\/Vorbereitung:<\/strong><\/p>\n<p><strong>Wir k\u00f6nnen nur qualitativ gute Self-Tapes dem Regisseuren pr\u00e4sentieren. Qualit\u00e4t der Performance und in audiovisueller Hinsicht.<\/strong><\/p>\n<p><strong>Deshalb stelle sicher, dass man Dich gut h\u00f6rt (Audio-Qualit\u00e4t) und man Dich gut sieht (Gutes Framing und gutes Licht)! Bevor Du mit deiner Szene beginnst, mach doch schnell einen Test um zu kontrollieren, dass alles passt.<br \/>\n<\/strong><\/p>\n<p>Die Kamera oder das Handy sollte auf einem Stativ platziert sein oder von einer ruhigen Hand gehalten werden, im Cinema\/Landscape-Format\u00a0(<strong>Bitte NICHT im Hochformat\/Selfie-Format!)<\/strong>\u00a0in einer\u00a0<strong>Halbnahen-<\/strong><strong>Einstellung<\/strong><strong>, sprich von Brust bis Kopf <\/strong><strong>(Deine Gesichtsausdr\u00fccke sollen klar erkennbar sein in der Aufnahme. Wir interessieren uns nur f\u00fcr Dich in dieser Aufnahme und wie Du spielst)<\/strong>.<\/p>\n<p><strong>Falls Du abends filmst, stelle sicher, dass Du in einem gut beleuchteten Raum filmst.<\/strong><\/p>\n<p>Falls Du mit einem Gegenspieler aufnimmst, bitten wir Dich die Kamera auf DICH zu halten. Der Gegenspieler ist da um Dir zu helfen aber nicht um im Bild zu sein.<\/p>\n<p>________________________________________________________________________________________________________________________________________<\/p>\n<p><strong>1<\/strong><strong>a<\/strong><strong>. Beginne gleich mit der Szene wie folgt:\u00a0<\/strong><\/p>\n<p>F\u00fcr die Vorstellung kannst Du gerne auf Deine pr\u00e4ferierte Sprache sprechen.<\/p>\n<p><strong>Stelle Dich kurz vor (bitte nicht zu lange reden. Sympathisch folgende Sachen sagen)<\/strong><strong>:<br \/>\n<\/strong><\/p>\n<ul>\n<li>Vor- und Nachname, Wohnort, deine Affinit\u00e4t zu Fussball und Dein letztes Film\/Werbe-Projekt.<\/li>\n<li>Erw\u00e4hne, ob Du in den letzten 5 Jahren in einer Werbung zu sehen warst, die mit einer Bank konkurrenzieren k\u00f6nnte.<\/li>\n<\/ul>\n<ol>\n<li>=&gt; Falls ja, erw\u00e4hne was deine Rolle war und bis wann die Werbung ausgestrahlt wurde\/wird.<\/li>\n<li>=&gt; Falls nein, erw\u00e4hne, dass Du noch nie f\u00fcr die Konkurrenz Werbung gemacht hast.<\/li>\n<\/ol>\n<ul>\n<li>F\u00fcr die Rolle musst Du Franz\u00f6sisch-Kanadisch-Sprachler sowie Englisch-sprechend sein. Spreche also einen Satz auf Franz\u00f6sisch-Kanadisch und auf Englisch, damit man sieht, dass Du&#8217;s muttersprachlich beherrschst.<\/li>\n<li>Bitte zeige Dein Profil von beiden Seiten, ca. 2-3 Sekunden.<\/li>\n<li>Bitte zeige Deine H\u00e4nde in die Kamera (vor deinem Gesicht halten), jeweils Handfl\u00e4che und R\u00fcckfl\u00e4che, ca. 2-3 Sekunden.<\/li>\n<li>Bitte starte gleich mit der folgenden Szene (kann auch in zwei Videos geschickt werden: 1Video f\u00fcr Vorstellung, 1 Video des Szenenspiels.<\/li>\n<\/ul>\n<p>Bitte spiele die gew\u00fcnschte Szene der Regie. Du kannst den Inhalt gerne ausschm\u00fccken (solange es nat\u00fcrlich im Kontext bleibt) und l\u00e4nger spielen. Nimm Dir einen &#8222;Gegenspieler&#8220; um es Dir einfacher\/realistischer zu gestalten. Die Kamera soll aber immer auf Dich in einer Nahaufnahme eingestellt sein.<\/p>\n<p>______________________________________________________________________________________________________________________________<\/p>\n<p><strong>ACHTUNG:<\/strong><strong>\u00a0Das Skript ist <\/strong><strong>h\u00f6chst <\/strong><strong>vertraulich zu behandeln und gilt einzig zur Vorbereitung zum Casting.\u00a0<\/strong><\/p>\n<p><strong>Jegliche Nutzung, Weitersagen oder Weiterversenden an Drittpersonen ist strengstens verboten<\/strong><strong>!<br \/>\n<\/strong><\/p>\n<p>______________________________________________________________________________________________________________________________<\/p>\n<p><strong>Du spielst \u00abJAMES\u00bb, den Canadian-Fan<\/strong><strong>.<\/strong><\/p>\n<p><strong>Charakter Beschrieb:<\/strong><\/p>\n<ul>\n<li>James tr\u00e4gt sein graues Haar mit Selbstbewusstsein und strahlt nat\u00fcrliche Ruhe und Gelassenheit aus, auch in chaotischen Situationen als Vater von Zwillingsm\u00e4dchen.<\/li>\n<li>Etwas sportlicher als Urs, altersgem\u00e4ss fit, selbstbewusst, freundlich, offen, aber aufmerksam und zur\u00fcckhaltend.<\/li>\n<li>Humorvoll durch subtile Reaktionen und nat\u00fcrliches, unaufdringliches kom\u00f6diantisches Timing.<\/li>\n<\/ul>\n<p><strong>Kriterium:<\/strong> Franz\u00f6sisch-kanadischer Sprecher.<\/p>\n<p><strong>Anweisung der Regie:<\/strong><\/p>\n<p data-start=\"65\" data-end=\"323\">Bitte nimm ein kurzes Self-Tape auf, in dem du die Szene spielst.<\/p>\n<p data-start=\"65\" data-end=\"323\">Stell dir vor, du sitzt bei einem Fussballspiel, als der Fan neben dir anf\u00e4ngt, mit dir zu reden. Er nimmt an, dass du Schweizer bist und versucht, ein Gespr\u00e4ch auf Franz\u00f6sisch zu beginnen.<\/p>\n<p data-start=\"325\" data-end=\"476\">Spiel die Szene anhand des Skripts (Siehe unten) durch. Konzentriere dich auf den Dialog, aber auch auf deine Gesichtsreaktionen und eine leichte Verwirrung.<\/p>\n<p data-start=\"478\" data-end=\"584\" data-is-last-node=\"\" data-is-only-node=\"\">Worauf ich vor allem achte, ist deine Pr\u00e4senz, kleine Reaktionen und <strong>gutes kom\u00f6diantisches Timing.<\/strong><\/p>\n<p><strong>Look:<\/strong> Grauhaarig, sportlich, gepflegt, kanadisches Fan-Trikot, entspannt, selbstbewusst, sympathisch.<\/p>\n<p><strong><u>Szene\/Skript:<\/u><\/strong><\/p>\n<p>Du sitzt bereits auf deinem Platz im Stadion. Die R\u00e4nge sind voll, die Stimmung ist lebhaft, Stimmen mischen sich mit dem Rauschen der Menge. Du h\u00e4ltst dein Getr\u00e4nk locker in der Hand und beobachtest das Spielfeld, w\u00e4hrend sich neben dir ein Fan mit zwei Getr\u00e4nken durch die Reihe k\u00e4mpft.<\/p>\n<p>Er setzt sich neben dich, dreht sich freundlich zu dir und sagt etwas auf Schweizerdeutsch: \u201eIsch l\u00e4ssig, gell?\u201c Du blinzelst kurz, leicht verwirrt, und antwortest h\u00f6flich: \u201ePardon?\u201c. Er merkt, dass du ihn nicht verstanden hast, beugt sich etwas n\u00e4her und versucht es erneut auf Franz\u00f6sisch:<br \/>\n\u201eAh, tu viens de Suisse romande?\u201c<\/p>\n<p>Eine kurze Pause entsteht, w\u00e4hrend der L\u00e4rm im Stadion anschwillt. Du l\u00e4chelst leicht, ruhig und freundlich, und antwortest in deinem kanadischen Franz\u00f6sisch: \u201eJe suis Canadien.\u201c Der Fan neben dir runzelt ein wenig die Stirn und fragt vorsichtig: \u201eGen\u00e8ve?\u201c Du sch\u00fcttelst den Kopf, immer noch gelassen: \u201eNein. Kanada.\u201c<\/p>\n<p>Er nickt selbstsicher, als h\u00e4tte er alles verstanden, und richtet seinen Blick wieder aufs Spielfeld. Du folgst seinem Blick, nimmst einen Schluck von deinem Getr\u00e4nk und beobachtest kurz das Spiel. Nach einem Moment merkst du aus dem Augenwinkel, wie er noch einmal zu dir schaut. Sein Blick f\u00e4llt auf das Ahornblatt auf deinem Trikot. F\u00fcr einen kurzen Moment scheint es bei ihm zu klicken. Er l\u00e4chelt leicht und sagt: \u201eAaah \u2013 Isch au okay.\u201c<\/p>\n<p>Ihr richtet beide eure Aufmerksamkeit wieder auf das Spiel.<span class=\"Apple-converted-space\">\u00a0<\/span><\/p>\n<p>&nbsp;<\/p>\n<p>=&gt; Dreh die Szene <b>gerne zuhause oder in einer ruhigen Umgebung<\/b>. Ein Garten oder ein heller Raum reicht. Achte auf <b>gutes Licht<\/b> und eine ruhige Kamera, halbnahe Aufnahme. Du kannst <b>1\u20132 Varianten<\/b> aufnehmen, falls m\u00f6glich. Eine gute Variante reicht aber auch.<\/p>\n<p>=&gt; H\u00e4nde sichtbar, um Getr\u00e4nk und kleine Gesten zu zeigen. Authentische Bewegungen: Keine \u00fcbertriebenen Schauspielaktionen, alles leicht, fl\u00fcssig und echt.<\/p>\n<p><strong>_______________________________________________________________________________________________________________________<\/strong><\/p>\n<ol start=\"2\">\n<li><strong> Bitte lade Dein(e) Video(s) und Bilder <\/strong><strong>auf unsere Dropbox wie folgt:<\/strong><\/li>\n<\/ol>\n<p>Bitte lade Deine max. 2 Videos und 3-4 Portraits und 1 Ganzk\u00f6rperbild (aktuelle und wenn m\u00f6glich profesionelle Bilder oder alternativ sauber fotografierte Bilder vor einer weissen Wand in gutem Tageslicht, scharf gestellt) mit Deinem Rollennamen, Vor- und Nachnamen sowie Alter angeschrieben auf unsere Dropbox.<\/p>\n<p><strong>Wichtig: Wir k\u00f6nnen nur vollst\u00e4ndige und termingerechte Einreichungen ber\u00fccksichtigen! Stelle sicher, dass Du alles eingereicht hast.<\/strong><\/p>\n<p>Am Besten machst du einen Ordner mit all Deinen Dateien drin, den Du auch mit Deinem Namen beschriftest. Lade dann den ganzen Ordner <strong>bis sp\u00e4testens 18<\/strong><strong><u>. M\u00e4rz 2026<\/u><\/strong>\u00a0hier hoch:<\/p>\n<p><strong><a href=\"https:\/\/www.dropbox.com\/request\/MIJY7Ex1GmqGscViMCdH\" target=\"_blank\" rel=\"noopener\">eCASTING hochladen<\/a><\/strong><u><\/u><\/p>\n<p><strong><u>Eine finale Entscheidung ist momentan bis 26. M\u00e4rz 2026 geplant.<br \/>\n<\/u><\/strong><\/p>\n<p><strong>Wichtig: Bitte behalte Dir alle Daten wie angegeben nach wie vor verf\u00fcgbar! <\/strong><\/p>\n<p>Vielen Dank! Wir freuen uns auf Deine Performance!<\/p>\n<p>Das <a href=\"http:\/\/castingtalents.tv\/\">CastingTalents.tv<\/a> \u2013 Team | <a href=\"http:\/\/www.castingtalents.tv\/\">www.castingtalents.tv<\/a><\/p>\n<p>&nbsp;<\/p>\n","protected":false},"excerpt":{"rendered":"<p>eCasting f\u00fcr &#8222;Wo Alles Beginnt&#8220; WM -Kampagne! &#8222;JAMES&#8220; \u00a0 Gerne m\u00f6chten wir Dich zum eCasting f\u00fcr die &#8222;Wo Alles Beginnt&#8220; WM Kampagne einladen! In diesen Spots geht es um echte Emotionen und Loyalit\u00e4t. ______________________________________________________________________________________________________________________________ Dein eCasting brauchen wir bis sp\u00e4testens 12:00 Uhr (Mittag) Mittwoch, 18. M\u00e4rz 2026. ______________________________________________________________________________________________________________________________ E-Casting Anleitung: Bitte alles sorgf\u00e4ltig durchlesen bevor<a href=\"https:\/\/castingtalents.tv\/de\/ecasting-fuer-wo-alles-beginnt-wm-kampagne-james\/\" class=\"btn btn-primary btn-sm more-link\">Continue reading<span class=\"screen-reader-text\"> &#8222;eCasting f\u00fcr &#8222;Wo Alles Beginnt&#8220; WM -Kampagne! &#8222;JAMES&#8220;&#8220;<\/span><\/a><\/p>\n","protected":false},"author":13,"featured_media":0,"parent":0,"menu_order":0,"comment_status":"closed","ping_status":"closed","template":"","meta":{"_acf_changed":false,"footnotes":""},"class_list":["post-39162","page","type-page","status-publish","hentry"],"acf":[],"_links":{"self":[{"href":"https:\/\/castingtalents.tv\/de\/wp-json\/wp\/v2\/pages\/39162\/"}],"collection":[{"href":"https:\/\/castingtalents.tv\/de\/wp-json\/wp\/v2\/pages\/"}],"about":[{"href":"https:\/\/castingtalents.tv\/de\/wp-json\/wp\/v2\/types\/page\/"}],"author":[{"embeddable":true,"href":"https:\/\/castingtalents.tv\/de\/wp-json\/wp\/v2\/users\/13\/"}],"replies":[{"embeddable":true,"href":"https:\/\/castingtalents.tv\/de\/wp-json\/wp\/v2\/comments\/?post=39162"}],"version-history":[{"count":14,"href":"https:\/\/castingtalents.tv\/de\/wp-json\/wp\/v2\/pages\/39162\/revisions\/"}],"predecessor-version":[{"id":39452,"href":"https:\/\/castingtalents.tv\/de\/wp-json\/wp\/v2\/pages\/39162\/revisions\/39452\/"}],"wp:attachment":[{"href":"https:\/\/castingtalents.tv\/de\/wp-json\/wp\/v2\/media\/?parent=39162"}],"curies":[{"name":"wp","href":"https:\/\/api.w.org\/{rel}","templated":true}]}}