{"id":39206,"date":"2026-03-11T17:58:00","date_gmt":"2026-03-11T16:58:00","guid":{"rendered":"https:\/\/castingtalents.tv\/?page_id=39206"},"modified":"2026-03-23T15:06:55","modified_gmt":"2026-03-23T14:06:55","slug":"ecasting-fuer-wo-alles-beginnt-wm-kampagne-couple-paar","status":"publish","type":"page","link":"https:\/\/castingtalents.tv\/de\/ecasting-fuer-wo-alles-beginnt-wm-kampagne-couple-paar\/","title":{"rendered":"eCasting f\u00fcr &#8222;Wo Alles Beginnt&#8220; WM -Kampagne! &#8222;COUPLE\/PAAR&#8220;"},"content":{"rendered":"<h2><strong>eCasting f\u00fcr &#8222;Wo Alles Beginnt&#8220; WM -Kampagne! &#8222;COUPLE\/PAAR&#8220;<\/strong><\/h2>\n<p><strong>\u00a0<\/strong><\/p>\n<p>Gerne m\u00f6chten wir Dich zum eCasting f\u00fcr die &#8222;Wo Alles Beginnt&#8220; WM Kampagne einladen! In diesen Spots geht es um echte Emotionen und Loyalit\u00e4t.<\/p>\n<p>______________________________________________________________________________________________________________________________<\/p>\n<p>Dein eCasting brauchen wir <strong>bis sp\u00e4testens 20:00 Uhr Dienstag<\/strong><strong>, 24. M\u00e4rz 2026<\/strong>.<\/p>\n<p>______________________________________________________________________________________________________________________________<\/p>\n<p><strong>E-Casting Anleitung:<\/strong><\/p>\n<p>Bitte alles sorgf\u00e4ltig durchlesen bevor Du beginnst. Wir k\u00f6nnen nur saubere und vollst\u00e4ndige Einreichungen ber\u00fccksichtigen.<\/p>\n<ol>\n<li><strong><u> VIDEO-AUFNAHME:<\/u><\/strong><\/li>\n<\/ol>\n<p><strong>Kamera-Einstellung\/Vorbereitung:<\/strong><\/p>\n<p><strong>Wir k\u00f6nnen nur qualitativ gute Self-Tapes dem Regisseuren pr\u00e4sentieren. Qualit\u00e4t der Performance und in audiovisueller Hinsicht.<\/strong><\/p>\n<p><strong>Deshalb stelle sicher, dass man Dich gut h\u00f6rt (Audio-Qualit\u00e4t) und man Dich gut sieht (Gutes Framing und gutes Licht)! Bevor Du mit deiner Szene beginnst, mach doch schnell einen Test um zu kontrollieren, dass alles passt.<br \/>\n<\/strong><\/p>\n<p>Die Kamera oder das Handy sollte auf einem Stativ platziert sein oder von einer ruhigen Hand gehalten werden, im Cinema\/Landscape-Format\u00a0(<strong>Bitte NICHT im Hochformat\/Selfie-Format!)<\/strong>\u00a0in einer\u00a0<strong>Halbnahen-<\/strong><strong>Einstellung<\/strong><strong>, sprich von Brust bis Kopf <\/strong><strong>(Deine Gesichtsausdr\u00fccke sollen klar erkennbar sein in der Aufnahme. Wir interessieren uns nur f\u00fcr Dich in dieser Aufnahme und wie Du spielst)<\/strong>.<\/p>\n<p><strong>Falls Du abends filmst, stelle sicher, dass Du in einem gut beleuchteten Raum filmst.<\/strong><\/p>\n<p>Falls Du mit einem Gegenspieler aufnimmst, bitten wir Dich die Kamera auf DICH zu halten. Der Gegenspieler ist da um Dir zu helfen aber nicht um im Bild zu sein.<\/p>\n<p>________________________________________________________________________________________________________________________________________<\/p>\n<p><strong>1<\/strong><strong>a<\/strong><strong>. Beginne gleich mit der Szene wie folgt:\u00a0<\/strong><\/p>\n<p>F\u00fcr die Vorstellung kannst Du gerne Schweizerdeutsch sprechen.<\/p>\n<p><strong>Stelle Dich kurz vor (bitte nicht zu lange reden. Sympathisch folgende Sachen sagen)<\/strong><strong>:<br \/>\n<\/strong><\/p>\n<ul>\n<li>Vor- und Nachname, Wohnort, deine Affinit\u00e4t zu Fussball und Dein letztes Film\/Werbe-Projekt.<\/li>\n<li>Erw\u00e4hne, ob Du in den letzten 5 Jahren in einer Werbung zu sehen warst, die mit einer Bank konkurrenzieren k\u00f6nnte.<\/li>\n<\/ul>\n<ol>\n<li>=&gt; Falls ja, erw\u00e4hne was deine Rolle war und bis wann die Werbung ausgestrahlt wurde\/wird.<\/li>\n<li>=&gt; Falls nein, erw\u00e4hne, dass Du noch nie f\u00fcr die Konkurrenz Werbung gemacht hast.<\/li>\n<\/ol>\n<ul>\n<li>Erw\u00e4hne falls Du bilingue\/trilingue bist und spreche einen Satz in den Sprachen, die Du muttersprachlich beherrschst.<\/li>\n<li>Bitte zeige Dein Profil von beiden Seiten, ca. 2-3 Sekunden.<\/li>\n<li>Bitte zeige Deine H\u00e4nde in die Kamera (vor deinem Gesicht halten), jeweils Handfl\u00e4che und R\u00fcckfl\u00e4che, ca. 2-3 Sekunden.<\/li>\n<li>Bitte starte gleich mit der folgenden Szene (kann auch in zwei Videos geschickt werden: 1Video f\u00fcr Vorstellung, 1 Video des Szenenspiels.<\/li>\n<\/ul>\n<p>Bitte spiele die gew\u00fcnschte Szene der Regie. Du kannst den Inhalt gerne ausschm\u00fccken (solange es nat\u00fcrlich im Kontext bleibt) und l\u00e4nger spielen. Nimm Dir einen &#8222;Gegenspieler&#8220; um es Dir einfacher\/realistischer zu gestalten. Die Kamera soll aber immer auf Dich in einer Nahaufnahme eingestellt sein.<\/p>\n<p>______________________________________________________________________________________________________________________________<\/p>\n<p><strong>ACHTUNG:<\/strong><strong>\u00a0Das Skript ist <\/strong><strong>h\u00f6chst <\/strong><strong>vertraulich zu behandeln und gilt einzig zur Vorbereitung zum Casting.\u00a0<\/strong><\/p>\n<p><strong>Jegliche Nutzung, Weitersagen oder Weiterversenden an Drittpersonen ist strengstens verboten<\/strong><strong>!<br \/>\n<\/strong><\/p>\n<p>______________________________________________________________________________________________________________________________<\/p>\n<p><strong>Du spielst \u00abCOUPLE\/PAAR\u00bb, das Fan-P\u00e4rchen<\/strong><strong>.<\/strong><\/p>\n<p><strong>Charakter Beschrieb:<\/strong><\/p>\n<ul>\n<li>Ihr liebt das internationale Spiel, mit echter Dynamik und W\u00e4rme, vertraut.<\/li>\n<li>Ihr seid leicht tollpatschig oder chaotisch auf charmante Weise, mit spontanen, nat\u00fcrlichen Reaktionen.<\/li>\n<li>Humor entsteht durch ehrliches Verhalten, nicht gespielte Szenen.<\/li>\n<li>Gute k\u00f6rperliche Pr\u00e4senz und feines kom\u00f6diantisches Timing erforderlich, z.\u202fB. bei physischen Situationen wie dem Ausweichen grosser Fahnen im Stadion.<\/li>\n<\/ul>\n<p><strong>Anweisung der Regie:<\/strong><\/p>\n<p>Wir suchen ein Paar, das authentisch und lebendig wirkt, das nicht \u201espielt\u201c, sondern die Situation wirklich erlebt. Die beiden sollen als Team agieren, vertraut miteinander, leicht chaotisch und warmherzig. Ihre Reaktionen auf das pl\u00f6tzliche, \u00fcberdimensionale Flaggenchaos sollen spontan, ehrlich und komisch wirken, ohne dass sie \u00fcbertrieben wirken. Die Szene lebt von Blicken, K\u00f6rperbewegungen und kleinen Gesten, nicht von Worten.<\/p>\n<p>Bitte nimm ein kurzes Self-Tape auf, in dem ihr die Szene spielt.<\/p>\n<article class=\"text-token-text-primary w-full focus:outline-none [--shadow-height:45px] has-data-writing-block:pointer-events-none has-data-writing-block:-mt-(--shadow-height) has-data-writing-block:pt-(--shadow-height) [&amp;:has([data-writing-block])&gt;*]:pointer-events-auto scroll-mt-[calc(var(--header-height)+min(200px,max(70px,20svh)))]\" dir=\"auto\" tabindex=\"-1\" data-turn-id=\"request-WEB:65a2b809-c0df-4805-ad72-3907bbef0d88-0\" data-testid=\"conversation-turn-2\" data-scroll-anchor=\"true\" data-turn=\"assistant\">\n<div class=\"text-base my-auto mx-auto pb-10 [--thread-content-margin:var(--thread-content-margin-xs,calc(var(--spacing)*4))] @w-sm\/main:[--thread-content-margin:var(--thread-content-margin-sm,calc(var(--spacing)*6))] @w-lg\/main:[--thread-content-margin:var(--thread-content-margin-lg,calc(var(--spacing)*16))] px-(--thread-content-margin)\">\n<div class=\"[--thread-content-max-width:40rem] @w-lg\/main:[--thread-content-max-width:48rem] mx-auto max-w-(--thread-content-max-width) flex-1 group\/turn-messages focus-visible:outline-hidden relative flex w-full min-w-0 flex-col agent-turn\" tabindex=\"-1\">\n<div class=\"flex max-w-full flex-col gap-4 grow\">\n<div class=\"min-h-8 text-message relative flex w-full flex-col items-end gap-2 text-start break-words whitespace-normal [.text-message+&amp;]:mt-1\" dir=\"auto\" data-message-author-role=\"assistant\" data-message-id=\"5eb7f30c-4b85-4df2-a46d-12a029f9d742\" data-message-model-slug=\"gpt-5-3\">\n<div class=\"flex w-full flex-col gap-1 empty:hidden\">\n<div class=\"markdown prose dark:prose-invert w-full wrap-break-word dark markdown-new-styling\">\n<p>Stell euch vor, ihr seid gerade an eurem Platz in einem voll besetzten Fussballstadion angekommen. Ihr seid gut gelaunt und freut euch \u00fcber den Platz, den ihr gefunden habt.<\/p>\n<p data-start=\"318\" data-end=\"360\"><strong data-start=\"318\" data-end=\"358\">Aktion, die wir gerne sehen w\u00fcrde (wenn m\u00f6glich eingebettet im Szenenspiel):<\/strong><\/p>\n<ul>\n<li>Setz euch hin, als w\u00e4rt ihr gerade mit Getr\u00e4nken oder Snacks angekommen. Schau Richtung Spielfeld und sag ganz nat\u00fcrlich: \u201eSuper Pl\u00e4tz, gell?\u201c oder etwas \u00c4hnliches.<\/li>\n<li>Pl\u00f6tzlich stellst ihr euch vor, dass <b>eine grosse Fahne direkt vor euch hochgeht<\/b> und euch die Sicht versperrt. Das frustriert euch etwas.<\/li>\n<li>Versucht, daran vorbeizuschauen: lehnt euch leicht nach links und rechts, vielleicht auch etwas nach oben oder unten, um doch noch etwas vom Spiel zu sehen.<\/li>\n<li>Wichtig sind dabei vor allem <b>eure Gesichtsausdr\u00fccke und kleinen Reaktionen<\/b>, w\u00e4hrend die Fahne eur immer wieder die Sicht blockiert. Bleibt dabei nat\u00fcrlich \u2013 als w\u00fcrdet ihr einfach nur versuchen, das Spiel zu verfolgen.<\/li>\n<\/ul>\n<p data-start=\"973\" data-end=\"1205\"><strong>Look:<\/strong> Nat\u00fcrlich, sympathisch, leicht chaotisch, spontan, lebendig, vertraut und warmherzig.<\/p>\n<\/div>\n<\/div>\n<\/div>\n<\/div>\n<\/div>\n<\/div>\n<\/article>\n<p><strong><u>Szene:<\/u><\/strong><\/p>\n<p>Ein vollbesetztes Stadion. Die Stimmung ist ausgelassen. Zwei Schweizer Fans (ein Paar) erreichen ihre Pl\u00e4tze mit Getr\u00e4nken und Snacks. Sie setzen sich, etwas au\u00dfer Atem, aber zufrieden. \u201eSuper Pl\u00e4tz, gell?\u201c<\/p>\n<p>Bevor der andere antworten kann, schwingt pl\u00f6tzlich eine riesige Schweizer Flagge vor ihnen, enthusiastisch geschwenkt von den Fans in der Reihe vor ihnen. Der rote Stoff versperrt ihnen die Sicht. Die Flagge schwingt nach rechts. Beide beugen sich nach links. Die Flagge schwingt nach links. Sie beugen sich nach rechts. Doch immer noch keine Sicht.<\/p>\n<p>Die Kamera schwenkt langsam zur\u00fcck und weitet den Bildausschnitt. Nun sieht man, dass nur die beiden komplett von Flaggen verdeckt sind. Alle anderen um sie herum haben freie Sicht auf das Spielfeld.<\/p>\n<p>Entschlossen beugen sie sich weiter vor, versuchen, einen Blick auf das Spiel zu erhaschen. Das Stadion tobt. Sie reagieren einen Augenblick zu sp\u00e4t, noch immer fassungslos, was gerade passiert ist.<\/p>\n<article class=\"text-token-text-primary w-full focus:outline-none [--shadow-height:45px] has-data-writing-block:pointer-events-none has-data-writing-block:-mt-(--shadow-height) has-data-writing-block:pt-(--shadow-height) [&amp;:has([data-writing-block])&gt;*]:pointer-events-auto scroll-mt-(--header-height)\" dir=\"auto\" tabindex=\"-1\" data-turn-id=\"4df46fb8-ee9d-48e6-bd57-43e0c0356604\" data-testid=\"conversation-turn-1\" data-scroll-anchor=\"false\" data-turn=\"user\">\n<div class=\"text-base my-auto mx-auto pt-3 [--thread-content-margin:var(--thread-content-margin-xs,calc(var(--spacing)*4))] @w-sm\/main:[--thread-content-margin:var(--thread-content-margin-sm,calc(var(--spacing)*6))] @w-lg\/main:[--thread-content-margin:var(--thread-content-margin-lg,calc(var(--spacing)*16))] px-(--thread-content-margin)\">\n<div class=\"z-0 flex justify-end\"><\/div>\n<\/div>\n<\/article>\n<p>=&gt; Dreh die Szene <b>gerne zuhause oder in einer ruhigen Umgebung<\/b>. Ein Garten oder ein heller Raum reicht. Achte auf <b>gutes Licht<\/b> und eine ruhige Kamera, halbnahe Aufnahme. Du kannst <b>1\u20132 Varianten<\/b> aufnehmen, falls m\u00f6glich. Eine gute Variante reicht aber auch.<\/p>\n<p><strong>_______________________________________________________________________________________________________________________<\/strong><\/p>\n<ol start=\"2\">\n<li><strong> Bitte lade Dein(e) Video(s) und Bilder <\/strong><strong>auf unsere Dropbox wie folgt:<\/strong><\/li>\n<\/ol>\n<p>Bitte lade Deine max. 2 Videos und 3-4 Portraits und 1 Ganzk\u00f6rperbild (aktuelle und wenn m\u00f6glich profesionelle Bilder oder alternativ sauber fotografierte Bilder vor einer weissen Wand in gutem Tageslicht, scharf gestellt) mit Deinem Rollennamen, Vor- und Nachnamen sowie Alter angeschrieben auf unsere Dropbox.<\/p>\n<p><strong>Wichtig: Wir k\u00f6nnen nur vollst\u00e4ndige und termingerechte Einreichungen ber\u00fccksichtigen! Stelle sicher, dass Du alles eingereicht hast.<\/strong><\/p>\n<p>Am Besten machst du einen Ordner mit all Deinen Dateien drin, den Du auch mit Deinem Namen beschriftest. Lade dann den ganzen Ordner <strong>bis sp\u00e4testens 24<\/strong><strong><u>. M\u00e4rz 2026<\/u><\/strong>\u00a0hier hoch:<\/p>\n<p><strong><a href=\"https:\/\/www.dropbox.com\/request\/MIJY7Ex1GmqGscViMCdH\" target=\"_blank\" rel=\"noopener\">eCASTING hochladen<\/a><\/strong><u><\/u><\/p>\n<p><strong><u>Eine finale Entscheidung ist momentan bis 26. M\u00e4rz 2026 geplant.<br \/>\n<\/u><\/strong><\/p>\n<p><strong>Wichtig: Bitte behalte Dir alle Daten wie angegeben nach wie vor verf\u00fcgbar! <\/strong><\/p>\n<p>Vielen Dank! Wir freuen uns auf Deine Performance!<\/p>\n<p>Das <a href=\"http:\/\/castingtalents.tv\/\">CastingTalents.tv<\/a> \u2013 Team | <a href=\"http:\/\/www.castingtalents.tv\/\">www.castingtalents.tv<\/a><\/p>\n","protected":false},"excerpt":{"rendered":"<p>eCasting f\u00fcr &#8222;Wo Alles Beginnt&#8220; WM -Kampagne! &#8222;COUPLE\/PAAR&#8220; \u00a0 Gerne m\u00f6chten wir Dich zum eCasting f\u00fcr die &#8222;Wo Alles Beginnt&#8220; WM Kampagne einladen! In diesen Spots geht es um echte Emotionen und Loyalit\u00e4t. ______________________________________________________________________________________________________________________________ Dein eCasting brauchen wir bis sp\u00e4testens 20:00 Uhr Dienstag, 24. M\u00e4rz 2026. ______________________________________________________________________________________________________________________________ E-Casting Anleitung: Bitte alles sorgf\u00e4ltig durchlesen bevor Du<a href=\"https:\/\/castingtalents.tv\/de\/ecasting-fuer-wo-alles-beginnt-wm-kampagne-couple-paar\/\" class=\"btn btn-primary btn-sm more-link\">Continue reading<span class=\"screen-reader-text\"> &#8222;eCasting f\u00fcr &#8222;Wo Alles Beginnt&#8220; WM -Kampagne! &#8222;COUPLE\/PAAR&#8220;&#8220;<\/span><\/a><\/p>\n","protected":false},"author":13,"featured_media":0,"parent":0,"menu_order":0,"comment_status":"closed","ping_status":"closed","template":"","meta":{"_acf_changed":false,"footnotes":""},"class_list":["post-39206","page","type-page","status-publish","hentry"],"acf":[],"_links":{"self":[{"href":"https:\/\/castingtalents.tv\/de\/wp-json\/wp\/v2\/pages\/39206\/"}],"collection":[{"href":"https:\/\/castingtalents.tv\/de\/wp-json\/wp\/v2\/pages\/"}],"about":[{"href":"https:\/\/castingtalents.tv\/de\/wp-json\/wp\/v2\/types\/page\/"}],"author":[{"embeddable":true,"href":"https:\/\/castingtalents.tv\/de\/wp-json\/wp\/v2\/users\/13\/"}],"replies":[{"embeddable":true,"href":"https:\/\/castingtalents.tv\/de\/wp-json\/wp\/v2\/comments\/?post=39206"}],"version-history":[{"count":5,"href":"https:\/\/castingtalents.tv\/de\/wp-json\/wp\/v2\/pages\/39206\/revisions\/"}],"predecessor-version":[{"id":39548,"href":"https:\/\/castingtalents.tv\/de\/wp-json\/wp\/v2\/pages\/39206\/revisions\/39548\/"}],"wp:attachment":[{"href":"https:\/\/castingtalents.tv\/de\/wp-json\/wp\/v2\/media\/?parent=39206"}],"curies":[{"name":"wp","href":"https:\/\/api.w.org\/{rel}","templated":true}]}}