{"id":405,"date":"2018-02-05T12:16:24","date_gmt":"2018-02-05T11:16:24","guid":{"rendered":"http:\/\/castingtalents.tv\/?page_id=405"},"modified":"2018-05-23T12:58:57","modified_gmt":"2018-05-23T10:58:57","slug":"jobs","status":"publish","type":"page","link":"https:\/\/castingtalents.tv\/de\/jobs\/","title":{"rendered":"JOBS"},"content":{"rendered":"<p>Location: Z\u00fcrich<\/p>\n<p>Wir suchen eine\/einen Casting Agent auf Freelance-Basis f\u00fcr eine langfristige Zusammenarbeit.<\/p>\n<p>Anforderungen:<\/p>\n<ul>\n<li>Interesse auf langfristige Zusammenarbeit mit M\u00f6glichkeit auf Kompetenz-Erweiterung<\/li>\n<li>Kenntnisse in Film-Branche und Casting-Arbeiten von Vorteil<\/li>\n<li>Flexibilit\u00e4t und die Gabe auch unter Zeitdruck einen k\u00fchlen Kopf zu bewahren<\/li>\n<li>Freude im Kontakt mit Menschen<\/li>\n<li>Umgang mit Excel, Mac.<\/li>\n<li>Visuelles Verst\u00e4ndnis (Fotografie \/ Film) von Vorteil<\/li>\n<\/ul>\n<p>&nbsp;<\/p>\n<p>Bei Interesse melde Dich mit der Referenz &#8218;Casting Agent&#8216; \u00a0und deinen Erfahrungen bei: office@aureliamarine.com<\/p>\n","protected":false},"excerpt":{"rendered":"<p>Location: Z\u00fcrich Wir suchen eine\/einen Casting Agent auf Freelance-Basis f\u00fcr eine langfristige Zusammenarbeit. Anforderungen: Interesse auf langfristige Zusammenarbeit mit M\u00f6glichkeit auf Kompetenz-Erweiterung Kenntnisse in Film-Branche und Casting-Arbeiten von Vorteil Flexibilit\u00e4t und die Gabe auch unter Zeitdruck einen k\u00fchlen Kopf zu bewahren Freude im Kontakt mit Menschen Umgang mit Excel, Mac. Visuelles Verst\u00e4ndnis (Fotografie \/ Film)<a href=\"https:\/\/castingtalents.tv\/de\/jobs\/\" class=\"btn btn-primary btn-sm more-link\">Continue reading<span class=\"screen-reader-text\"> &#8222;JOBS&#8220;<\/span><\/a><\/p>\n","protected":false},"author":2,"featured_media":0,"parent":0,"menu_order":0,"comment_status":"closed","ping_status":"closed","template":"","meta":{"_acf_changed":false,"footnotes":""},"class_list":["post-405","page","type-page","status-publish","hentry"],"acf":[],"_links":{"self":[{"href":"https:\/\/castingtalents.tv\/de\/wp-json\/wp\/v2\/pages\/405\/"}],"collection":[{"href":"https:\/\/castingtalents.tv\/de\/wp-json\/wp\/v2\/pages\/"}],"about":[{"href":"https:\/\/castingtalents.tv\/de\/wp-json\/wp\/v2\/types\/page\/"}],"author":[{"embeddable":true,"href":"https:\/\/castingtalents.tv\/de\/wp-json\/wp\/v2\/users\/2\/"}],"replies":[{"embeddable":true,"href":"https:\/\/castingtalents.tv\/de\/wp-json\/wp\/v2\/comments\/?post=405"}],"version-history":[{"count":5,"href":"https:\/\/castingtalents.tv\/de\/wp-json\/wp\/v2\/pages\/405\/revisions\/"}],"predecessor-version":[{"id":966,"href":"https:\/\/castingtalents.tv\/de\/wp-json\/wp\/v2\/pages\/405\/revisions\/966\/"}],"wp:attachment":[{"href":"https:\/\/castingtalents.tv\/de\/wp-json\/wp\/v2\/media\/?parent=405"}],"curies":[{"name":"wp","href":"https:\/\/api.w.org\/{rel}","templated":true}]}}