{"id":540,"date":"2018-02-12T10:30:10","date_gmt":"2018-02-12T09:30:10","guid":{"rendered":"http:\/\/castingtalents.tv\/?page_id=540"},"modified":"2026-04-21T14:48:57","modified_gmt":"2026-04-21T12:48:57","slug":"about","status":"publish","type":"page","link":"https:\/\/castingtalents.tv\/de\/about\/","title":{"rendered":"ABOUT | DAS TEAM"},"content":{"rendered":"<div>\n<p>&nbsp;<\/p>\n<div>\n<hr class=\"\" data-start=\"119\" data-end=\"122\" \/>\n<p class=\"\" data-start=\"97\" data-end=\"542\"><strong data-start=\"97\" data-end=\"118\">CastingTalents.tv<\/strong> ist eine selektive Casting- und Talentagentur mit Sitz in Z\u00fcrich und kreativer Reichweite nach London, Berlin und Ibiza. Die Agentur blickt auf zehn erfolgreiche Jahre als verl\u00e4sslicher Casting-Partner f\u00fcr Kund:innen weltweit zur\u00fcck. Mit einem fein abgestimmten Gesp\u00fcr f\u00fcr Pr\u00e4senz, Wirkung und Authentizit\u00e4t bringen wir au\u00dfergew\u00f6hnliche Talente mit Projekten zusammen, die kulturelle Relevanz und emotionale Tiefe vereinen.<\/p>\n<p class=\"\" data-start=\"544\" data-end=\"834\">Wir begleiten Werbe-, Film- und Kunstproduktionen mit strategischer Weitsicht und intuitiver Kreativit\u00e4t. Unser Talentpool umfasst ein breites Spektrum an Pers\u00f6nlichkeiten \u2013 von Schauspieler:innen und Musiker:innen bis hin zu au\u00dfergew\u00f6hnlichen Charakteren und kulturell engagierten Stimmen.<\/p>\n<p class=\"\" data-start=\"836\" data-end=\"1038\">Mit \u00fcber einem Jahrzehnt Erfahrung und einem sorgf\u00e4ltig kuratierten internationalen Netzwerk besetzen wir Projekte pr\u00e4zise und effizient \u2013 stets mit einem Blick f\u00fcr Nuancen, Resonanz und Ausdruckskraft.<\/p>\n<p class=\"\" data-start=\"1040\" data-end=\"1240\"><strong>Getragen von einem avantgardistischen Geist sind wir entschlossen, kreative Grenzen neu zu denken \u2013 und begreifen Diversit\u00e4t und Inklusivit\u00e4t als selbstverst\u00e4ndlichen Ausdruck zeitgen\u00f6ssischer Kultur.<\/strong><\/p>\n<p class=\"\" data-start=\"1242\" data-end=\"1540\">Um auch k\u00fcnftig am Puls der Zeit zu bleiben, <strong>haben wir unsere Datenbank und Software von Grund auf neu aufgebaut und haben am 1. Mai 2025 unseren optimierten Workflow eingef\u00fchrt.<\/strong> Diese Weiterentwicklungen erm\u00f6glichen es uns, Talente noch gezielter und mit intuitiver Pr\u00e4zision mit Projekten zu verbinden.<\/p>\n<p class=\"\" data-start=\"1542\" data-end=\"1910\">CastingTalents.tv wurde 2014 von Aur\u00e9lia Marine gegr\u00fcndet, die \u00fcber viele Jahre hinweg als Casting Director gemeinsam mit ihrem Team zahlreiche erfolgreiche Besetzungen verantwortete. 2025 markiert den Beginn eines neuen Kapitels: Aur\u00e9lia zieht sich aus dem operativen Tagesgesch\u00e4ft zur\u00fcck und bleibt der Agentur k\u00fcnftig als kreative Beraterin und Coach verbunden.<\/p>\n<p class=\"\" data-start=\"1912\" data-end=\"2119\">CastingTalents.tv wird fortan als eigenst\u00e4ndig agierende Castingagentur weitergef\u00fchrt \u2013 getragen von Klarheit, Professionalit\u00e4t und dem Anspruch, pr\u00e4zise Besetzungen mit Wirkung und Tiefe zu realisieren.<\/p>\n<p><strong>References (a selection):<\/strong><\/p>\n<p><strong>Production companies:<\/strong> Zaubergberg Productions, Berlin, FEIT Film, Hillton, Stories, Boom, CZAR, John Allen, Dynamic Frame, C-Films, and many more.<\/p>\n<p><strong>Directors:<\/strong> Jean-Pierre Jeunet, Paolo Sorrentino, Harald Zwart, <span class=\"x1lliihq x1plvlek xryxfnj x1n2onr6 xyejjpt x15dsfln x193iq5w xeuugli x1fj9vlw x13faqbe x1vvkbs x1s928wv xhkezso x1gmr53x x1cpjm7i x1fgarty x1943h6x x1i0vuye xvs91rp xo1l8bm x5n08af x10wh9bi xpm28yp x8viiok x1o7cslx\" dir=\"auto\" style=\"--x---base-line-clamp-line-height: 18px; --x-lineheight: 18px;\"><span class=\"x193iq5w xeuugli x13faqbe x1vvkbs xt0psk2 x1i0vuye xvs91rp xo1l8bm x5n08af x10wh9bi xpm28yp x8viiok x1o7cslx x126k92a\" style=\"line-height: 18px;\">Mark Albiston<\/span><\/span>, Nico Beyer, Henry Rubin, Max Millies, Bj\u00f6rn R\u00fchrmann, Florian Meimberg Jesper Ericstam, Johannes Grebert and more.<\/p>\n<p><strong>Brands:<\/strong> Marriott Hotels, QoQa, Cailler, Swisscom, Migros, Coop, Denner, Volg, Ochsner Sport, Credit Suisse, Cler Bank, Casino Montreux, North Face, IP Suisse, HERo, Ovomaltine, Greenpeace, Casino Z\u00fcrich, UBS, GVB, Die Schweizerische Post, CSS Versicherungen, Sanitas, Migros Bank, Julius B\u00e4r, Samsung, M-Eletronics and more.<\/p>\n<\/div>\n<\/div>\n<div>____________________________________________________________________________________________________________________________________<\/div>\n<div><\/div>\n<div><strong>AUR\u00c9LIA MARINE <\/strong><\/div>\n<div>FOUNDER, CONSULTANT &amp; COACH<\/div>\n<div data-pm-slice=\"1 1 []\" data-en-clipboard=\"true\"><\/div>\n<p class=\"p2\"><img loading=\"lazy\" decoding=\"async\" class=\"wp-image-39685 alignleft\" src=\"https:\/\/castingtalents.tv\/wp-content\/uploads\/2026\/04\/Screenshot-2026-04-21-at-14.35.07-1.png\" alt=\"\" width=\"300\" height=\"401\" \/><span style=\"font-size: 10.0pt; font-family: 'Avenir Light',sans-serif;\">A<\/span><span style=\"font-size: 10.0pt; font-family: 'Avenir Light',sans-serif;\">ur\u00e9lia ist eine Casting-Direktorin, die sich durch ihre kulturelle und emotionale Sensibilit\u00e4t auszeichnet, eine Eigenschaft, die sie durch ihre Erziehung und umfangreiche Erfahrung entwickelt hat. Als Tochter eines franz\u00f6sischen Fernsehregisseurs in Paris geboren, entwickelte Aur\u00e9lia schon in jungen Jahren eine einzigartige Sichtweise auf das Geschichtenerz\u00e4hlen. Ihre Karriere f\u00fchrte sie durch ganz Europa, wobei sie auch l\u00e4ngere Zeit in London lebte und arbeitete, wo sie in die Welt des Castings und des Films eintauchte.<\/span><\/p>\n<p class=\"p2\"><span style=\"font-size: 10.0pt; font-family: 'Avenir Light',sans-serif;\">Mit mehr als 12 Jahren Erfahrung hat Aur\u00e9lia ein tiefes Verst\u00e4ndnis f\u00fcr die Essenz einer Geschichte, kombiniert mit ihrer F\u00e4higkeit, subtile Charakternuancen zu erkennen, was es ihr erm\u00f6glicht, sich die perfekte Besetzung f\u00fcr jedes Projekt vorzustellen. Sie spricht muttersprachlich Franz\u00f6sisch, Deutsch und Schweizerdeutsch, spricht fliessend Englisch und Italienisch und beherrscht Alltags-Spanisch, so dass sie sich in unterschiedlichen kulturellen und sprachlichen Umgebungen zurechtfindet.<\/span><\/p>\n<p class=\"p2\"><span style=\"font-size: 10.0pt; font-family: 'Avenir Light',sans-serif;\">Aur\u00e9lias Engagement f\u00fcr Fairness, Ehrlichkeit und Menschlichkeit sowie ihre Leidenschaft f\u00fcr die K\u00fcnste sind der Antrieb f\u00fcr ihre Arbeit. Sie bietet Regisseuren und Produzenten unsch\u00e4tzbare Unterst\u00fctzung, insbesondere bei der Bew\u00e4ltigung komplexer Casting-Herausforderungen in Bezug auf Potenzial und Authentizit\u00e4t. Ihr Gesp\u00fcr f\u00fcr detaillierte Charaktereigenschaften und die F\u00e4higkeit, sowohl etablierte als auch aufstrebende Talente zu erkennen und sie im richtigen Moment zu positionieren, zeichnet sie in der Branche aus.<\/span><\/p>\n<p class=\"p2\"><span style=\"font-size: 10.0pt; font-family: 'Avenir Light',sans-serif;\">Ihre umfassende internationale Erfahrung und ihr st\u00e4ndiges Engagement, sich in den Bereichen Kunst, Film und Schauspiel weiterzubilden, haben ihre kreative Vision erweitert und verfeinert. Aur\u00e9lias pr\u00e4zise Besetzungsvorschl\u00e4ge und ihr Fachwissen bereichern nicht nur die Erz\u00e4hlung, sondern spielen auch eine entscheidende Rolle f\u00fcr den Erfolg eines Films. Ihre Arbeit wird von der festen \u00dcberzeugung geleitet, dass es f\u00fcr jede Rolle die ideale Besetzung gibt, was sie zu einer unverzichtbaren Bereicherung f\u00fcr jedes erfolgreiche Projekt macht.<\/span><\/p>\n<p class=\"p2\"><em><span style=\"font-size: 10.0pt; font-family: 'Avenir Light',sans-serif;\">\u201eEine gro\u00dfartige Besetzung hinterl\u00e4sst einen bleibenden Eindruck. Ihre Darbietungen bleiben dem Publikum noch lange nach dem Ende des Films im Ged\u00e4chtnis und werden oft zur Ikone.\u201c<\/span><\/em><\/p>\n<h5><strong>Presseartikel<\/strong>:<\/h5>\n<h5><strong>CASTmag<\/strong> Deutschland \/ Print Issue IV\/2021 \/ <a href=\"https:\/\/www.dropbox.com\/scl\/fi\/je7ywytdpn9wzf3h4a168\/castmag_IV_2021-Ausland_AureliaMarine.pdf?rlkey=we8bw3maozpppa50ucdjq7x61&amp;dl=0\">&#8222;DIE CHANCE IM AUSLAND&#8220;.<\/a><\/h5>\n<h5><strong>NZZ<\/strong> \/ PRINT ISSUE 2019 \/ <a href=\"https:\/\/www.dropbox.com\/scl\/fi\/bgs7ax45jofpmshgoc84u\/Seite-54-der-Zeitung-Neue-Z-rcher-Zeitung-vom-Sa-13.07.2019.pdf?rlkey=dd8kr8h2wbwqyu30w5saiewnm&amp;dl=0\">&#8222;DIE FRAU DIE FILMROLLEN EIN GESICHT GIBT&#8220;<\/a><\/h5>\n<h5><strong>PERS\u00d6NLICH MAGAZIN<\/strong> \/ PRINT ISSUE 2018 \/ <a href=\"https:\/\/www.dropbox.com\/scl\/fi\/23riacr9bra36h033q22f\/Persoenlich_aurelia_casting.pdf?rlkey=ytqh3119ekxbqqjyd6duzb597&amp;dl=0\">&#8222;CASTING WIRD BEI UND IMMER NOCH UNTERSCH\u00c4TZT&#8220;<\/a><\/h5>\n<p>____________________________________________________________________________________________________________________________________<\/p>\n<div>\n<div><strong>KALTRINA CARAVAKU<\/strong><\/div>\n<div>CASTING ASSOCIATE ZURICH<\/div>\n<h3><\/h3>\n<\/div>\n<div><\/div>\n<p><img loading=\"lazy\" decoding=\"async\" class=\"size-full wp-image-35362 alignleft\" src=\"https:\/\/castingtalents.tv\/wp-content\/uploads\/2024\/11\/KC-1.png\" alt=\"\" width=\"367\" height=\"487\" \/><span style=\"font-size: 10.0pt; font-family: 'Avenir Light',sans-serif;\"><span style=\"font-size: 10.0pt; font-family: 'Avenir Light',sans-serif;\">Kaltrina ist eine multidisziplin\u00e4re K\u00fcnstlerin, deren Arbeit Performance, visuelle Kunst und Storytelling verbindet. Im Juni 2024 wurde sie von CastingTalents f\u00fcr eine internationale Netflix-Serie gecastet &#8211; eine Begegnung, die eine kreative Verwandtschaft mit Aur\u00e9lia, der Gr\u00fcnderin der Agentur, entstehen lie\u00df. Was als gemeinsame k\u00fcnstlerische Sprache begann, entwickelte sich zu einer beruflichen Partnerschaft: Heute coacht Aur\u00e9lia im Hintergrund, w\u00e4hrend Kaltrina als Casting Associate und Mitgestalterin der n\u00e4chsten Agenturphase in den Vordergrund tritt. <\/span><\/span><\/p>\n<p><span style=\"font-size: 10.0pt; font-family: 'Avenir Light',sans-serif;\"><span style=\"font-size: 10.0pt; font-family: 'Avenir Light',sans-serif;\">Kaltrina f\u00fchlt sich zu Projekten hingezogen, die die Weite widerspiegeln, die sie in sich tr\u00e4gt. Ihre Vorstellung von \u201eZuhause\u201c ist flie\u00dfend \u2013 nicht geografisch definiert, sondern durch R\u00e4ume, in denen Geschichten entstehen und Leben ber\u00fchrt werden k\u00f6nnen. Ihre kreative Bandbreite umfasst Gesang, Tanz, Malerei, Illustration und Design. <\/span><\/span><\/p>\n<p><span style=\"font-size: 10.0pt; font-family: 'Avenir Light',sans-serif;\"><span style=\"font-size: 10.0pt; font-family: 'Avenir Light',sans-serif;\">Mit einem Hintergrund, der k\u00fcnstlerischen Ausdruck mit strategischem Denken verbindet, bringt sie eine einzigartige Perspektive in jede Produktion ein. Nach einer Banklehre bei der UBS \u2013 wo sie eine landesweite Kampagne konzipierte \u2013 arbeitete sie als Finanzberaterin, bevor sie Design Management International studierte. Seitdem widmet sie sich ganz der Kunst. <\/span><\/span><\/p>\n<p><span style=\"font-size: 10.0pt; font-family: 'Avenir Light',sans-serif;\"><span style=\"font-size: 10.0pt; font-family: 'Avenir Light',sans-serif;\"> Zeit in S\u00fcdkalifornien vertieft ihr Gesp\u00fcr f\u00fcr Charakter, Farbe und Emotion. Ihre Arbeit als K\u00fcnstlerin pr\u00e4gt ihren besonderen Zugang zum Casting. Kaltrina spricht f\u00fcnf Sprachen flie\u00dfend und bewegt sich sicher zwischen Intuition und Struktur und wechselt flie\u00dfend zwischen Rollen vor und hinter der Kamera. Sie versteht Storytelling als kuratorischen Akt, der per se interdisziplin\u00e4r ist und das gesamte kreative Gef\u00fcge eines Sets oder einer Produktion umfasst.\u00a0<\/span><\/span><\/p>\n<div><\/div>\n<div>\n<p>_________________________________________________________________________________________________________________________<\/p>\n<\/div>\n<p>_________________________________________________________________________________________________________________________<\/p>\n<div>\n<div><strong>JUDITH SCHWYTER<\/strong><\/div>\n<\/div>\n<div>PR &amp; \u00d6ffentlichkeitsarbeit | CASTING ASSOCIATE BERLIN<\/div>\n<div><\/div>\n<h5><img loading=\"lazy\" decoding=\"async\" class=\"alignleft wp-image-35051 size-full\" src=\"https:\/\/castingtalents.tv\/wp-content\/uploads\/2024\/08\/judith4-1-e1723890803889.jpg\" alt=\"\" width=\"357\" height=\"488\" \/><\/h5>\n<p><span style=\"font-size: 10.0pt; font-family: 'Avenir Light',sans-serif;\">Judith bringt ihre Leidenschaft f\u00fcr Kommunikation und ihr Talent f\u00fcr packendes Storytelling in unser Team ein. Als erfahrene Journalistin, Autorin und Kommunikations\u00adexpertin liebt sie es, neue Perspektiven zu entdecken, Menschen zu verstehen und ihre Geschichten verst\u00e4ndlich, spannend und emotional weiterzuerz\u00e4hlen. Sie bevorzugt kreative L\u00f6sungen und Ver\u00e4nderungen gegen\u00fcber Routinen und festgefahrenen Strukturen und lernt mit Begeisterung immer wieder Neues dazu.<\/span><\/p>\n<p><span style=\"font-size: 10.0pt; font-family: 'Avenir Light',sans-serif;\">Ihre akademische Laufbahn begann mit einem Bachelor in Design an der Z\u00fcrcher Hochschule der K\u00fcnste, gefolgt von einem Master in Kulturjournalismus an der Universit\u00e4t der K\u00fcnste in Berlin. Mit langj\u00e4hriger Erfahrung in der Redaktion und Produktion von Dokumentarfilmen sowie in der \u00d6ffentlichkeitsarbeit f\u00fcr Unternehmen, Stiftungen und NGOs sorgt Judith daf\u00fcr, dass unsere Projekte und Talente die Aufmerksamkeit erhalten, die sie verdienen.<\/span><\/p>\n<p><span style=\"font-size: 10.0pt; font-family: 'Avenir Light',sans-serif;\">In ihrer Rolle als Casting Associate bringt Judith ihre Begeisterung f\u00fcr die Vielfalt menschlicher Geschichten und Charaktere in den Casting-Prozess ein. Sie unterst\u00fctzt uns von Berlin aus bei der Suche nach neuen Talenten und unverwechselbaren Gesichtern, die eine besondere Tiefe und Authentizit\u00e4t in ihren Rollen verk\u00f6rpern.<\/span><\/p>\n<p><span style=\"font-size: 10.0pt; font-family: 'Avenir Light',sans-serif;\">Judith ist besonders fasziniert von Filmen, bei denen die Grenzen zwischen Dokumentarfilm und Fiktion verschwimmen, sowie vom internationalen Autorenfilm, insbesondere aus L\u00e4ndern jenseits des westlichen Blicks.<\/span><\/p>\n<p>____________________________________________________________________________________________________________________________________<\/p>\n<p><strong>Selection of projects: <\/strong><\/p>\n<h5>2025 &#8211; <a href=\"https:\/\/www.imdb.com\/de\/title\/tt31014107\/?ref_=fn_t_1\">NETFLIX \u201eYou and Everything Else\u201c<\/a><br \/>\nInternational K-Drama Series l Production Switzerland: VIVEN AG l Casting for Switzerland for supporting roles and feat. extras.<\/h5>\n<h5>2025 &#8211; CAILLER (TV-Spot) | Production: Zauberberg Productions \/ Feit Film<\/h5>\n<h5>2024 &#8211; AXPO<br \/>\nCommercial | Director: Chehad Abdallah | Casting Director: Aur\u00e9lia Marine<\/h5>\n<h5>2021 &#8211; THE NORTH FACE<br \/>\nBrand Film | Agency: Zauberberg Productions, Berlin | Director: Max Millies | Casting Director: Aur\u00e9lia Marine<\/h5>\n<h5>2020 &#8211; MENSCHEN AM SAMSTAG<br \/>\nShort Film | Director: Jonas Ulrich | Casting Director: Aur\u00e9lia Marine<br \/>\nWon Pardini d\u2019oro 2020 (Best Short Film) at Locarno International Film Festival<\/h5>\n<h5>2019 &#8211; MARRIOTT<br \/>\nGlobal TV-Spot | Director: Jean-Pierre Jeunet | Agency: Independent Media Inc., LA \/ Susanne Preissler | Casting Director: Aur\u00e9lia Marine<\/h5>\n<h5>2017 &#8211; MARGAM<br \/>\nShort Film | Director &amp; Casting Director: Aur\u00e9lia Marine<br \/>\nWon Best Actor @ Sunlight International Film Festival Berlin<\/h5>\n<h5>2014 &#8211; YOUTH<br \/>\nFeature Film | Director: Paolo Sorrentino | Casting Feat.Extras &amp; AD\/Talent Coordination on Set<\/h5>\n<p><img loading=\"lazy\" decoding=\"async\" class=\"aligncenter size-full wp-image-34741\" src=\"https:\/\/castingtalents.tv\/wp-content\/uploads\/2024\/07\/Bild11.png\" alt=\"\" width=\"1042\" height=\"625\" \/><\/p>\n<p>&nbsp;<\/p>\n<p><img loading=\"lazy\" decoding=\"async\" class=\"size-full wp-image-34711 alignleft\" src=\"https:\/\/castingtalents.tv\/wp-content\/uploads\/2024\/07\/nzz4.png\" alt=\"\" width=\"667\" height=\"400\" \/><\/p>\n<p>&nbsp;<\/p>\n<p><img loading=\"lazy\" decoding=\"async\" class=\"size-full wp-image-34703 alignleft\" src=\"https:\/\/castingtalents.tv\/wp-content\/uploads\/2024\/07\/Bild5.png\" alt=\"\" width=\"667\" height=\"400\" \/><\/p>\n<p><img loading=\"lazy\" decoding=\"async\" class=\"size-full wp-image-34700 alignleft\" src=\"https:\/\/castingtalents.tv\/wp-content\/uploads\/2024\/07\/castmag-1.png\" alt=\"\" width=\"667\" height=\"400\" \/><\/p>\n<p>&nbsp;<\/p>\n<p>&nbsp;<\/p>\n<p>&nbsp;<\/p>\n<p>&nbsp;<\/p>\n<p>&nbsp;<\/p>\n<p>&nbsp;<\/p>\n<p>&nbsp;<\/p>\n<p>&nbsp;<\/p>\n<p>&nbsp;<\/p>\n<p>&nbsp;<\/p>\n<p>&nbsp;<\/p>\n<p>&nbsp;<\/p>\n<p>&nbsp;<\/p>\n<p><img loading=\"lazy\" decoding=\"async\" class=\"size-full wp-image-34738 alignleft\" src=\"https:\/\/castingtalents.tv\/wp-content\/uploads\/2024\/07\/Bild10.png\" alt=\"\" width=\"667\" height=\"400\" \/><\/p>\n<p><img loading=\"lazy\" decoding=\"async\" class=\"size-full wp-image-34736 alignleft\" src=\"https:\/\/castingtalents.tv\/wp-content\/uploads\/2024\/07\/Bild9.png\" alt=\"\" width=\"667\" height=\"400\" \/><\/p>\n<p><img loading=\"lazy\" decoding=\"async\" class=\"size-full wp-image-34731 alignleft\" src=\"https:\/\/castingtalents.tv\/wp-content\/uploads\/2024\/07\/Bild-4.png\" alt=\"\" width=\"667\" height=\"400\" \/><\/p>\n<p><img loading=\"lazy\" decoding=\"async\" class=\"size-full wp-image-34734 alignleft\" src=\"https:\/\/castingtalents.tv\/wp-content\/uploads\/2024\/07\/Bild8.png\" alt=\"\" width=\"667\" height=\"400\" \/><\/p>\n","protected":false},"excerpt":{"rendered":"<p>&nbsp; CastingTalents.tv ist eine selektive Casting- und Talentagentur mit Sitz in Z\u00fcrich und kreativer Reichweite nach London, Berlin und Ibiza. Die Agentur blickt auf zehn erfolgreiche Jahre als verl\u00e4sslicher Casting-Partner f\u00fcr Kund:innen weltweit zur\u00fcck. Mit einem fein abgestimmten Gesp\u00fcr f\u00fcr Pr\u00e4senz, Wirkung und Authentizit\u00e4t bringen wir au\u00dfergew\u00f6hnliche Talente mit Projekten zusammen, die kulturelle Relevanz und<a href=\"https:\/\/castingtalents.tv\/de\/about\/\" class=\"btn btn-primary btn-sm more-link\">Continue reading<span class=\"screen-reader-text\"> &#8222;ABOUT | DAS TEAM&#8220;<\/span><\/a><\/p>\n","protected":false},"author":2,"featured_media":34606,"parent":0,"menu_order":0,"comment_status":"closed","ping_status":"closed","template":"","meta":{"_acf_changed":false,"footnotes":""},"class_list":["post-540","page","type-page","status-publish","has-post-thumbnail","hentry"],"acf":[],"_links":{"self":[{"href":"https:\/\/castingtalents.tv\/de\/wp-json\/wp\/v2\/pages\/540\/"}],"collection":[{"href":"https:\/\/castingtalents.tv\/de\/wp-json\/wp\/v2\/pages\/"}],"about":[{"href":"https:\/\/castingtalents.tv\/de\/wp-json\/wp\/v2\/types\/page\/"}],"author":[{"embeddable":true,"href":"https:\/\/castingtalents.tv\/de\/wp-json\/wp\/v2\/users\/2\/"}],"replies":[{"embeddable":true,"href":"https:\/\/castingtalents.tv\/de\/wp-json\/wp\/v2\/comments\/?post=540"}],"version-history":[{"count":168,"href":"https:\/\/castingtalents.tv\/de\/wp-json\/wp\/v2\/pages\/540\/revisions\/"}],"predecessor-version":[{"id":39689,"href":"https:\/\/castingtalents.tv\/de\/wp-json\/wp\/v2\/pages\/540\/revisions\/39689\/"}],"wp:featuredmedia":[{"embeddable":true,"href":"https:\/\/castingtalents.tv\/de\/wp-json\/wp\/v2\/media\/34606\/"}],"wp:attachment":[{"href":"https:\/\/castingtalents.tv\/de\/wp-json\/wp\/v2\/media\/?parent=540"}],"curies":[{"name":"wp","href":"https:\/\/api.w.org\/{rel}","templated":true}]}}